{"id":716,"date":"2014-12-19T22:23:31","date_gmt":"2014-12-19T21:23:31","guid":{"rendered":"http:\/\/os-dragatus.splet.arnes.si\/?page_id=716"},"modified":"2025-01-27T13:45:34","modified_gmt":"2025-01-27T12:45:34","slug":"kam-po-pomoc","status":"publish","type":"page","link":"https:\/\/www.os-dragatus.si\/?page_id=716","title":{"rendered":"Kam po pomo\u010d?"},"content":{"rendered":"<p>Star\u0161i in u\u010denci se lahko po pomo\u010d obrnete na naslednje institucije:<\/p>\n<p><a href=\"https:\/\/www.nijz.si\/sl\/zazivel-nov-telefon-za-psiholosko-podporo-ob-epidemiji-covid-19-080-51-00\" target=\"_blank\" rel=\"noopener noreferrer\">NIJZ &#8211; telefonska \u0161tevilka za psiholo\u0161ko pomo\u010d prebivalcem<\/a>: 080 51 00.<\/p>\n<p><a href=\"https:\/\/svetovalnicacrnomelj.splet.arnes.si\/\" target=\"_blank\" rel=\"noopener noreferrer\">Svetovalnica<br \/>\n<\/a>Ulica Otona \u017dupan\u010di\u010da 7, \u010crnomelj (v stavbi biv\u0161ega dija\u0161kega doma)<\/p>\n<p><a href=\"http:\/\/www.rks.si\/\" target=\"_blank\" rel=\"noopener noreferrer\">Rde\u010di kri\u017e Slovenije<\/a><br \/>\nGlavni odbor Slovenije, Mirje 19, Ljubljana; tel.: (01) 241 43 00<\/p>\n<p><a href=\"http:\/\/www.misss.org\/\" target=\"_blank\" rel=\"noopener noreferrer\">Mladinsko informativno svetovalno sredi\u0161\u010de Slovenije (MISSS)<br \/>\n<\/a>Kunaverjeva 2-4, Ljubljana; tel.: (01) 510 16 75<\/p>\n<p><a href=\"http:\/\/www.posvetovalnica.si\/\" target=\"_blank\" rel=\"noopener noreferrer\">Posvetovalnica za u\u010dence in star\u0161e<br \/>\n<\/a>Novo mesto; tel.: (07) 393 44 20<\/p>\n<p><a href=\"http:\/\/www.scoms-lj.si\/index.html\" target=\"_blank\" rel=\"noopener noreferrer\">Svetovalni center za otroke, mladostnike in star\u0161e<br \/>\n<\/a>Gotska ul. 18, Ljubljana; tel.: (01) 583 75 00<\/p>\n<p><a href=\"http:\/\/www.zd-crnomelj.si\/\" target=\"_blank\" rel=\"noopener noreferrer\"> Zdravstveni dom \u010crnomelj<br \/>\n<\/a>Delavska pot 4; tel.: (07) 306 17 00<\/p>\n<p><a href=\"http:\/\/www.psih-klinika.si\/index.php?id=166\" target=\"_blank\" rel=\"noopener noreferrer\">Klic v du\u0161evni stiski<br \/>\n<\/a>tel.: (01) 520 99 00<\/p>\n<p><a href=\"http:\/\/www.drustvo-sos.si\/\" target=\"_blank\" rel=\"noopener noreferrer\">SOS telefon za \u017ertve nasilja<br \/>\n<\/a>tel.: (080) 11 55<\/p>\n<p><a href=\"http:\/\/www.telefon-samarijan.si\/\" target=\"_blank\" rel=\"noopener noreferrer\"> SAMARIJAN, klic v du\u0161evni stiski<br \/>\n<\/a>(dan in no\u010d, vse dni v letu); tel.: 116 123<\/p>\n<p><a href=\"http:\/\/www.drustvo-up.si\/\" target=\"_blank\" rel=\"noopener noreferrer\">UP, Dru\u0161tvo za pomo\u010d zasvojencem in njihovim svojcem<br \/>\n<\/a>Miklo\u0161i\u010deva 16, Ljubljana; tel.: (01) 434 25 70<\/p>\n<p><a href=\"http:\/\/www.scsd.si\/predstavitev-centra-za-socialno-delo\/items\/crnomelj.html\" target=\"_blank\" rel=\"noopener noreferrer\"> Center za socialno delo \u010crnomelj<br \/>\n<\/a>Ul. 21 oktobra 9, \u010crnomelj; (07) 306 23 60<\/p>\n","protected":false},"excerpt":{"rendered":"<p>Star\u0161i in u\u010denci se lahko po pomo\u010d obrnete na naslednje institucije: NIJZ &#8211; telefonska \u0161tevilka za psiholo\u0161ko pomo\u010d prebivalcem: 080 51 00. Svetovalnica Ulica Otona \u017dupan\u010di\u010da 7, \u010crnomelj (v stavbi biv\u0161ega dija\u0161kega doma) Rde\u010di kri\u017e Slovenije Glavni odbor Slovenije, Mirje 19, Ljubljana; tel.: (01) 241 43 00 Mladinsko informativno svetovalno sredi\u0161\u010de Slovenije (MISSS) Kunaverjeva 2-4, [&hellip;]<\/p>\n","protected":false},"author":1706,"featured_media":0,"parent":0,"menu_order":19,"comment_status":"closed","ping_status":"closed","template":"","meta":{"_et_pb_use_builder":"","_et_pb_old_content":"","_et_gb_content_width":"","ngg_post_thumbnail":0,"footnotes":"","_expiration-date-status":"","_expiration-date":0,"_expiration-date-type":"","_expiration-date-categories":[],"_expiration-date-options":[]},"class_list":["post-716","page","type-page","status-publish","hentry"],"_links":{"self":[{"href":"https:\/\/www.os-dragatus.si\/index.php?rest_route=\/wp\/v2\/pages\/716","targetHints":{"allow":["GET"]}}],"collection":[{"href":"https:\/\/www.os-dragatus.si\/index.php?rest_route=\/wp\/v2\/pages"}],"about":[{"href":"https:\/\/www.os-dragatus.si\/index.php?rest_route=\/wp\/v2\/types\/page"}],"author":[{"embeddable":true,"href":"https:\/\/www.os-dragatus.si\/index.php?rest_route=\/wp\/v2\/users\/1706"}],"replies":[{"embeddable":true,"href":"https:\/\/www.os-dragatus.si\/index.php?rest_route=%2Fwp%2Fv2%2Fcomments&post=716"}],"version-history":[{"count":15,"href":"https:\/\/www.os-dragatus.si\/index.php?rest_route=\/wp\/v2\/pages\/716\/revisions"}],"predecessor-version":[{"id":36988,"href":"https:\/\/www.os-dragatus.si\/index.php?rest_route=\/wp\/v2\/pages\/716\/revisions\/36988"}],"wp:attachment":[{"href":"https:\/\/www.os-dragatus.si\/index.php?rest_route=%2Fwp%2Fv2%2Fmedia&parent=716"}],"curies":[{"name":"wp","href":"https:\/\/api.w.org\/{rel}","templated":true}]}}