{"id":698,"date":"2014-12-19T10:05:20","date_gmt":"2014-12-19T09:05:20","guid":{"rendered":"http:\/\/os-dragatus.splet.arnes.si\/?page_id=698"},"modified":"2025-10-09T13:14:58","modified_gmt":"2025-10-09T11:14:58","slug":"splosne-informacije","status":"publish","type":"page","link":"https:\/\/www.os-dragatus.si\/?page_id=698","title":{"rendered":"Splo\u0161ne informacije"},"content":{"rendered":"<p>Ker bi radi pomagali na\u0161im otrokom, da bi postali odgovorni in neodvisni, moramo u\u010ditelji in star\u0161i dobro sodelovati. Veliko se moramo pogovarjati o otrocih in tudi z njimi samimi, zato je potrebno, da star\u0161i redno prihajate na govorilne ure. Dose\u010di moramo, da se bodo tudi otroci pogovarjali z nami, zato jim moramo povedati tisto, kar si \u017eelijo izvedeti. Z njimi bodimo iskreni in jih pohvalimo, kadar si to zaslu\u017eijo; zaslu\u017eijo pa si velikokrat.<\/p>\n<p>V\u010dasih boste morali sporo\u010diti u\u010ditelju, razredniku ali komu drugemu v \u0161oli pomembno informacijo o otroku. Mogo\u010de boste \u017eeleli kaj vpra\u0161ati, povedati svoje mnenje, se dogovoriti z u\u010diteljem za pogovor, morda boste morali otroku kaj pomembnega sporo\u010diti.<\/p>\n<p>\u010ce bo u\u010ditelj prost, se boste lahko takoj pogovorili z njim, \u010de pa bo v razredu, vam bo \u0161olska tajnica svetovala, kdaj ga lahko pokli\u010dete ali se kako druga\u010de sre\u010date z njim. Vsak u\u010ditelj bo imel enkrat tedensko govorilno uro dopoldan. <span style=\"font-family: verdana,geneva;font-size: 8pt\"><span class=\"style132\"><span class=\"style217\"><br \/>\n<\/span><\/span><\/span><span style=\"font-family: verdana,geneva;font-size: 8pt\"><span class=\"style217\"><span class=\"style132\"><span class=\"style229\" lang=\"SL\"><br \/>\n<\/span><\/span><\/span><\/span><a href=\"http:\/\/www.pisrs.si\/Pis.web\/pregledPredpisa?id=ZAKO448\" target=\"_blank\" rel=\"noopener\">ZAKON O OSNOVNI \u0160OLI<\/a><\/p>\n<p><a href=\"http:\/\/www.pisrs.si\/Pis.web\/pregledPredpisa?id=ZAKO445\" target=\"_blank\" rel=\"noopener\">ZAKON O ORGANIZACIJI IN FINANCIRANJU VZGOJE IN IZOBRA\u017dEVANJA (ZOFVI)<\/a><\/p>\n<p><strong>URADNE URE ZA STAR\u0160E<\/strong> (pisarna)<span lang=\"SL\"><br \/>\n<\/span>vsak delovnik od 6:30 do 8:30 in od 13:00 do 14:00.<\/p>\n<p><span style=\"color: #800000\"><strong><br \/>\nDENARNE ZADEVE<\/strong><\/span><span class=\"style230\"><span class=\"style135\"><span class=\"style131\"><br \/>\n<\/span><\/span><\/span> Denarne zadeve lahko u\u010denci in star\u0161i urejate pri ge. Mateji Kav\u0161ek.<br \/>\nVse denarne obveznosti pla\u010dujete s polo\u017enicami (ali trajnikom).<\/p>\n<p>1. Prevoze in vstopnine na dnevih dejavnosti, ekskurzije.<br \/>\n2. Bivanje in prevoz za \u0161olo v naravi in C\u0160OD (bivanje delno sofinancira ministrstvo).<br \/>\n3. Skupna nabava likovnih pripomo\u010dkov.<br \/>\n4. Nabava materiala in \u017eivil za izdelke, ki jih u\u010denci odnesejo domov oziroma pojedo.<br \/>\n5. Izgubljeni klju\u010d garderobne omarice.<br \/>\n6. Nabava materiala in \u017eivil za izdelke, ki jih u\u010denci odnesejo domov oziroma pojedo.<\/p>\n<p>&nbsp;<\/p>\n<p><span style=\"color: #800000\"><strong>DOPUST U\u010cENCEV<\/strong><\/span><span style=\"font-family: verdana,geneva;font-size: 8pt\"><span class=\"smltxt\"><span class=\"style135\"><br \/>\n<\/span><\/span><\/span>Vsak u\u010denec sme na \u017eeljo star\u0161ev v \u0161olskem leti izostati od pouka pet dni. Dnevi so namenjeni dru\u017einskim dejavnostim. Star\u0161i morajo razrednika o tem obvestiti najmanj tri dni prej. U\u010denci naj ne bi manjkali pri pouku tisti dan, ko je napovedano ocenjevanje znanja.<\/p>\n<p><span style=\"color: #800000\"><strong><br \/>\nKONVENCIJA O OTROKOVIH PRAVICAH <\/strong><\/span><\/p>\n<p><strong>DRU\u017dINA<\/strong><br \/>\nZa otrokov razvoj so v najve\u010dji meri odgovorni star\u0161i, zato je prav, da odra\u0161\u010da v krogu svoje dru\u017eine, v vzdu\u0161ju razumevanja in ljubezni. Vendar povsod ni tako. Veliko otrok je brez star\u0161ev, nekateri star\u0161i zanemarjajo svoje otroke. V takih primerih mora dr\u017eava poskrbeti zanje, nadomestiti jim mora star\u0161evsko skrb. Dr\u017eava mora pomagati tudi dru\u017einam, katerih otroci trpijo pomanjkanje, ker star\u0161i nimajo dovolj sredstev za pre\u017eivetje.<\/p>\n<p><strong>\u0160OLA<\/strong><br \/>\nOtrok ima pravico do brezpla\u010dnega \u0161olanja. Dostopna mu mora biti tako poklicna, kot srednja \u0161ola; \u010de je sposoben, pa lahko nadaljuje \u0161olanje tudi na vi\u0161ji in visoki \u0161oli. \u010ce je uspe\u0161en dijak in \u0161tudent, a nima dovolj sredstev, ga mora dr\u017eava podpreti, tako da mu nudi \u0161tipendijo. V \u0161oli ga morajo vzgajati v duhu razumevanja, miru, strpnosti in prijateljstva, disciplino pa uveljaviti v skladu z njegovim \u010dlove\u0161kim dostojanstvom. Med u\u010diteljem in njim naj vlada obojestransko spo\u0161tovanje in zaupanje.<\/p>\n<p><strong>PROSTI \u010cAS<\/strong><br \/>\nOtrok ima pravico do prostega \u010dasa, do igre in razvedrila, ki je primerno njegovi starosti. Lahko se svobodno izra\u017ea, dru\u017ei z vrstniki, se udele\u017euje kulturnega \u017eivljenja in umetni\u0161kih prireditev. Za\u0161\u010diten je pred ekonomskim izkori\u0161\u010danjem in pred tem, da bi se moral zaposliti, preden bo star toliko, kot za to dolo\u010da zakon. Seveda pa svojih pravic do igre in razvedrila ne sme zlorabljati. Od mladostne objestnosti do nasilja je v\u010dasih le majhen korak.<\/p>\n<p><a href=\"http:\/\/www.sklad-kadri.si\/si\/stipendije\/zois\/\" target=\"_blank\" rel=\"noopener\"> ZOISOVE \u0160TIPENDIJE<\/a><\/p>\n","protected":false},"excerpt":{"rendered":"<p>Ker bi radi pomagali na\u0161im otrokom, da bi postali odgovorni in neodvisni, moramo u\u010ditelji in star\u0161i dobro sodelovati. Veliko se moramo pogovarjati o otrocih in tudi z njimi samimi, zato je potrebno, da star\u0161i redno prihajate na govorilne ure. Dose\u010di moramo, da se bodo tudi otroci pogovarjali z nami, zato jim moramo povedati tisto, kar [&hellip;]<\/p>\n","protected":false},"author":1706,"featured_media":0,"parent":0,"menu_order":44,"comment_status":"closed","ping_status":"closed","template":"","meta":{"_et_pb_use_builder":"","_et_pb_old_content":"","_et_gb_content_width":"","ngg_post_thumbnail":0,"footnotes":"","_expiration-date-status":"","_expiration-date":0,"_expiration-date-type":"","_expiration-date-categories":[],"_expiration-date-options":[]},"class_list":["post-698","page","type-page","status-publish","hentry"],"_links":{"self":[{"href":"https:\/\/www.os-dragatus.si\/index.php?rest_route=\/wp\/v2\/pages\/698","targetHints":{"allow":["GET"]}}],"collection":[{"href":"https:\/\/www.os-dragatus.si\/index.php?rest_route=\/wp\/v2\/pages"}],"about":[{"href":"https:\/\/www.os-dragatus.si\/index.php?rest_route=\/wp\/v2\/types\/page"}],"author":[{"embeddable":true,"href":"https:\/\/www.os-dragatus.si\/index.php?rest_route=\/wp\/v2\/users\/1706"}],"replies":[{"embeddable":true,"href":"https:\/\/www.os-dragatus.si\/index.php?rest_route=%2Fwp%2Fv2%2Fcomments&post=698"}],"version-history":[{"count":15,"href":"https:\/\/www.os-dragatus.si\/index.php?rest_route=\/wp\/v2\/pages\/698\/revisions"}],"predecessor-version":[{"id":39636,"href":"https:\/\/www.os-dragatus.si\/index.php?rest_route=\/wp\/v2\/pages\/698\/revisions\/39636"}],"wp:attachment":[{"href":"https:\/\/www.os-dragatus.si\/index.php?rest_route=%2Fwp%2Fv2%2Fmedia&parent=698"}],"curies":[{"name":"wp","href":"https:\/\/api.w.org\/{rel}","templated":true}]}}