{"id":694,"date":"2014-12-19T10:02:03","date_gmt":"2014-12-19T09:02:03","guid":{"rendered":"http:\/\/os-dragatus.splet.arnes.si\/?page_id=694"},"modified":"2025-10-10T12:12:01","modified_gmt":"2025-10-10T10:12:01","slug":"prehrana","status":"publish","type":"page","link":"https:\/\/www.os-dragatus.si\/?page_id=694","title":{"rendered":"Prehrana"},"content":{"rendered":"<div class=\"rcmBody\">\n<p><span style=\"color: #800000\"><strong>SUBVENCIJA PREHRANE<\/strong><\/span><\/p>\n<p>Upravi\u010denci do subvencije za malico ali kosilo so tisti u\u010denci, ki se redno izobra\u017eujejo, so prijavljeni na malico ali kosilo in po zakonu, ki ureja uveljavljanje pravic iz javnih sredstev, izpolnjujejo naslednje kriterije:<\/p>\n<ul>\n<li>Do popolne subvencije za malico oziroma do brezpla\u010dne malice so upravi\u010deni u\u010denci iz dru\u017ein, v katerih povpre\u010dni mese\u010dni dohodek na osebo, ugotovljen v odlo\u010dbi o otro\u0161kem dodatku, ne presega&nbsp;<strong>652,12 eurov<\/strong>.<\/li>\n<li>Do popolne subvencije za kosilo oziroma do brezpla\u010dnega kosila so upravi\u010deni u\u010denci iz dru\u017ein, v katerih povpre\u010dni mese\u010dni dohodek na osebo, ugotovljen v odlo\u010dbi o otro\u0161kem dodatku, ne presega&nbsp;<strong>442,94 eurov<\/strong>.<\/li>\n<\/ul>\n<p>Subvencija za malico lahko ne glede na zgoraj navedene pogoje dobijo tudi u\u010denci, ki so name\u0161\u010deni v rejni\u0161ko dru\u017eino in u\u010denci, prosilci za azil. U\u010dencem, ki so name\u0161\u010deni v rejni\u0161ko dru\u017eino pripada tudi subvencija za kosilo.<\/p>\n<p>Ve\u010d informacij v zvezi z uveljavljanjem pravice do subvencije malice oziroma kosila u\u010dencev, lahko najdete na spletnih straneh <a href=\"https:\/\/www.gov.si\/drzavni-organi\/ministrstva\/ministrstvo-za-delo-druzino-socialne-zadeve-in-enake-moznosti\/\" target=\"_blank\" rel=\"noopener\">Ministrstva za delo, dru\u017eino, socialne zadeve in enake mo\u017enosti<\/a>.<\/p>\n<p>&nbsp;<\/p>\n<\/div>\n<p><span style=\"color: #800000\"><strong>\u0160OLSKA SHEMA SADJA, ZELENJAVE IN MLEKA<\/strong><\/span><\/p>\n<p><span style=\"font-family: verdana,geneva;font-size: 8pt;color: #000000\"><a href=\"http:\/\/os-dragatus.splet.arnes.si\/files\/2014\/12\/logotip_shema_solsko_sadje_zelenjava.jpg\"><img loading=\"lazy\" decoding=\"async\" class=\"alignnone size-full wp-image-1084\" src=\"http:\/\/os-dragatus.splet.arnes.si\/files\/2014\/12\/logotip_shema_solsko_sadje_zelenjava.jpg\" alt=\"logotip_shema_solsko_sadje_zelenjava\" width=\"418\" height=\"250\" srcset=\"https:\/\/www.os-dragatus.si\/files\/2014\/12\/logotip_shema_solsko_sadje_zelenjava.jpg 418w, https:\/\/www.os-dragatus.si\/files\/2014\/12\/logotip_shema_solsko_sadje_zelenjava-400x239.jpg 400w, https:\/\/www.os-dragatus.si\/files\/2014\/12\/logotip_shema_solsko_sadje_zelenjava-92x55.jpg 92w\" sizes=\"(max-width: 418px) 100vw, 418px\" \/><\/a><\/span><\/p>\n<p align=\"justify\"><b>\u0160OLSKA SHEMA<\/b> je ukrep skupne kmetijske politike in pomeni pomo\u010d za oskrbo s sadjem in zelenjavo ter mlekom in mle\u010dnimi izdelki v izobra\u017eevalnih ustanovah. Izvajati se je za\u010dela v \u0161olskem letu 2017\/2018. Podlaga za njeno na\u010drtno in u\u010dinkovito izvajanje je ta strategija, ki je sprejeta za \u0161estletno obdobje od \u0161olskega leta 2017\/2018 do \u0161olskega leta 2022\/2023. Strategijo je pripravila medresorska delovna skupina na Ministrstvu za kmetijstvo, gozdarstvo in prehrano.<\/p>\n<p align=\"justify\">V \u0161olski shemi se otrokom v osnovni \u0161oli brezpla\u010dno razdeljuje dodaten obrok sadja in zelenjave oziroma mleka in mle\u010dnih izdelkov ter se jih skozi razli\u010dne dejavnosti spremljevalnih izobra\u017eevalnih ukrepov povezuje s kmetijstvom, izobra\u017euje o zdravih prehranskih navadah, lokalnih prehranskih verigah, ekolo\u0161kemu kmetovanju, trajnostni pridelavi in prepre\u010devanju zavr\u017ekov hrane. \u0160olska shema vklju\u010duje tudi spremljanje in vrednotenje u\u010dinkov sheme ter obve\u0161\u010danje javnosti.<\/p>\n<p align=\"justify\">Izbor upravi\u010denih kmetijskih proizvodov in \u017eivil v \u0161olski shemi je razdeljen na \u00bb\u0161olsko sadje in zelenjavo\u00ab ter \u00bb\u0161olsko mleko\u00ab, na ta na\u010din je razdeljeno tudi financiranje. Ve\u010dinski dele\u017e financiranja se zagotovi iz prora\u010duna Evropske unije, preostali dele\u017e iz prora\u010duna Republike Slovenije.<\/p>\n<p align=\"justify\">\u0160ola se vsako leto prijavi v \u0161olsko shemo. Vsaka \u0161ola si sama izbere dobavitelja v skladu z Zakonom o javnem naro\u010danju \u2013 ZJN-3 (Uradni list RS, \u0161t. 91\/15 in 14\/18) in pri tem posku\u0161a \u010dim bolj uveljavljati na\u010delo kratkih dobavnih verig.<\/p>\n<p align=\"justify\">\u0160ola mora izvajati tudi spremljevalne izobra\u017eevalne dejavnosti.<\/p>\n<p align=\"justify\">Ve\u010d si lahko preberete na povezavah:<\/p>\n<p><a href=\"https:\/\/www.gov.si\/teme\/solska-shema-sadja-zelenjave-in-mleka\/\" target=\"_blank\" rel=\"noopener\">https:\/\/www.gov.si\/teme\/solska-shema-sadja-zelenjave-in-mleka\/<\/a><\/p>\n<p align=\"justify\">Na \u0161oli razdeljujemo sadje in zelenjavo ter mleko in mle\u010dne izdelke. Sadje in zelenjavo bomo razdeljevali predvidoma 1 krat na teden (pogosteje v \u010dasu sezonskega sadja), mleko in mle\u010dne izdelke pa 1 do 2 krat na mesec.<\/p>\n<p><span style=\"font-family: verdana,geneva;font-size: 8pt;color: #800000\"><strong><br \/>\n<\/strong><\/span><span style=\"color: #800000\"><strong>SPLO\u0160NE INFORMACIJE O PREHRANI<\/strong><\/span><\/p>\n<p>Prehrana in na\u010din \u017eivljenja pomembno vplivata na na\u0161e zdravje in po\u010dutje. Zdrava prehrana je \u0161e posebej pomembna v obdobju odra\u0161\u010danja. \u0160ola organizira za u\u010dence dopoldansko malico, kosilo in popoldansko malico. Dopoldanska malica je organizirana za vse u\u010dence, naloga star\u0161ev pa je, da otroka navajajo na zajtrk pred odhodom v \u0161olo. Vsi obroki so postre\u017eeni v \u0161olski jedilnici (razen 3. in 4. razred), kjer u\u010dence navajamo na kulturo prehranjevanja. U\u010dence spremlja in usmerja pri prehranjevanju de\u017eurni u\u010ditelj.<\/p>\n<p>Pri pripravi \u0161olske prehrane upo\u0161tevamo smernice zdravega prehranjevanja v vzgojno-izobra\u017eevalnih ustanovah. Pozornost \u017eelimo nameniti kvalitetni pripravi obrokov in sestavi jedilnikov. Po Pravilniku o kvaliteti in kakovosti hrane skrbimo za notranji in zunanji nadzor s smernicami HACCAP-sistema, Zakona o \u0161olski prehrani in Pravil \u0161olske prehrane. Ceno malice s sklepom dolo\u010di minister, pristojen za izobra\u017eevanje, ceno ostalih obrokov dolo\u010di \u0161ola.<\/p>\n<p>Dejavnosti, s katerimi vzpodbujamo zdravo prehranjevanje in kulturo prehranjevanja na na\u0161i \u0161oli so: izvedli bomo vseslovenski projekt Tradicionalni slovenski zajtrk (november), ki se izvaja z namenom, da otrokom predstavljamo pomen kmetijstva in \u010debelarstva ter jih spodbujamo k pravilni in zdravi prehrani, \u0161ola je vklju\u010dena v projekt Shema \u0161olskega sadja in zelenjave, pri pouku gospodinjstva in RU se bomo z u\u010denci pogovarjali o zdravem prehranjevanju, kulturi prehranjevanja in izdelali plakat na temo Sadje in zelenjava.<\/p>\n<p>Skladno s \u010detrtim \u010dlenom Zakona o \u0161olski prehrani in navodili, prejetimi s strani Ministrstva za \u0161olstvo in \u0161port, bomo v tem \u0161olskem letu ponudili u\u010dencem \u0161olsko malico v povpre\u010dni vrednosti 1,1\u20ac&nbsp; na dan. Malica za u\u010dence od 1. do 5. razreda bo po 2. \u0161olski uri, malica za u\u010dence od 6. do 9. razreda pa po 3. \u0161olski uri.<\/p>\n<p>Poleg malice se u\u010denci (star\u0161i) lahko odlo\u010dijo tudi za kosilo ali popoldansko malico, ki bo za u\u010dence od 1. do 5. razreda 6. \u0161olsko uro, za ostale u\u010dence pa po 6. \u0161olski uri.<\/p>\n<p>Stro\u0161ke prehrane je potrebno poravnati do roka, ozna\u010denega na polo\u017enici.<\/p>\n<p align=\"justify\">Star\u0161i u\u010dencev na koncu \u0161olskega leta (junij) podpi\u0161ete pogodbo <a href=\"https:\/\/www.os-dragatus.si\/files\/2025\/10\/pogodba-prehrana-2526.docx\" target=\"_blank\" rel=\"noopener\">prijava u\u010denca na \u0161olsko prehrano<\/a>, v kateri izberete obroke prehrane, ki jih bo imel va\u0161 otrok v naslednjem \u0161olskem letu. Na voljo je malica, kosilo, sadna malica in popoldanska malica. Predvsem star\u0161i u\u010dencev prve triade se posvetujte z razredniki glede smiselnosti izbire posameznih obrokov. Z na\u0161e strani si lahko prenesete tudi <a href=\"https:\/\/www.os-dragatus.si\/files\/2025\/10\/obrazec-sprememba-obroka-2526.docx\" target=\"_blank\" rel=\"noopener\"><span style=\"color: #0000ff\"><u>obrazec<\/u><\/span><\/a>, s katerim lahko kadar koli spremenite prijavo na \u0161olsko prehrano. Sprememba bo pri\u010dela veljati <b>s prvim dnem pouka v naslednjem mesecu<\/b>!<\/p>\n<p>Malico lahko odjavite preko&nbsp;<a href=\"http:\/\/docs.google.com\/forms\/d\/1BV9hMDZGodNNgzpM9PB_KBPY2mLTilnFyVJz6UWsIkE\/viewform?embedded=true%22%20width=%22760%22%20height=%22500%22%20frameborder=%220%22%20marginheight=%220%22%20marginwidth=%220%22%3ENalaganje%20...%3C\/iframe%3E\">spletnega obrazca<\/a>&nbsp;ali na telefonsko \u0161tevilko (07) 30 57 810 <strong>do 8.00 teko\u010dega<\/strong> dneva. <strong>Odjava nesubvencionirane prehrane velja od naslednjega dneva, odjava subvencionirane prehrane pa velja za teko\u010di dan. Nepravo\u010dasno odjavljene obroke so star\u0161i dol\u017eni pla\u010dati (Pravila o \u0161olski prehrani).<\/strong><\/p>\n<p><strong>Na&nbsp;prvi dan odjave&nbsp;<\/strong>(odjava&nbsp;do 8.00), lahko star\u0161i, katerih otrok nima subvencionirane prehrane, <strong>prevzamejo prijavljene obroke<\/strong> <strong>med 11.30 in 12.00<\/strong> v \u0161olski kuhinji (zunanji vhod).<\/p>\n<p><strong>Obvezno&nbsp;naj star\u0161i oz. skrbniki pri odjavi obroka sporo\u010dijo, da bodo obrok prevzeli. V nasprotnem primeru, obrok ne bo pripravljen. S seboj naj prinesejo primerno posodo. Po prevzemu star\u0161i odgovarjajo za hrambo prevzetega obroka.<\/strong><\/p>\n<p><span style=\"color: #800000\"><strong>CENIK PREHRANE V \u0160OLSKEM LETU 2025\/2026<br \/>\n<\/strong><\/span><\/p>\n<table class=\"style233\" style=\"width: 50%;border: 0px solid #000000;height: 138px\" cellspacing=\"0\" cellpadding=\"2\">\n<tbody>\n<tr style=\"height: 23px\">\n<td style=\"height: 23px\" colspan=\"2\"><strong>VRSTA OBROKA<\/strong><\/td>\n<td style=\"height: 23px\" colspan=\"2\"><strong>CENA<\/strong><\/td>\n<\/tr>\n<tr class=\"style230\" style=\"height: 23px\">\n<td style=\"height: 23px\" colspan=\"2\">dopoldanska malica<\/td>\n<td style=\"height: 23px\" colspan=\"2\">1,10 \u20ac<\/td>\n<\/tr>\n<tr class=\"style230\" style=\"height: 23px\">\n<td style=\"height: 23px\" colspan=\"2\">kosilo (1. &#8211; 2. r.)<\/td>\n<td style=\"height: 23px\" colspan=\"2\">2,00 \u20ac<\/td>\n<\/tr>\n<tr class=\"style230\" style=\"height: 23px\">\n<td style=\"height: 23px\" colspan=\"2\">kosilo (3. &#8211; 5. r.)<\/td>\n<td style=\"height: 23px\" colspan=\"2\">2,30 \u20ac<\/td>\n<\/tr>\n<tr class=\"style230\" style=\"height: 23px\">\n<td style=\"height: 23px\" colspan=\"2\">kosilo (6. &#8211; 9. r.)<\/td>\n<td style=\"height: 23px\" colspan=\"2\">2,60 \u20ac<\/td>\n<\/tr>\n<tr style=\"height: 23px\">\n<td style=\"height: 23px\" colspan=\"2\">popoldanska malica<\/td>\n<td style=\"height: 23px\" colspan=\"2\">0,90 \u20ac<\/td>\n<\/tr>\n<\/tbody>\n<\/table>\n<p>&nbsp;<\/p>\n","protected":false},"excerpt":{"rendered":"<p>SUBVENCIJA PREHRANE Upravi\u010denci do subvencije za malico ali kosilo so tisti u\u010denci, ki se redno izobra\u017eujejo, so prijavljeni na malico ali kosilo in po zakonu, ki ureja uveljavljanje pravic iz javnih sredstev, izpolnjujejo naslednje kriterije: Do popolne subvencije za malico oziroma do brezpla\u010dne malice so upravi\u010deni u\u010denci iz dru\u017ein, v katerih povpre\u010dni mese\u010dni dohodek na [&hellip;]<\/p>\n","protected":false},"author":1706,"featured_media":0,"parent":0,"menu_order":35,"comment_status":"closed","ping_status":"closed","template":"","meta":{"_et_pb_use_builder":"","_et_pb_old_content":"","_et_gb_content_width":"","ngg_post_thumbnail":0,"footnotes":"","_expiration-date-status":"","_expiration-date":0,"_expiration-date-type":"","_expiration-date-categories":[],"_expiration-date-options":[]},"class_list":["post-694","page","type-page","status-publish","hentry"],"_links":{"self":[{"href":"https:\/\/www.os-dragatus.si\/index.php?rest_route=\/wp\/v2\/pages\/694","targetHints":{"allow":["GET"]}}],"collection":[{"href":"https:\/\/www.os-dragatus.si\/index.php?rest_route=\/wp\/v2\/pages"}],"about":[{"href":"https:\/\/www.os-dragatus.si\/index.php?rest_route=\/wp\/v2\/types\/page"}],"author":[{"embeddable":true,"href":"https:\/\/www.os-dragatus.si\/index.php?rest_route=\/wp\/v2\/users\/1706"}],"replies":[{"embeddable":true,"href":"https:\/\/www.os-dragatus.si\/index.php?rest_route=%2Fwp%2Fv2%2Fcomments&post=694"}],"version-history":[{"count":15,"href":"https:\/\/www.os-dragatus.si\/index.php?rest_route=\/wp\/v2\/pages\/694\/revisions"}],"predecessor-version":[{"id":39661,"href":"https:\/\/www.os-dragatus.si\/index.php?rest_route=\/wp\/v2\/pages\/694\/revisions\/39661"}],"wp:attachment":[{"href":"https:\/\/www.os-dragatus.si\/index.php?rest_route=%2Fwp%2Fv2%2Fmedia&parent=694"}],"curies":[{"name":"wp","href":"https:\/\/api.w.org\/{rel}","templated":true}]}}