{"id":690,"date":"2014-12-19T09:47:08","date_gmt":"2014-12-19T08:47:08","guid":{"rendered":"http:\/\/os-dragatus.splet.arnes.si\/?page_id=690"},"modified":"2025-10-21T07:13:34","modified_gmt":"2025-10-21T05:13:34","slug":"datumi-preverjanja-znanja","status":"publish","type":"page","link":"https:\/\/www.os-dragatus.si\/?page_id=690","title":{"rendered":"Datumi preverjanja in ocenjevanja znanja"},"content":{"rendered":"<p><span style=\"color: #993300\"><strong><a href=\"http:\/\/os-dragatus.splet.arnes.si\/files\/2016\/03\/preverjanje-znanja.jpg\"><img loading=\"lazy\" decoding=\"async\" class=\"alignnone wp-image-10986\" src=\"http:\/\/os-dragatus.splet.arnes.si\/files\/2016\/03\/preverjanje-znanja.jpg\" alt=\"preverjanje-znanja\" width=\"463\" height=\"270\" srcset=\"https:\/\/www.os-dragatus.si\/files\/2016\/03\/preverjanje-znanja.jpg 1024w, https:\/\/www.os-dragatus.si\/files\/2016\/03\/preverjanje-znanja-400x233.jpg 400w, https:\/\/www.os-dragatus.si\/files\/2016\/03\/preverjanje-znanja-800x466.jpg 800w, https:\/\/www.os-dragatus.si\/files\/2016\/03\/preverjanje-znanja-94x55.jpg 94w, https:\/\/www.os-dragatus.si\/files\/2016\/03\/preverjanje-znanja-470x274.jpg 470w\" sizes=\"(max-width: 463px) 100vw, 463px\" \/><\/a><br \/>\n<\/strong><\/span><\/p>\n<p>Datumi ocenjevanj so lahko napa\u010dni, \u010de o spremembi ni bil obve\u0161\u010den ra\u010dunalnikar. O spremembi datumov so obve\u0161\u010deni u\u010denci v \u0161oli in so zavedeni v e-Asistentu.<\/p>\n<p><span style=\"color: #993300\"><strong>1. razred<\/strong><\/span><\/p>\n<p>&nbsp;<\/p>\n<hr \/>\n<p><span style=\"color: #993300\"><strong>2. razred<br \/>\n<\/strong><\/span><\/p>\n<p>&nbsp;<\/p>\n<hr \/>\n<p><span style=\"color: #993300\"><strong>3. razred<\/strong><\/span><\/p>\n<p>&nbsp;<\/p>\n<hr \/>\n<p><span style=\"color: #800000\"><strong>4. razred<\/strong><\/span><\/p>\n<p><strong>Angle\u0161\u010dina (TJA)<br \/>\n<\/strong>Preverjanje: 15. 10. 2025<\/p>\n<p>Ocenjevanje: 22. 10. 2025<\/p>\n<hr \/>\n<p><span style=\"color: #800000\"><strong>5. razred<\/strong><\/span><\/p>\n<p>&nbsp;<\/p>\n<hr \/>\n<p><span style=\"color: #800000\"><strong>6. razred<\/strong><\/span><\/p>\n<p><strong>Zgodovina (ZGO)<br \/>\n<\/strong>Preverjanje: 20. 10. 2025<\/p>\n<p>Ocenjevanje: 22. 10. 2025<\/p>\n<p><strong>Matematika (MAT)<br \/>\n<\/strong>Preverjanje: 16. 10. 2025<\/p>\n<p>Ocenjevanje: 23. 10. 2025<\/p>\n<p><strong>Sloven\u0161\u010dina (SLJ)<br \/>\n<\/strong>Preverjanje: 4. 11. 2025<\/p>\n<p>Ocenjevanje: 7. 11. 2025<\/p>\n<hr \/>\n<p><span style=\"color: #800000\"><strong>7. razred<\/strong><\/span><\/p>\n<p><strong>Matematika (MAT)<br \/>\n<\/strong>Preverjanje: 16. 10. 2025<\/p>\n<p>Ocenjevanje: 23. 10. 2025<\/p>\n<p><strong>Sloven\u0161\u010dina (SLJ)<br \/>\n<\/strong>Preverjanje: 2. 12. 2025<\/p>\n<p>Ocenjevanje: 9. 12. 2025<\/p>\n<hr \/>\n<p><span style=\"color: #800000\"><strong>8. razred<\/strong><\/span><\/p>\n<p><strong>Matematika (MAT)<br \/>\n<\/strong>Preverjanje: 16. 10. 2025<\/p>\n<p>Ocenjevanje: 23. 10. 2025<\/p>\n<p><strong>Sloven\u0161\u010dina (SLJ)<br \/>\n<\/strong>Preverjanje: 2. 12. 2025<\/p>\n<p>Ocenjevanje: 9. 12. 2025<\/p>\n<p><strong>Kemija (KEM)<br \/>\n<\/strong>Preverjanje: 5. 12. 2025<\/p>\n<p>Ocenjevanje: 12. 12. 2025<\/p>\n<hr \/>\n<p><span style=\"color: #800000\"><strong>9. razred<\/strong><\/span><\/p>\n<p><strong>Matematika (MAT)<br \/>\n<\/strong>Preverjanje: 16. 10. 2025<\/p>\n<p>Ocenjevanje: 23. 10. 2025<\/p>\n<p><strong>Sloven\u0161\u010dina (SLJ)<br \/>\n<\/strong>Preverjanje: 3. 11. 2025<\/p>\n<p>Ocenjevanje: 6. 11. 2025<\/p>\n<p><strong>Geografija (GEO)<br \/>\n<\/strong>Preverjanje: 6. 11. 2025<\/p>\n<p>Ocenjevanje: 10. 11. 2025<\/p>\n","protected":false},"excerpt":{"rendered":"<p>Datumi ocenjevanj so lahko napa\u010dni, \u010de o spremembi ni bil obve\u0161\u010den ra\u010dunalnikar. O spremembi datumov so obve\u0161\u010deni u\u010denci v \u0161oli in so zavedeni v e-Asistentu. 1. razred &nbsp; 2. razred &nbsp; 3. razred &nbsp; 4. razred Angle\u0161\u010dina (TJA) Preverjanje: 15. 10. 2025 Ocenjevanje: 22. 10. 2025 5. razred &nbsp; 6. razred Zgodovina (ZGO) Preverjanje: 20. [&hellip;]<\/p>\n","protected":false},"author":1706,"featured_media":0,"parent":0,"menu_order":9,"comment_status":"closed","ping_status":"closed","template":"","meta":{"_et_pb_use_builder":"","_et_pb_old_content":"","_et_gb_content_width":"","ngg_post_thumbnail":0,"footnotes":"","_expiration-date-status":"","_expiration-date":0,"_expiration-date-type":"","_expiration-date-categories":[],"_expiration-date-options":[]},"class_list":["post-690","page","type-page","status-publish","hentry"],"_links":{"self":[{"href":"https:\/\/www.os-dragatus.si\/index.php?rest_route=\/wp\/v2\/pages\/690","targetHints":{"allow":["GET"]}}],"collection":[{"href":"https:\/\/www.os-dragatus.si\/index.php?rest_route=\/wp\/v2\/pages"}],"about":[{"href":"https:\/\/www.os-dragatus.si\/index.php?rest_route=\/wp\/v2\/types\/page"}],"author":[{"embeddable":true,"href":"https:\/\/www.os-dragatus.si\/index.php?rest_route=\/wp\/v2\/users\/1706"}],"replies":[{"embeddable":true,"href":"https:\/\/www.os-dragatus.si\/index.php?rest_route=%2Fwp%2Fv2%2Fcomments&post=690"}],"version-history":[{"count":16,"href":"https:\/\/www.os-dragatus.si\/index.php?rest_route=\/wp\/v2\/pages\/690\/revisions"}],"predecessor-version":[{"id":39856,"href":"https:\/\/www.os-dragatus.si\/index.php?rest_route=\/wp\/v2\/pages\/690\/revisions\/39856"}],"wp:attachment":[{"href":"https:\/\/www.os-dragatus.si\/index.php?rest_route=%2Fwp%2Fv2%2Fmedia&parent=690"}],"curies":[{"name":"wp","href":"https:\/\/api.w.org\/{rel}","templated":true}]}}