{"id":667,"date":"2014-12-19T09:05:24","date_gmt":"2014-12-19T08:05:24","guid":{"rendered":"http:\/\/os-dragatus.splet.arnes.si\/?page_id=667"},"modified":"2024-09-20T08:05:50","modified_gmt":"2024-09-20T06:05:50","slug":"sport","status":"publish","type":"page","link":"https:\/\/www.os-dragatus.si\/?page_id=667","title":{"rendered":"\u0160port"},"content":{"rendered":"<p>V \u0161olskem letu 2024\/2025 bomo izvajali naslednje \u0161portne aktivnosti:<\/p>\n<p>1) REDNE URE \u0160PORTNE VZGOJE (VSI ODDELKI)<br \/>\n2) IZBIRNI PREDMETI: \u0160PORT ZA ZDRAVJE, \u0160PORT ZA SPROSTITEV, IZBRANI \u0160PORT<br \/>\n3) NEOBVEZNI IZBIRNI PREDMET: \u0160PORT (4., 5., 6.&nbsp; RAZRED)<br \/>\n4) <a title=\"Dnevi dejavnosti\" href=\"http:\/\/os-dragatus.splet.arnes.si\/?page_id=657\">\u0160PORTNI DNEVI<\/a> (VSI ODDELKI)<br \/>\n<span style=\"font-family: verdana,geneva;font-size: 8pt\"><strong><br \/>\n<\/strong><\/span><span style=\"color: #008000\"><strong>REKREATIVNI ODMOR<\/strong><\/span> : vsak \u0161olski dan imajo na\u0161i u\u010denci dva rekreativna odmore; prvi je v \u010dasu drugega odmora (9.05 &#8211; 9.25) in je namenjen u\u010dencem od 6. do 9. razreda, drugi pa je v \u010dasu tretjega odmora (10.10 &#8211; 10.30) in je namenjen u\u010dencem od 1. do 5. razreda. Med dejavnostmi prevladujejo ko\u0161arka, odbojka, nogomet in igre na prostem.<\/p>\n<p><span style=\"color: #008000\"><strong>PLAVALNI TE\u010cAJ<\/strong><\/span> : star\u0161em u\u010dencev <strong>3. razreda<\/strong> bomo ponudili mo\u017enost 20-urnega plavalnega te\u010daja za njihove otroke. Te\u010daj plavanja bo potekal v bazenu v \u010ce\u0161\u010di vasi.<\/p>\n<p><strong><span style=\"color: #008000\">\u0160PORTNI KARTON<\/span><\/strong> : od \u0161olskega leta 1986\/1987 sodelujemo v akciji &#8220;\u0160portni karton&#8221;; meritve izvajamo meseca aprila na \u0161oli in na stadionu v \u010crnomlju. Star\u0161i si lahko tukaj prenesete <a href=\"http:\/\/os-dragatus.splet.arnes.si\/files\/2018\/09\/soglasje-SVK-2018.pdf\" target=\"_blank\" rel=\"noopener\">obrazec<\/a> za soglasje za sodelovanje v \u0160portnem kartonu. Ve\u010d informacij najdete na samem obrazcu.<br \/>\nOd \u0161olskega&nbsp; leta 2022\/2023 izvajamo meritve v okviru SLOfit. <a href=\"https:\/\/www.slofit.org\/o-slofit\" target=\"_blank\" rel=\"noopener\">Ve\u010d informacij<\/a>.<\/p>\n<p><span style=\"color: #008000\"><strong>\u0160OLA V NARAVI<\/strong><\/span> : v tem \u0161olskem letu je predvidena poletna \u0161ola v naravi za 3. in 4. razred ter \u0161ola v naravi za 9. razred.<\/p>\n<p><span style=\"color: #008000\"><strong>INTERESNE DEJAVNOSTI<\/strong><\/span> : interesne dejavnosti s \u0161portno vsebino bodo oz. so razvidne iz <a title=\"Interesne dejavnosti\" href=\"http:\/\/os-dragatus.splet.arnes.si\/?page_id=659\">seznama<\/a> interesnih dejavnosti.<\/p>\n<p><a href=\"https:\/\/www.gov.si\/assets\/ministrstva\/MIZS\/Dokumenti\/Osnovna-sola\/Ucni-nacrti\/Drugi-konceptualni-dokumenti\/Interesne_dejavnosti.pdf\" target=\"_blank\" rel=\"noopener\">Koncept interesnih dejavnosti&#8230;<\/a><\/p>\n<p><span style=\"color: #800000\"><strong>\u0160OLSKI ATLETSKI REKORDI<\/strong> <\/span><\/p>\n<p><span style=\"color: #008000\"><strong><span lang=\"sl\">TROSKOK Z MESTA<\/span><\/strong><\/span><\/p>\n<table style=\"height: 163px;width: 100%\" border=\"0\" width=\"677\">\n<tbody>\n<tr>\n<td style=\"text-align: center\" rowspan=\"2\"><strong>razred<\/strong><\/td>\n<td style=\"text-align: center\" colspan=\"2\"><strong>U\u010cENCI<\/strong><\/td>\n<td style=\"text-align: center\" colspan=\"2\"><strong>U\u010cENKE<\/strong><\/td>\n<\/tr>\n<tr>\n<td style=\"text-align: center\"><strong>\u0161olsko leto<\/strong><\/td>\n<td style=\"text-align: center\"><strong>rezultat<\/strong><\/td>\n<td style=\"text-align: center\"><strong>\u0161olsko leto<\/strong><\/td>\n<td style=\"text-align: center\"><strong>rezultat<\/strong><\/td>\n<\/tr>\n<tr>\n<td align=\"center\" valign=\"middle\">5.<\/td>\n<td align=\"center\" valign=\"middle\">98\/99<\/td>\n<td align=\"center\" valign=\"middle\">660 cm<\/td>\n<td align=\"center\" valign=\"middle\">09\/10<\/td>\n<td align=\"center\" valign=\"middle\">631 cm<\/td>\n<\/tr>\n<tr>\n<td align=\"center\" valign=\"middle\">6.<\/td>\n<td align=\"center\" valign=\"middle\">99\/00<\/td>\n<td align=\"center\" valign=\"middle\">683 cm<\/td>\n<td align=\"center\" valign=\"middle\">13\/14<\/td>\n<td align=\"center\" valign=\"middle\">647 cm<\/td>\n<\/tr>\n<tr>\n<td align=\"center\" valign=\"middle\">7.<\/td>\n<td align=\"center\" valign=\"middle\">05\/06<\/td>\n<td align=\"center\" valign=\"middle\">703 cm<\/td>\n<td align=\"center\" valign=\"middle\">07\/08<\/td>\n<td align=\"center\" valign=\"middle\">651 cm<\/td>\n<\/tr>\n<tr>\n<td align=\"center\" valign=\"middle\">8.<\/td>\n<td align=\"center\" valign=\"middle\">90\/91<\/td>\n<td align=\"center\" valign=\"middle\">743 cm<\/td>\n<td align=\"center\" valign=\"middle\">05\/06<\/td>\n<td align=\"center\" valign=\"middle\"><strong>713 cm<\/strong><\/td>\n<\/tr>\n<tr>\n<td align=\"center\" valign=\"middle\">9.<\/td>\n<td align=\"center\" valign=\"middle\">91\/92<\/td>\n<td align=\"center\" valign=\"middle\"><strong>816 cm<\/strong><\/td>\n<td align=\"center\" valign=\"middle\">91\/92<\/td>\n<td align=\"center\" valign=\"middle\">639 cm<\/td>\n<\/tr>\n<\/tbody>\n<\/table>\n<p><span style=\"color: #008000\"><strong>SKOK V VI\u0160INO<\/strong><\/span><\/p>\n<table style=\"height: 163px;width: 100%\" border=\"0\" width=\"688\">\n<tbody>\n<tr>\n<td style=\"text-align: center\" rowspan=\"2\"><strong>razred<\/strong><\/td>\n<td style=\"text-align: center\" colspan=\"2\"><strong>U\u010cENCI<\/strong><\/td>\n<td style=\"text-align: center\" colspan=\"2\"><strong>U\u010cENKE<\/strong><\/td>\n<\/tr>\n<tr>\n<td style=\"text-align: center\"><strong>\u0161olsko leto<\/strong><\/td>\n<td style=\"text-align: center\"><strong>rezultat<\/strong><\/td>\n<td style=\"text-align: center\"><strong>\u0161olsko leto<\/strong><\/td>\n<td style=\"text-align: center\"><strong>rezultat<\/strong><\/td>\n<\/tr>\n<tr>\n<td style=\"text-align: center\">5.<\/td>\n<td style=\"text-align: center\">87\/88<\/td>\n<td style=\"text-align: center\">123 cm<\/td>\n<td style=\"text-align: center\">87\/88<\/td>\n<td style=\"text-align: center\">117 cm<\/td>\n<\/tr>\n<tr>\n<td style=\"text-align: center\">6.<\/td>\n<td style=\"text-align: center\">02\/03<\/td>\n<td style=\"text-align: center\">125 cm<\/td>\n<td style=\"text-align: center\">97\/98<\/td>\n<td style=\"text-align: center\">125 cm<\/td>\n<\/tr>\n<tr>\n<td style=\"text-align: center\">7.<\/td>\n<td style=\"text-align: center\">90\/91<\/td>\n<td style=\"text-align: center\">140 cm<\/td>\n<td style=\"text-align: center\">18\/19<\/td>\n<td style=\"text-align: center\"><strong>145 cm<\/strong><\/td>\n<\/tr>\n<tr>\n<td style=\"text-align: center\">8.<\/td>\n<td style=\"text-align: center\">13\/14<\/td>\n<td style=\"text-align: center\">150 cm<\/td>\n<td style=\"text-align: center\">90\/91<\/td>\n<td style=\"text-align: center\">130 cm<\/td>\n<\/tr>\n<tr>\n<td style=\"text-align: center\">9.<\/td>\n<td style=\"text-align: center\">14\/15<\/td>\n<td style=\"text-align: center\"><strong>161 cm<\/strong><\/td>\n<td style=\"text-align: center\">00\/01<\/td>\n<td style=\"text-align: center\">135 cm<\/td>\n<\/tr>\n<\/tbody>\n<\/table>\n<p><span style=\"color: #008000\"><strong>MET \u017dOGICE &#8211; VORTEXA<br \/>\n<\/strong><\/span><\/p>\n<table style=\"width: 100%\" border=\"0\">\n<tbody>\n<tr>\n<td style=\"text-align: center\" rowspan=\"2\"><strong>razred<\/strong><\/td>\n<td style=\"text-align: center\" colspan=\"2\"><strong>U\u010cENCI<\/strong><\/td>\n<td style=\"text-align: center\" colspan=\"2\"><strong>U\u010cENKE<\/strong><\/td>\n<\/tr>\n<tr>\n<td style=\"text-align: center\"><strong>\u0161olsko leto<\/strong><\/td>\n<td style=\"text-align: center\"><strong>rezultat<\/strong><\/td>\n<td style=\"text-align: center\"><strong>\u0161olsko leto<\/strong><\/td>\n<td style=\"text-align: center\"><strong>rezultat<\/strong><\/td>\n<\/tr>\n<tr>\n<td style=\"text-align: center\">5.<\/td>\n<td style=\"text-align: center\">88\/89<\/td>\n<td style=\"text-align: center\">43,86 m<\/td>\n<td style=\"text-align: center\">99\/00<\/td>\n<td style=\"text-align: center\">31,37 m<\/td>\n<\/tr>\n<tr>\n<td style=\"text-align: center\">6.<\/td>\n<td style=\"text-align: center\">13\/14<\/td>\n<td style=\"text-align: center\">47,64 m<\/td>\n<td style=\"text-align: center\">85\/86<\/td>\n<td style=\"text-align: center\">37,00 m<\/td>\n<\/tr>\n<tr>\n<td style=\"text-align: center\">7.<\/td>\n<td style=\"text-align: center\">14\/15<\/td>\n<td style=\"text-align: center\"><strong>59,30 m<\/strong><\/td>\n<td style=\"text-align: center\">91\/92<\/td>\n<td style=\"text-align: center\"><strong>41,89 m<\/strong><\/td>\n<\/tr>\n<\/tbody>\n<\/table>\n<p><span style=\"color: #008000\"><strong>SUVANJE KROGLE<\/strong><\/span><\/p>\n<table style=\"width: 100%\" border=\"0\">\n<tbody>\n<tr>\n<td style=\"text-align: center\" rowspan=\"2\"><strong>razred<\/strong><\/td>\n<td style=\"text-align: center\" colspan=\"2\"><strong>U\u010cENCI<\/strong><\/td>\n<td style=\"text-align: center\" colspan=\"2\"><strong>U\u010cENKE<\/strong><\/td>\n<\/tr>\n<tr>\n<td style=\"text-align: center\"><strong>\u0161olsko leto<\/strong><\/td>\n<td style=\"text-align: center\"><strong>rezultat<\/strong><\/td>\n<td style=\"text-align: center\"><strong>\u0161olsko leto<\/strong><\/td>\n<td style=\"text-align: center\"><strong>rezultat<\/strong><\/td>\n<\/tr>\n<tr>\n<td style=\"text-align: center\">8.<\/td>\n<td style=\"text-align: center\">85\/86<\/td>\n<td style=\"text-align: center\">12,48 m<\/td>\n<td style=\"text-align: center\">97\/98<\/td>\n<td style=\"text-align: center\">10,02 m<\/td>\n<\/tr>\n<tr>\n<td style=\"text-align: center\">9.<\/td>\n<td style=\"text-align: center\">16\/17<\/td>\n<td style=\"text-align: center\"><strong>13,55 m<\/strong><\/td>\n<td style=\"text-align: center\">93\/94<\/td>\n<td style=\"text-align: center\"><strong>10,30 m<\/strong><\/td>\n<\/tr>\n<\/tbody>\n<\/table>\n<p><span style=\"color: #008000\"><strong>SKOK V DALJINO Z MESTA<\/strong><\/span><\/p>\n<table style=\"width: 100%\" border=\"0\">\n<tbody>\n<tr>\n<td style=\"text-align: center\" rowspan=\"2\"><strong>razred<\/strong><\/td>\n<td style=\"text-align: center\" colspan=\"2\"><strong>U\u010cENCI<\/strong><\/td>\n<td style=\"text-align: center\" colspan=\"2\"><strong>U\u010cENKE<\/strong><\/td>\n<\/tr>\n<tr>\n<td style=\"text-align: center\"><strong>\u0161olsko leto<\/strong><\/td>\n<td style=\"text-align: center\"><strong>rezultat<\/strong><\/td>\n<td style=\"text-align: center\"><strong>\u0161olsko leto<\/strong><\/td>\n<td style=\"text-align: center\"><strong>rezultat<\/strong><\/td>\n<\/tr>\n<tr>\n<td style=\"text-align: center\">5.<\/td>\n<td style=\"text-align: center\">90\/91<\/td>\n<td style=\"text-align: center\">210 cm<\/td>\n<td style=\"text-align: center\">09\/10<\/td>\n<td style=\"text-align: center\">209 cm<\/td>\n<\/tr>\n<tr>\n<td style=\"text-align: center\">6.<\/td>\n<td style=\"text-align: center\">88\/89<\/td>\n<td style=\"text-align: center\">217 cm<\/td>\n<td style=\"text-align: center\">06\/07<\/td>\n<td style=\"text-align: center\">219 cm<\/td>\n<\/tr>\n<tr>\n<td style=\"text-align: center\">7.<\/td>\n<td style=\"text-align: center\">06\/07<\/td>\n<td style=\"text-align: center\">227 cm<\/td>\n<td style=\"text-align: center\">07\/08<\/td>\n<td style=\"text-align: center\">222 cm<\/td>\n<\/tr>\n<tr>\n<td style=\"text-align: center\">8.<\/td>\n<td style=\"text-align: center\">94\/95<\/td>\n<td style=\"text-align: center\">250 cm<\/td>\n<td style=\"text-align: center\">05\/06<\/td>\n<td style=\"text-align: center\"><strong>239 cm<\/strong><\/td>\n<\/tr>\n<tr>\n<td style=\"text-align: center\">9.<\/td>\n<td style=\"text-align: center\">95\/96<\/td>\n<td style=\"text-align: center\"><strong>274 cm<\/strong><\/td>\n<td style=\"text-align: center\">06\/07<\/td>\n<td style=\"text-align: center\">232 cm<\/td>\n<\/tr>\n<\/tbody>\n<\/table>\n<p><span style=\"color: #008000\"><strong>TEK 4 X 15 M<\/strong><\/span><\/p>\n<table style=\"width: 100%\" border=\"0\">\n<tbody>\n<tr>\n<td style=\"text-align: center\" rowspan=\"2\"><strong>razred<\/strong><\/td>\n<td style=\"text-align: center\" colspan=\"2\"><strong>U\u010cENCI<\/strong><\/td>\n<td style=\"text-align: center\" colspan=\"2\"><strong>U\u010cENKE<\/strong><\/td>\n<\/tr>\n<tr>\n<td style=\"text-align: center\"><strong>\u0161olsko leto<\/strong><\/td>\n<td style=\"text-align: center\"><strong>rezultat<\/strong><\/td>\n<td style=\"text-align: center\"><strong>\u0161olsko leto<\/strong><\/td>\n<td style=\"text-align: center\"><strong>rezultat<\/strong><\/td>\n<\/tr>\n<tr>\n<td style=\"text-align: center\">5.<\/td>\n<td style=\"text-align: center\">98\/99<\/td>\n<td style=\"text-align: center\">13,47 s<\/td>\n<td style=\"text-align: center\">11\/12<\/td>\n<td style=\"text-align: center\">13,31 s<\/td>\n<\/tr>\n<tr>\n<td style=\"text-align: center\">6.<\/td>\n<td style=\"text-align: center\">99\/00<\/td>\n<td style=\"text-align: center\">13,03 s<\/td>\n<td style=\"text-align: center\">10\/11<\/td>\n<td style=\"text-align: center\">13,58 s<\/td>\n<\/tr>\n<tr>\n<td style=\"text-align: center\">7.<\/td>\n<td style=\"text-align: center\">00\/01<\/td>\n<td style=\"text-align: center\">12,88 s<\/td>\n<td style=\"text-align: center\">11\/12<\/td>\n<td style=\"text-align: center\">13,31 s<\/td>\n<\/tr>\n<tr>\n<td style=\"text-align: center\">8.<\/td>\n<td style=\"text-align: center\">00\/01<\/td>\n<td style=\"text-align: center\">12,38 s<\/td>\n<td style=\"text-align: center\">99\/00<\/td>\n<td style=\"text-align: center\">13,17 s<\/td>\n<\/tr>\n<tr>\n<td style=\"text-align: center\">9.<\/td>\n<td style=\"text-align: center\">86\/87<\/td>\n<td style=\"text-align: center\"><strong>11,90 s<\/strong><\/td>\n<td style=\"text-align: center\">97\/98<\/td>\n<td style=\"text-align: center\"><strong>13,09 s<\/strong><\/td>\n<\/tr>\n<\/tbody>\n<\/table>\n<p><span style=\"color: #008000\"><strong>TEK 60 M<\/strong><\/span><\/p>\n<table style=\"width: 100%\" border=\"0\">\n<tbody>\n<tr>\n<td style=\"text-align: center\" rowspan=\"2\"><strong>razred<\/strong><\/td>\n<td style=\"text-align: center\" colspan=\"2\"><strong>U\u010cENCI<\/strong><\/td>\n<td style=\"text-align: center\" colspan=\"2\"><strong>U\u010cENKE<\/strong><\/td>\n<\/tr>\n<tr>\n<td style=\"text-align: center\"><strong>\u0161olsko leto<\/strong><\/td>\n<td style=\"text-align: center\"><strong>rezultat<\/strong><\/td>\n<td style=\"text-align: center\"><strong>\u0161olsko leto<\/strong><\/td>\n<td style=\"text-align: center\"><strong>rezultat<\/strong><\/td>\n<\/tr>\n<tr>\n<td style=\"text-align: center\">5.<\/td>\n<td style=\"text-align: center\">98\/99<\/td>\n<td style=\"text-align: center\">9,11<\/td>\n<td style=\"text-align: center\">09\/10<\/td>\n<td style=\"text-align: center\">9,22 s<\/td>\n<\/tr>\n<tr>\n<td style=\"text-align: center\">6.<\/td>\n<td style=\"text-align: center\">99\/00<\/td>\n<td style=\"text-align: center\">8,98<\/td>\n<td style=\"text-align: center\">10\/11<\/td>\n<td style=\"text-align: center\">8,68 s<\/td>\n<\/tr>\n<tr>\n<td style=\"text-align: center\">7.<\/td>\n<td style=\"text-align: center\">93\/94<\/td>\n<td style=\"text-align: center\">8,50<\/td>\n<td style=\"text-align: center\">07\/08<\/td>\n<td style=\"text-align: center\"><strong>8,63 s<\/strong><\/td>\n<\/tr>\n<tr>\n<td style=\"text-align: center\">8.<\/td>\n<td style=\"text-align: center\">00\/01<\/td>\n<td style=\"text-align: center\">8,02<\/td>\n<td style=\"text-align: center\">01\/02<\/td>\n<td style=\"text-align: center\">8,70 s<\/td>\n<\/tr>\n<tr>\n<td style=\"text-align: center\">9.<\/td>\n<td style=\"text-align: center\">10\/11<\/td>\n<td style=\"text-align: center\"><strong>7,59<\/strong><\/td>\n<td style=\"text-align: center\">13\/14<\/td>\n<td style=\"text-align: center\">8,78 s<\/td>\n<\/tr>\n<\/tbody>\n<\/table>\n<p><span style=\"color: #008000\"><strong>TEK 600 M<\/strong><\/span><\/p>\n<table style=\"width: 100%\" border=\"0\">\n<tbody>\n<tr>\n<td style=\"text-align: center\" rowspan=\"2\"><strong>razred<\/strong><\/td>\n<td style=\"text-align: center\" colspan=\"2\"><strong>U\u010cENCI<\/strong><\/td>\n<td style=\"text-align: center\" colspan=\"2\"><strong>U\u010cENKE<\/strong><\/td>\n<\/tr>\n<tr>\n<td style=\"text-align: center\"><strong>\u0161olsko leto<\/strong><\/td>\n<td style=\"text-align: center\"><strong>rezultat<\/strong><\/td>\n<td style=\"text-align: center\"><strong>\u0161olsko leto<\/strong><\/td>\n<td style=\"text-align: center\"><strong>rezultat<\/strong><\/td>\n<\/tr>\n<tr>\n<td style=\"text-align: center\">5.<\/td>\n<td style=\"text-align: center\">98\/99<\/td>\n<td style=\"text-align: center\">1:58 min<\/td>\n<td style=\"text-align: center\">90\/91<\/td>\n<td style=\"text-align: center\">2:11 min<\/td>\n<\/tr>\n<tr>\n<td style=\"text-align: center\">6.<\/td>\n<td style=\"text-align: center\">91\/92<\/td>\n<td style=\"text-align: center\">1:55 min<\/td>\n<td style=\"text-align: center\">92\/93<\/td>\n<td style=\"text-align: center\">2:04 min<\/td>\n<\/tr>\n<tr>\n<td style=\"text-align: center\">7.<\/td>\n<td style=\"text-align: center\">04\/05<\/td>\n<td style=\"text-align: center\">1:51 min<\/td>\n<td style=\"text-align: center\">93\/94<\/td>\n<td style=\"text-align: center\"><strong>1:59 min<\/strong><\/td>\n<\/tr>\n<tr>\n<td style=\"text-align: center\">8.<\/td>\n<td style=\"text-align: center\">94\/95<\/td>\n<td style=\"text-align: center\">1:43 min<\/td>\n<td style=\"text-align: center\">94\/95<\/td>\n<td style=\"text-align: center\">2:00 min<\/td>\n<\/tr>\n<tr>\n<td style=\"text-align: center\">9.<\/td>\n<td style=\"text-align: center\">02\/03<\/td>\n<td style=\"text-align: center\"><strong>1:38 min<\/strong><\/td>\n<td style=\"text-align: center\">95\/96<\/td>\n<td style=\"text-align: center\">2:00 min<\/td>\n<\/tr>\n<\/tbody>\n<\/table>\n<p><span style=\"color: #008000\"><strong>SKOK V DALJINO<\/strong><\/span><\/p>\n<table style=\"width: 100%\" border=\"0\">\n<tbody>\n<tr>\n<td style=\"text-align: center\" rowspan=\"2\"><strong>razred<\/strong><\/td>\n<td style=\"text-align: center\" colspan=\"2\"><strong>U\u010cENCI<\/strong><\/td>\n<td style=\"text-align: center\" colspan=\"2\"><strong>U\u010cENKE<\/strong><\/td>\n<\/tr>\n<tr>\n<td style=\"text-align: center\"><strong>\u0161olsko leto<\/strong><\/td>\n<td style=\"text-align: center\"><strong>rezultat<\/strong><\/td>\n<td style=\"text-align: center\"><strong>\u0161olsko leto<\/strong><\/td>\n<td style=\"text-align: center\"><strong>rezultat<\/strong><\/td>\n<\/tr>\n<tr>\n<td style=\"text-align: center\">5.<\/td>\n<td style=\"text-align: center\">85\/86<\/td>\n<td style=\"text-align: center\">385 cm<\/td>\n<td style=\"text-align: center\">92\/93<\/td>\n<td style=\"text-align: center\">351 cm<\/td>\n<\/tr>\n<tr>\n<td style=\"text-align: center\">6.<\/td>\n<td style=\"text-align: center\">02\/03<\/td>\n<td style=\"text-align: center\">436 cm<\/td>\n<td style=\"text-align: center\">06\/07<\/td>\n<td style=\"text-align: center\">405 cm<\/td>\n<\/tr>\n<tr>\n<td style=\"text-align: center\">7.<\/td>\n<td style=\"text-align: center\">99\/00<\/td>\n<td style=\"text-align: center\">432 cm<\/td>\n<td style=\"text-align: center\">90\/91<\/td>\n<td style=\"text-align: center\">384 cm<\/td>\n<\/tr>\n<tr>\n<td style=\"text-align: center\">8.<\/td>\n<td style=\"text-align: center\">85\/86<\/td>\n<td style=\"text-align: center\">516 cm<\/td>\n<td style=\"text-align: center\">01\/02<\/td>\n<td style=\"text-align: center\">387 cm<\/td>\n<\/tr>\n<tr>\n<td style=\"text-align: center\">9.<\/td>\n<td style=\"text-align: center\">86\/87<\/td>\n<td style=\"text-align: center\"><strong>565 cm<\/strong><\/td>\n<td style=\"text-align: center\">85\/86<\/td>\n<td style=\"text-align: center\"><strong>406 cm<\/strong><\/td>\n<\/tr>\n<\/tbody>\n<\/table>\n<p>&nbsp;<\/p>\n","protected":false},"excerpt":{"rendered":"<p>V \u0161olskem letu 2024\/2025 bomo izvajali naslednje \u0161portne aktivnosti: 1) REDNE URE \u0160PORTNE VZGOJE (VSI ODDELKI) 2) IZBIRNI PREDMETI: \u0160PORT ZA ZDRAVJE, \u0160PORT ZA SPROSTITEV, IZBRANI \u0160PORT 3) NEOBVEZNI IZBIRNI PREDMET: \u0160PORT (4., 5., 6.&nbsp; RAZRED) 4) \u0160PORTNI DNEVI (VSI ODDELKI) REKREATIVNI ODMOR : vsak \u0161olski dan imajo na\u0161i u\u010denci dva rekreativna odmore; prvi je [&hellip;]<\/p>\n","protected":false},"author":1706,"featured_media":0,"parent":0,"menu_order":45,"comment_status":"closed","ping_status":"closed","template":"","meta":{"_et_pb_use_builder":"","_et_pb_old_content":"","_et_gb_content_width":"","ngg_post_thumbnail":0,"footnotes":"","_expiration-date-status":"","_expiration-date":0,"_expiration-date-type":"","_expiration-date-categories":[],"_expiration-date-options":[]},"class_list":["post-667","page","type-page","status-publish","hentry"],"_links":{"self":[{"href":"https:\/\/www.os-dragatus.si\/index.php?rest_route=\/wp\/v2\/pages\/667","targetHints":{"allow":["GET"]}}],"collection":[{"href":"https:\/\/www.os-dragatus.si\/index.php?rest_route=\/wp\/v2\/pages"}],"about":[{"href":"https:\/\/www.os-dragatus.si\/index.php?rest_route=\/wp\/v2\/types\/page"}],"author":[{"embeddable":true,"href":"https:\/\/www.os-dragatus.si\/index.php?rest_route=\/wp\/v2\/users\/1706"}],"replies":[{"embeddable":true,"href":"https:\/\/www.os-dragatus.si\/index.php?rest_route=%2Fwp%2Fv2%2Fcomments&post=667"}],"version-history":[{"count":15,"href":"https:\/\/www.os-dragatus.si\/index.php?rest_route=\/wp\/v2\/pages\/667\/revisions"}],"predecessor-version":[{"id":35566,"href":"https:\/\/www.os-dragatus.si\/index.php?rest_route=\/wp\/v2\/pages\/667\/revisions\/35566"}],"wp:attachment":[{"href":"https:\/\/www.os-dragatus.si\/index.php?rest_route=%2Fwp%2Fv2%2Fmedia&parent=667"}],"curies":[{"name":"wp","href":"https:\/\/api.w.org\/{rel}","templated":true}]}}