{"id":66,"date":"2014-12-17T08:47:34","date_gmt":"2014-12-17T07:47:34","guid":{"rendered":"http:\/\/os-dragatus.splet.arnes.si\/?page_id=66"},"modified":"2023-10-16T09:46:30","modified_gmt":"2023-10-16T07:46:30","slug":"povezave-z-okoljem","status":"publish","type":"page","link":"https:\/\/www.os-dragatus.si\/?page_id=66","title":{"rendered":"Povezave z okoljem"},"content":{"rendered":"<p><span style=\"color: #800000\"><strong>SODELOVANJE Z OB\u010cINO \u010cRNOMELJ<\/strong><\/span><\/p>\n<p lang=\"en-US\" align=\"justify\">&#8211; planiranje finan\u010dne konstrukcije,<br \/>\n&#8211; sodelovanje na ob\u010dinskih tekmovanjih,<br \/>\n&#8211; sodelovanje s Knji\u017enico \u010crnomelj,<br \/>\n&#8211; sodelovanje z Dru\u0161tvom prijateljev mladine.<\/p>\n<p>&nbsp;<\/p>\n<p><span style=\"color: #800000\"><strong>SODELOVANJE S KS DRAGATU\u0160<\/strong><\/span><\/p>\n<p lang=\"en-US\" align=\"justify\">&#8211; organizacija predavanj,<br \/>\n&#8211; organizacija lokalnih volitev,<br \/>\n&#8211; organizacija kulturnih prireditev v \u0161olski telovadnici,<br \/>\n&#8211; varnost otrok na cesti\u0161\u010du,<br \/>\n&#8211; sodelovanje z dru\u0161tvi,<br \/>\n&#8211; sodelovanje v \u010distilnih akcijah v okolici \u0161ole.<\/p>\n<p>&nbsp;<\/p>\n<p><strong><span style=\"color: #800000\">SODELOVANJE S STAR\u0160I<\/span><\/strong><\/p>\n<p lang=\"en-US\" align=\"justify\">&#8211; sodelovanje s svetom star\u0161ev,<br \/>\n&#8211; sodelovanje s svetom zavoda,<br \/>\n&#8211; sodelovanje s \u0161olskim skladom,<br \/>\n&#8211; redno izvajanje govorilnih ur in roditeljskih sestankov,<br \/>\n&#8211; organizacija delavnic v popoldanskem \u010dasu,<br \/>\n&#8211; mo\u017enost uporabe \u0161portne dvorane za star\u0161e,<br \/>\n&#8211; vklju\u010devanje star\u0161ev v \u0161olske projekte \u2026<\/p>\n<p>&nbsp;<\/p>\n<p><strong><span style=\"color: #800000\">SODELOVANJE Z DRU\u0160TVI<\/span><\/strong><\/p>\n<p><span lang=\"sl\">&#8211; <a href=\"http:\/\/www.kud-dobrec.si\/\" target=\"_blank\" rel=\"noopener\">KUD Dobre\u010d<\/a> <span style=\"color: #000000\">&#8211; nudenje prostora za vaje<\/span><\/span><br \/>\n&#8211; <a href=\"https:\/\/sl-si.facebook.com\/kudArtoteka\" target=\"_blank\" rel=\"noopener\">KUD Artoteka<\/a> <span style=\"color: #000000\">&#8211; sodelovanje pri otvoritvah razstav dru\u0161tva s kulturnim programom<br \/>\n&#8211; <a href=\"http:\/\/www.fs-dragatus.si\/\" target=\"_blank\" rel=\"noopener\">FS Dragatu\u0161<\/a> &#8211; nudenje prostora za vaje, nastopi otro\u0161ke folklorne skupine na \u0161olskih prireditvah<br \/>\n&#8211; PGD Dragatu\u0161 &#8211; predavanje za u\u010dence, dan odprtih vrat PGD Dragatu\u0161, prostor za vaje in za veselico, izvedba intervencijske vaje (evakuacija)<br \/>\n&#8211; \u0161portna dru\u0161tva &#8211; najem telovadnice, igri\u0161\u010da<br \/>\n&#8211; <a href=\"https:\/\/www.facebook.com\/DK%C5%BD-Dragatu%C5%A1-730162937077075\/\" target=\"_blank\" rel=\"noopener\">Dru\u0161tvo kme\u010dkih \u017eena Dragatu\u0161<\/a><br \/>\n&#8211; Proteus<\/span><\/p>\n<p>&nbsp;<\/p>\n<p><span style=\"color: #800000\"><strong>SODELOVANJE Z VISOKO\u0160OLSKIMI USTANOVAMI<\/strong><\/span><\/p>\n<p>\u2013 <a href=\"http:\/\/www.fsp.uni-lj.si\/\" target=\"_blank\" rel=\"noopener\">Fakulteta za \u0161port<\/a> <span style=\"color: #000000\">Ljubljana<\/span><br \/>\n\u2013 <a href=\"http:\/\/www.ff.uni-lj.si\/\" target=\"_blank\" rel=\"noopener\">Filozofska fakulteta<\/a> <span style=\"color: #000000\">Ljubljana<\/span><br \/>\n\u2013 <a href=\"http:\/\/www.ff.uni-mb.si\/\" target=\"_blank\" rel=\"noopener\">Filozofska fakulteta<\/a> <span style=\"color: #000000\">Maribor<\/span><br \/>\n\u2013 <a href=\"http:\/\/www.pef.uni-lj.si\/\" target=\"_blank\" rel=\"noopener\">Pedago\u0161ka fakulteta<\/a> <span style=\"color: #000000\">Ljubljana<\/span><br \/>\n\u2013 <a href=\"http:\/\/www.pef.um.si\/\" target=\"_blank\" rel=\"noopener\">Pedago\u0161ka fakulteta<\/a> <span style=\"color: #000000\">Maribor<\/span><br \/>\n\u2013 <a href=\"http:\/\/www.pef.upr.si\/\" target=\"_blank\" rel=\"noopener\">Pedago\u0161ka fakulteta<\/a> Koper<br \/>\n\u2013 <a href=\"http:\/\/razvoj.bf.uni-lj.si\/dekanat\/novosti\/\" target=\"_blank\" rel=\"noopener\">Biotehni\u0161ka fakulteta<\/a> Ljubljana<\/p>\n<p><span style=\"color: #000000\">&nbsp;<\/span><\/p>\n<p><span style=\"color: #800000\"><strong>SODELOVANJE Z DRUGIMI INSTITUCIJAMI<\/strong> <\/span><\/p>\n<p>\u2013 <a href=\"http:\/\/www.zotks.si\/www\/portal\/sl\/\" target=\"_blank\" rel=\"noopener\">ZOTKS<\/a><br \/>\n\u2013 <a href=\"http:\/\/www.ric.si\/\" target=\"_blank\" rel=\"noopener\">Dr\u017eavni izpitni center<br \/>\n<\/a>\u2013 <a href=\"https:\/\/www.ijs.si\/ijsw\" target=\"_blank\" rel=\"noopener\">In\u0161titut Jo\u017eef \u0160tefan<\/a><br \/>\n\u2013 <a href=\"http:\/\/www.pei.si\/\" target=\"_blank\" rel=\"noopener\">Pedago\u0161ki in\u0161titut<\/a><br \/>\n\u2013 <a href=\"http:\/\/www.ric.si\/\" target=\"_blank\" rel=\"noopener\">RIC<\/a><br \/>\n\u2013 <a href=\"http:\/\/www.zrss.si\/\" target=\"_blank\" rel=\"noopener\">ZRS\u0160<\/a><\/p>\n<p>&nbsp;<\/p>\n<p><span style=\"color: #800000\"><strong>SODELOVANJE S SVETOVALNIMI CENTRI<\/strong> <\/span><\/p>\n<p>\u2013 <a href=\"http:\/\/www.posvetovalnica.si\/\" target=\"_blank\" rel=\"noopener\">Posvetovalnica za u\u010dence in star\u0161e Novo mesto<br \/>\n<\/a>\u2013 <a href=\"http:\/\/www.osmsn.si\/svetovalnica\/\" target=\"_blank\" rel=\"noopener\">Svetovalnica \u010crnomelj<\/a><br \/>\n\u2013 <a href=\"http:\/\/www.zavodzazaposlovanje.si\/\" target=\"_blank\" rel=\"noopener\">Zavod za zaposlovanje Novo mesto<\/a><\/p>\n<p>&nbsp;<\/p>\n<p><strong><span style=\"color: #800000\">SODELOVANJE Z DRUGIMI USTANOVAMI IN ZUNANJIMI SODELAVCI<\/span><\/strong><\/p>\n<p><span style=\"color: #000000\">\u2013 Policijska postaja \u010crnomelj<\/span><br \/>\n\u2013 <a href=\"http:\/\/www.zd-crnomelj.si\/\" target=\"_blank\" rel=\"noopener\">Zdravstveni dom \u010crnomelj<\/a><br \/>\n\u2013 <a href=\"https:\/\/www.nijz.si\/\" target=\"_blank\" rel=\"noopener\">Nacionalni in\u0161titut za javno zdravje (NIJZ)<\/a><br \/>\n\u2013 <a href=\"http:\/\/www.zpms.si\/ZPMS\/\" target=\"_blank\" rel=\"noopener\">Zveza prijateljev mladine<\/a><br \/>\n\u2013 Belokranjske O\u0160<br \/>\n\u2013 <a href=\"http:\/\/www.crn.sik.si\/\" target=\"_blank\" rel=\"noopener\">Knji\u017enica \u010crnomelj<\/a><br \/>\n\u2013 <a href=\"http:\/\/www.zik-crnomelj.eu\/\" target=\"_blank\" rel=\"noopener\">ZIK \u010crnomelj<\/a><br \/>\n<span style=\"color: #000000\">\u2013 <a href=\"http:\/\/www.muzej-crnomelj.si\/\" target=\"_blank\" rel=\"noopener\">Mestna muzejska zbirka \u010crnomelj<br \/>\n<\/a>\u2013 <a href=\"https:\/\/www.facebook.com\/jskd.crnomelj\/\" target=\"_blank\" rel=\"noopener\">JSKD \u010crmomelj<\/a><\/span><\/p>\n<p>&nbsp;<\/p>\n<table cellspacing=\"0\" cellpadding=\"2\">\n<tbody>\n<tr>\n<td><span style=\"color: #000000\"><strong>S KOM?<\/strong><\/span><\/td>\n<td><span style=\"color: #000000\"><strong>ZAKAJ? OPREDELITEV<\/strong><\/span><\/td>\n<td><span style=\"color: #000000\"><strong>KDO?<\/strong><\/span><\/td>\n<\/tr>\n<tr>\n<td><span style=\"color: #000000\">Z ob\u010dino<\/span><\/td>\n<td><span style=\"color: #000000\">Re\u0161evanje materialnih in prostorskih problemov, kadrovska problematika<\/span><\/td>\n<td><span style=\"color: #000000\">Ravnatelj, ra\u010dunovodkinja<br \/>\n<\/span><\/td>\n<\/tr>\n<tr>\n<td><span style=\"color: #000000\">Z NIJZ<\/span><\/td>\n<td><span style=\"color: #000000\">Ravnanje v \u010dasu epidemije COVID-19<\/span><\/td>\n<td><span style=\"color: #000000\">Ravnatelj, odgovorni tim<\/span><\/td>\n<\/tr>\n<tr>\n<td><span style=\"color: #000000\">Z MIZ\u0160<\/span><\/td>\n<td><span style=\"color: #000000\">Re\u0161evanje materialnih in prostorskih problemov kadrovska problematika<\/span><\/td>\n<td><span style=\"color: #000000\">Ravnatelj, ra\u010dunovodkinja<br \/>\n<\/span><\/td>\n<\/tr>\n<tr>\n<td><span style=\"color: #000000\">S podjetji<\/span><\/td>\n<td><span style=\"color: #000000\">Donatorstvo<\/span><\/td>\n<td><span style=\"color: #000000\">Ravnatelj<\/span><\/td>\n<\/tr>\n<tr>\n<td><span style=\"color: #000000\">Z aktivom ravnateljev<\/span><\/td>\n<td><span style=\"color: #000000\">Teko\u010da \u0161olska problematika, <span lang=\"sl\"> kadrovanje, <\/span>sodelovanje v projektih<br \/>\n<\/span><\/td>\n<td><span style=\"color: #000000\">Ravnatelj<\/span><\/td>\n<\/tr>\n<tr>\n<td><span style=\"color: #000000\">Z dru\u0161tvi<\/span><\/td>\n<td><span style=\"color: #000000\">Tekmovanja, prireditve, najem telovadnice, sodelovanje na prireditvah<br \/>\n<\/span><\/td>\n<td><span style=\"color: #000000\">Ravnatelj, ra\u010dunovodkinja, tajnica<span lang=\"sl\">, <\/span>u\u010ditelji dejavnosti<\/span><\/td>\n<\/tr>\n<tr>\n<td><span lang=\"sl\" style=\"color: #000000\">Z drugimi \u0161olami<\/span><\/td>\n<td><span lang=\"sl\" style=\"color: #000000\">Izobra\u017eevanje, zaposlovanje<\/span><\/td>\n<td><span lang=\"sl\" style=\"color: #000000\">U\u010ditelji, ravnatelj, tajnica<br \/>\n<\/span><\/td>\n<\/tr>\n<tr>\n<td><span style=\"color: #000000\">S strokovnimi institucijami<\/span><\/td>\n<td><span style=\"color: #000000\">Usposabljanje, izobra\u017eevanje<\/span><\/td>\n<td><span style=\"color: #000000\">Vsi zaposleni<\/span><\/td>\n<\/tr>\n<tr>\n<td><span style=\"color: #000000\">Z organizacijami v ob\u010dini<\/span><\/td>\n<td><span style=\"color: #000000\">Kulturno, \u0161portno sodelovanje, ekologija<\/span><\/td>\n<td><span style=\"color: #000000\">Ravnatelj, u\u010ditelji, u\u010denci<\/span><\/td>\n<\/tr>\n<tr>\n<td><span style=\"color: #000000\">Z zdravstvenim domom<\/span><\/td>\n<td><span style=\"color: #000000\">Zdravstveno varstvo u\u010dencev<\/span><\/td>\n<td><span style=\"color: #000000\">Razredniki, svetovalna slu\u017eba, tajnica<br \/>\n<\/span><\/td>\n<\/tr>\n<tr>\n<td><span style=\"color: #000000\">S Policijsko mejno postajo \u010crnomelj<\/span><\/td>\n<td><span style=\"color: #000000\">Prometna varnost otrok in delavnice za u\u010dence, preventivne akcije<\/span><\/td>\n<td><span style=\"color: #000000\">Ravnatelj, tajnica, u\u010ditelji, u\u010denci<\/span><\/td>\n<\/tr>\n<\/tbody>\n<\/table>\n<p>&nbsp;<\/p>\n","protected":false},"excerpt":{"rendered":"<p>SODELOVANJE Z OB\u010cINO \u010cRNOMELJ &#8211; planiranje finan\u010dne konstrukcije, &#8211; sodelovanje na ob\u010dinskih tekmovanjih, &#8211; sodelovanje s Knji\u017enico \u010crnomelj, &#8211; sodelovanje z Dru\u0161tvom prijateljev mladine. &nbsp; SODELOVANJE S KS DRAGATU\u0160 &#8211; organizacija predavanj, &#8211; organizacija lokalnih volitev, &#8211; organizacija kulturnih prireditev v \u0161olski telovadnici, &#8211; varnost otrok na cesti\u0161\u010du, &#8211; sodelovanje z dru\u0161tvi, &#8211; sodelovanje v [&hellip;]<\/p>\n","protected":false},"author":1706,"featured_media":0,"parent":0,"menu_order":32,"comment_status":"closed","ping_status":"closed","template":"","meta":{"_et_pb_use_builder":"","_et_pb_old_content":"","_et_gb_content_width":"","ngg_post_thumbnail":0,"footnotes":"","_expiration-date-status":"","_expiration-date":0,"_expiration-date-type":"","_expiration-date-categories":[],"_expiration-date-options":[]},"class_list":["post-66","page","type-page","status-publish","hentry"],"_links":{"self":[{"href":"https:\/\/www.os-dragatus.si\/index.php?rest_route=\/wp\/v2\/pages\/66","targetHints":{"allow":["GET"]}}],"collection":[{"href":"https:\/\/www.os-dragatus.si\/index.php?rest_route=\/wp\/v2\/pages"}],"about":[{"href":"https:\/\/www.os-dragatus.si\/index.php?rest_route=\/wp\/v2\/types\/page"}],"author":[{"embeddable":true,"href":"https:\/\/www.os-dragatus.si\/index.php?rest_route=\/wp\/v2\/users\/1706"}],"replies":[{"embeddable":true,"href":"https:\/\/www.os-dragatus.si\/index.php?rest_route=%2Fwp%2Fv2%2Fcomments&post=66"}],"version-history":[{"count":14,"href":"https:\/\/www.os-dragatus.si\/index.php?rest_route=\/wp\/v2\/pages\/66\/revisions"}],"predecessor-version":[{"id":32399,"href":"https:\/\/www.os-dragatus.si\/index.php?rest_route=\/wp\/v2\/pages\/66\/revisions\/32399"}],"wp:attachment":[{"href":"https:\/\/www.os-dragatus.si\/index.php?rest_route=%2Fwp%2Fv2%2Fmedia&parent=66"}],"curies":[{"name":"wp","href":"https:\/\/api.w.org\/{rel}","templated":true}]}}