{"id":643,"date":"2014-12-18T21:34:36","date_gmt":"2014-12-18T20:34:36","guid":{"rendered":"http:\/\/os-dragatus.splet.arnes.si\/?page_id=643"},"modified":"2024-07-11T21:36:31","modified_gmt":"2024-07-11T19:36:31","slug":"predmetnik","status":"publish","type":"page","link":"https:\/\/www.os-dragatus.si\/?page_id=643","title":{"rendered":"Predmetnik"},"content":{"rendered":"<p><span style=\"color: #800000\"><strong>IZBIRNI PREDMETI V \u0160OL. LETU 2024\/2025<br \/>\n<\/strong><\/span><\/p>\n<p>U\u010denci 7., 8. in 9. razreda morajo na teden opraviti dve, lahko pa tudi tri ure izbirnih premetov. V spri\u010devalo je vpisana ocena enega predmeta (\u010de je to izbirni predmet Nem\u0161\u010dina, ki je 2-urni predmet) ali dveh predmetov, ki sta ocenjena z bolj\u0161o oceno. Po predmetniku je tem predmetom namenjena ena ura tedensko, razen tujemu jeziku dve uri. U\u010denci delajo v <span lang=\"sl\"> desetih<\/span> skupinah.<br \/>\nZa \u0161olsko leto <strong>2024\/2025<\/strong> so izbrali naslednje predmete:<\/p>\n<p>&#8211; <a href=\"https:\/\/www.gov.si\/assets\/ministrstva\/MIZS\/Dokumenti\/Osnovna-sola\/Ucni-nacrti\/izbirni\/1-letni\/Glasba_glasbena_dela_izbirni.pdf\" target=\"_blank\" rel=\"noopener\">ansambelska igra<\/a> (8. r.)<br \/>\n&#8211; <a href=\"https:\/\/www.gov.si\/assets\/ministrstva\/MIZS\/Dokumenti\/Osnovna-sola\/Ucni-nacrti\/izbirni\/1-letni\/Sport_izbrani_sport_izbirni.pdf\" target=\"_blank\" rel=\"noopener\">izbrani \u0161port &#8211; nogomet<\/a> (7., 8., 9. r.)<br \/>\n&#8211; <a href=\"https:\/\/www.gov.si\/assets\/ministrstva\/MIZS\/Dokumenti\/Osnovna-sola\/Ucni-nacrti\/izbirni\/1-letni-vezani-na-razred\/7-razred\/Likovno_snovanje-123_izbirni.pdf\" target=\"_blank\" rel=\"noopener noreferrer\">likovno snovanje 1<\/a> (7. r.)<br \/>\n&#8211; <a href=\"https:\/\/www.gov.si\/assets\/ministrstva\/MIZS\/Dokumenti\/Osnovna-sola\/Ucni-nacrti\/izbirni\/1-letni-vezani-na-razred\/9-razred\/Likovno_snovanje.pdf\" target=\"_blank\" rel=\"noopener noreferrer\">likovno snovanje 3<\/a> (9. r.)<br \/>\n&#8211; <a href=\"https:\/\/www.gov.si\/assets\/ministrstva\/MIZS\/Dokumenti\/Osnovna-sola\/Ucni-nacrti\/izbirni\/3-letni\/Nemscina_izbirni.pdf\" target=\"_blank\" rel=\"noopener noreferrer\">nem\u0161\u010dina 1<\/a> (7. r.)<br \/>\n&#8211; <a href=\"https:\/\/www.gov.si\/assets\/ministrstva\/MIZS\/Dokumenti\/Osnovna-sola\/Ucni-nacrti\/izbirni\/3-letni\/Nemscina_izbirni.pdf\" target=\"_blank\" rel=\"noopener noreferrer\">nem\u0161\u010dina 2<\/a> (8. r.)<br \/>\n&#8211; <a href=\"https:\/\/www.gov.si\/assets\/ministrstva\/MIZS\/Dokumenti\/Osnovna-sola\/Ucni-nacrti\/izbirni\/3-letni\/Nemscina_izbirni.pdf\" target=\"_blank\" rel=\"noopener noreferrer\">nem\u0161\u010dina 3<\/a> (9. r.)<br \/>\n&#8211; <a href=\"https:\/\/www.gov.si\/assets\/ministrstva\/MIZS\/Dokumenti\/Osnovna-sola\/Ucni-nacrti\/izbirni\/1-letni\/Sport_za_sprostitev_izbirni.pdf\" target=\"_blank\" rel=\"noopener noreferrer\">\u0161port za sprostitev<\/a> (7., 8. r.)<br \/>\n&#8211; <a href=\"https:\/\/www.gov.si\/assets\/ministrstva\/MIZS\/Dokumenti\/Osnovna-sola\/Ucni-nacrti\/izbirni\/1-letni\/Sport_za_zdravje_izbirni.pdf\" target=\"_blank\" rel=\"noopener\">\u0161port za zdravje<\/a> (9. r.)<br \/>\n&#8211; <a href=\"https:\/\/www.gov.si\/assets\/ministrstva\/MIZS\/Dokumenti\/Osnovna-sola\/Ucni-nacrti\/izbirni\/3-letni-lahko-krajsi\/Racunalnistvo_izbirni.pdf\" target=\"_blank\" rel=\"noopener\">urejanje besedil<\/a> (8. r.)<\/p>\n<p><span style=\"color: #800000\"><strong>NEOBVEZNI IZBIRNI PREDMETI V \u0160OL. LETU 2024\/2025<\/strong><\/span><\/p>\n<p>U\u010denci 1. in 2. triletja so si izbrali naslednje neobvezne izbirne predmete:<br \/>\n&#8211; <a href=\"https:\/\/www.gov.si\/assets\/ministrstva\/MIZS\/Dokumenti\/Osnovna-sola\/Ucni-nacrti\/izbirni\/Neobvezni\/Sport_izbirni_neobvezni.pdf\" target=\"_blank\" rel=\"noopener noreferrer\">\u0161port<\/a> (4.-6. r.)<br \/>\n&#8211; <a href=\"https:\/\/www.gov.si\/assets\/ministrstva\/MIZS\/Dokumenti\/Osnovna-sola\/Ucni-nacrti\/izbirni\/Neobvezni\/Umetnost_izbirni_neobvezni.pdf\" target=\"_blank\" rel=\"noopener noreferrer\">umetnost &#8211; likovna ustvarjalnost<\/a>&nbsp;(4.-6. r.)<br \/>\n&#8211; <a href=\"https:\/\/www.gov.si\/assets\/ministrstva\/MIZS\/Dokumenti\/Osnovna-sola\/Ucni-nacrti\/izbirni\/Neobvezni\/TJ_prvi_razred_izbirni_neobvezni.pdf\" target=\"_blank\" rel=\"noopener noreferrer\">angle\u0161\u010dina<\/a> (1. r.)<\/p>\n<p>Za u\u010dence od 4. do 6. razreda se sicer lahko izvaja pouk iz naslednjih neobveznih izbirnih predmetov: drugega tujega jezika, umetnosti, ra\u010dunalni\u0161tva, \u0161porta in tehnike. Za u\u010dence od 7. do 9. razreda pa \u0161ola kot neobvezni izbirni predmet lahko izvaja pouk drugega tujega jezika.<\/p>\n<p>Pouk neobveznih izbirnih predmetov od 4. do 9. razreda se izvaja postopoma, in sicer se je za u\u010dence 4. in 7. razreda pri\u010del v \u0161olskem letu 2014\/2015, za u\u010dence 5. in 8. razreda v \u0161olskem letu 2015\/2016, za u\u010dence 6. in 9. razreda pa se je pri\u010del v \u0161olskem letu 2016\/2017.<\/p>\n<p>Neobvezni izbirni predmeti so pri ocenjevanju izena\u010deni z obveznimi izbirnimi predmeti &#8211; znanje se ocenjuje, zaklju\u010dne ocene pa se vpi\u0161ejo v spri\u010devalo.<\/p>\n<p><strong><span style=\"color: #800000\">PREDMETNIK<\/span><\/strong><\/p>\n<p>V \u0161olskem letu <strong>2024\/2025<\/strong> bomo opravili 188 dni pouka (9. razred 181 dni). Med dneve pouka \u0161tejemo tudi \u0161portne, kulturne, tehni\u0161ke in naravoslovne dneve.<\/p>\n\n<table id=\"tablepress-2\" class=\"tablepress tablepress-id-2 tbody-has-connected-cells\">\n<tbody class=\"row-hover\">\n<tr class=\"row-1\">\n\t<td colspan=\"2\" class=\"column-1\"><strong>OBVEZNI PROGRAM<\/strong><\/td><td class=\"column-3\"><\/td><td class=\"column-4\"><\/td><td class=\"column-5\"><\/td><td class=\"column-6\"><\/td><td class=\"column-7\"><\/td><td class=\"column-8\"><\/td><td class=\"column-9\"><\/td><td class=\"column-10\"><\/td><td class=\"column-11\"><\/td>\n<\/tr>\n<tr class=\"row-2\">\n\t<td class=\"column-1\"><strong>PREDMET\/RAZRED<\/strong><\/td><td class=\"column-2\"><strong>1. r.<\/strong><\/td><td class=\"column-3\"><strong>2. r.<\/strong><\/td><td class=\"column-4\"><strong>3. r.<\/strong><\/td><td class=\"column-5\"><strong>4. r.<\/strong><\/td><td class=\"column-6\"><strong>5. r.<\/strong><\/td><td class=\"column-7\"><strong>6. r.<\/strong><\/td><td class=\"column-8\"><strong>7. r.<\/strong><\/td><td class=\"column-9\"><strong>8. r<\/strong>.<\/td><td class=\"column-10\"><strong>9. r.<\/strong><\/td><td class=\"column-11\"><strong>SKUPAJ<\/strong><\/td>\n<\/tr>\n<tr class=\"row-3\">\n\t<td class=\"column-1\"><strong>Sloven\u0161\u010dina<\/strong><\/td><td class=\"column-2\">6<\/td><td class=\"column-3\">7<\/td><td class=\"column-4\">7<\/td><td class=\"column-5\">5<\/td><td class=\"column-6\">5<\/td><td class=\"column-7\">5<\/td><td class=\"column-8\">4<\/td><td class=\"column-9\">3,5<\/td><td class=\"column-10\">4,5<\/td><td class=\"column-11\"><strong>1631,5<\/strong><\/td>\n<\/tr>\n<tr class=\"row-4\">\n\t<td class=\"column-1\"><strong>Matematika<\/strong><\/td><td class=\"column-2\">4<\/td><td class=\"column-3\">4<\/td><td class=\"column-4\">5<\/td><td class=\"column-5\">5<\/td><td class=\"column-6\">4<\/td><td class=\"column-7\">4<\/td><td class=\"column-8\">4<\/td><td class=\"column-9\">4<\/td><td class=\"column-10\">4<\/td><td class=\"column-11\"><strong>1318<\/strong><\/td>\n<\/tr>\n<tr class=\"row-5\">\n\t<td class=\"column-1\"><strong>Angle\u0161\u010dina<\/strong><\/td><td class=\"column-2\"><\/td><td class=\"column-3\">2<\/td><td class=\"column-4\">2<\/td><td class=\"column-5\">2<\/td><td class=\"column-6\">3<\/td><td class=\"column-7\">4<\/td><td class=\"column-8\">4<\/td><td class=\"column-9\">3<\/td><td class=\"column-10\">3<\/td><td class=\"column-11\"><strong>796<\/strong><\/td>\n<\/tr>\n<tr class=\"row-6\">\n\t<td class=\"column-1\"><strong>Likovna umetnost<\/strong><\/td><td class=\"column-2\">2<\/td><td class=\"column-3\">2<\/td><td class=\"column-4\">2<\/td><td class=\"column-5\">2<\/td><td class=\"column-6\">2<\/td><td class=\"column-7\">1<\/td><td class=\"column-8\">1<\/td><td class=\"column-9\">1<\/td><td class=\"column-10\">1<\/td><td class=\"column-11\"><strong>487<\/strong><\/td>\n<\/tr>\n<tr class=\"row-7\">\n\t<td class=\"column-1\"><strong>Glasbena umetnost<\/strong><\/td><td class=\"column-2\">2<\/td><td class=\"column-3\">2<\/td><td class=\"column-4\">2<\/td><td class=\"column-5\">1,5<\/td><td class=\"column-6\">1,5<\/td><td class=\"column-7\">1<\/td><td class=\"column-8\">1<\/td><td class=\"column-9\">1<\/td><td class=\"column-10\">1<\/td><td class=\"column-11\"><strong>452<\/strong><\/td>\n<\/tr>\n<tr class=\"row-8\">\n\t<td class=\"column-1\"><strong>Dru\u017eba<\/strong><\/td><td class=\"column-2\"><\/td><td class=\"column-3\"><\/td><td class=\"column-4\"><\/td><td class=\"column-5\">2<\/td><td class=\"column-6\">3<\/td><td class=\"column-7\"><\/td><td class=\"column-8\"><\/td><td class=\"column-9\"><\/td><td class=\"column-10\"><\/td><td class=\"column-11\"><strong>175<\/strong><\/td>\n<\/tr>\n<tr class=\"row-9\">\n\t<td class=\"column-1\"><strong>Geografija<\/strong><\/td><td class=\"column-2\"><\/td><td class=\"column-3\"><\/td><td class=\"column-4\"><\/td><td class=\"column-5\"><\/td><td class=\"column-6\"><\/td><td class=\"column-7\">1<\/td><td class=\"column-8\">2<\/td><td class=\"column-9\">1,5<\/td><td class=\"column-10\">2<\/td><td class=\"column-11\"><strong>221,5<\/strong><\/td>\n<\/tr>\n<tr class=\"row-10\">\n\t<td class=\"column-1\"><strong>Zgodovina<\/strong><\/td><td class=\"column-2\"><\/td><td class=\"column-3\"><\/td><td class=\"column-4\"><\/td><td class=\"column-5\"><\/td><td class=\"column-6\"><\/td><td class=\"column-7\">1<\/td><td class=\"column-8\">2<\/td><td class=\"column-9\">2<\/td><td class=\"column-10\">2<\/td><td class=\"column-11\"><strong>239<\/strong><\/td>\n<\/tr>\n<tr class=\"row-11\">\n\t<td class=\"column-1\"><strong>DKE<\/strong> (1*)<\/td><td class=\"column-2\"><\/td><td class=\"column-3\"><\/td><td class=\"column-4\"><\/td><td class=\"column-5\"><\/td><td class=\"column-6\"><\/td><td class=\"column-7\"><\/td><td class=\"column-8\">1<\/td><td class=\"column-9\">1<\/td><td class=\"column-10\"><\/td><td class=\"column-11\"><strong>70<\/strong><\/td>\n<\/tr>\n<tr class=\"row-12\">\n\t<td class=\"column-1\"><strong>Spoznavanje okolja<\/strong><\/td><td class=\"column-2\">3<\/td><td class=\"column-3\">3<\/td><td class=\"column-4\">3<\/td><td class=\"column-5\"><\/td><td class=\"column-6\"><\/td><td class=\"column-7\"><\/td><td class=\"column-8\"><\/td><td class=\"column-9\"><\/td><td class=\"column-10\"><\/td><td class=\"column-11\"><strong>315<\/strong><\/td>\n<\/tr>\n<tr class=\"row-13\">\n\t<td class=\"column-1\"><strong>Fizika<\/strong><\/td><td class=\"column-2\"><\/td><td class=\"column-3\"><\/td><td class=\"column-4\"><\/td><td class=\"column-5\"><\/td><td class=\"column-6\"><\/td><td class=\"column-7\"><\/td><td class=\"column-8\"><\/td><td class=\"column-9\">2<\/td><td class=\"column-10\">2<\/td><td class=\"column-11\"><strong>134<\/strong><\/td>\n<\/tr>\n<tr class=\"row-14\">\n\t<td class=\"column-1\"><strong>Kemija<\/strong><\/td><td class=\"column-2\"><\/td><td class=\"column-3\"><\/td><td class=\"column-4\"><\/td><td class=\"column-5\"><\/td><td class=\"column-6\"><\/td><td class=\"column-7\"><\/td><td class=\"column-8\"><\/td><td class=\"column-9\">2<\/td><td class=\"column-10\">2<\/td><td class=\"column-11\"><strong>134<\/strong><\/td>\n<\/tr>\n<tr class=\"row-15\">\n\t<td class=\"column-1\"><strong>Biologija<\/strong><\/td><td class=\"column-2\"><\/td><td class=\"column-3\"><\/td><td class=\"column-4\"><\/td><td class=\"column-5\"><\/td><td class=\"column-6\"><\/td><td class=\"column-7\"><\/td><td class=\"column-8\"><\/td><td class=\"column-9\">1,5<\/td><td class=\"column-10\">2<\/td><td class=\"column-11\"><strong>116,5<\/strong><\/td>\n<\/tr>\n<tr class=\"row-16\">\n\t<td class=\"column-1\"><strong>Naravoslovje<\/strong><\/td><td class=\"column-2\"><\/td><td class=\"column-3\"><\/td><td class=\"column-4\"><\/td><td class=\"column-5\"><\/td><td class=\"column-6\"><\/td><td class=\"column-7\">2<\/td><td class=\"column-8\">3<\/td><td class=\"column-9\"><\/td><td class=\"column-10\"><\/td><td class=\"column-11\"><strong>175<\/strong><\/td>\n<\/tr>\n<tr class=\"row-17\">\n\t<td class=\"column-1\"><strong>Naravoslovje in tehnika<\/strong><\/td><td class=\"column-2\"><\/td><td class=\"column-3\"><\/td><td class=\"column-4\"><\/td><td class=\"column-5\">3<\/td><td class=\"column-6\">3<\/td><td class=\"column-7\"><\/td><td class=\"column-8\"><\/td><td class=\"column-9\"><\/td><td class=\"column-10\"><\/td><td class=\"column-11\"><strong>210<\/strong><\/td>\n<\/tr>\n<tr class=\"row-18\">\n\t<td class=\"column-1\"><strong>Tehnika in tehnologija<\/strong><\/td><td class=\"column-2\"><\/td><td class=\"column-3\"><\/td><td class=\"column-4\"><\/td><td class=\"column-5\"><\/td><td class=\"column-6\"><\/td><td class=\"column-7\">2<\/td><td class=\"column-8\">1<\/td><td class=\"column-9\">1<\/td><td class=\"column-10\"><\/td><td class=\"column-11\"><strong>140<\/strong><\/td>\n<\/tr>\n<tr class=\"row-19\">\n\t<td class=\"column-1\"><strong>Gospodinjstvo<\/strong><\/td><td class=\"column-2\"><\/td><td class=\"column-3\"><\/td><td class=\"column-4\"><\/td><td class=\"column-5\"><\/td><td class=\"column-6\">1<\/td><td class=\"column-7\">1,5<\/td><td class=\"column-8\"><\/td><td class=\"column-9\"><\/td><td class=\"column-10\"><\/td><td class=\"column-11\"><strong>87,5<\/strong><\/td>\n<\/tr>\n<tr class=\"row-20\">\n\t<td class=\"column-1\"><strong>\u0160port<\/strong><\/td><td class=\"column-2\">3<\/td><td class=\"column-3\">3<\/td><td class=\"column-4\">3<\/td><td class=\"column-5\">3<\/td><td class=\"column-6\">3<\/td><td class=\"column-7\">3<\/td><td class=\"column-8\">2<\/td><td class=\"column-9\">2<\/td><td class=\"column-10\">2<\/td><td class=\"column-11\"><strong>834<\/strong><\/td>\n<\/tr>\n<tr class=\"row-21\">\n\t<td class=\"column-1\"><strong>Izbirni predmeti<\/strong> (2*)<\/td><td class=\"column-2\"><\/td><td class=\"column-3\"><\/td><td class=\"column-4\"><\/td><td class=\"column-5\"><\/td><td class=\"column-6\"><\/td><td class=\"column-7\"><\/td><td class=\"column-8\">2\/3<\/td><td class=\"column-9\">2\/3<\/td><td class=\"column-10\">2\/3<\/td><td class=\"column-11\"><strong>204\/306<\/strong><\/td>\n<\/tr>\n<tr class=\"row-22\">\n\t<td class=\"column-1\"><strong>Tedensko ur pouka<\/strong><\/td><td class=\"column-2\"><\/td><td class=\"column-3\"><\/td><td class=\"column-4\"><\/td><td class=\"column-5\"><\/td><td class=\"column-6\"><\/td><td class=\"column-7\"><\/td><td class=\"column-8\"><\/td><td class=\"column-9\"><\/td><td class=\"column-10\">vseh ur<\/td><td class=\"column-11\"><strong>7740\/7842<\/strong><\/td>\n<\/tr>\n<tr class=\"row-23\">\n\t<td class=\"column-1\"><strong>\u0160tevilo predmetov<\/strong><\/td><td class=\"column-2\">6<\/td><td class=\"column-3\">7<\/td><td class=\"column-4\">7<\/td><td class=\"column-5\">8<\/td><td class=\"column-6\">9<\/td><td class=\"column-7\">11<\/td><td class=\"column-8\">13-14<\/td><td class=\"column-9\">15-16<\/td><td class=\"column-10\">13-14<\/td><td class=\"column-11\"><\/td>\n<\/tr>\n<tr class=\"row-24\">\n\t<td class=\"column-1\"><strong>Tedensko ur pouka<\/strong><\/td><td class=\"column-2\">20-22<\/td><td class=\"column-3\">23<\/td><td class=\"column-4\">24<\/td><td class=\"column-5\">23,5-24,5<\/td><td class=\"column-6\">25,5-26,5<\/td><td class=\"column-7\">25,5-26,5<\/td><td class=\"column-8\">27-28<\/td><td class=\"column-9\">27,5-28,5<\/td><td class=\"column-10\">27,5-28,5<\/td><td class=\"column-11\"><\/td>\n<\/tr>\n<tr class=\"row-25\">\n\t<td class=\"column-1\"><strong>Tednov pouka<\/strong><\/td><td class=\"column-2\">35<\/td><td class=\"column-3\">35<\/td><td class=\"column-4\">35<\/td><td class=\"column-5\">35<\/td><td class=\"column-6\">35<\/td><td class=\"column-7\">35<\/td><td class=\"column-8\">35<\/td><td class=\"column-9\">35<\/td><td class=\"column-10\">32<\/td><td class=\"column-11\"><\/td>\n<\/tr>\n<tr class=\"row-26\">\n\t<td class=\"column-1\"><strong>Oddel\u010dna skupnost<\/strong><\/td><td class=\"column-2\"><\/td><td class=\"column-3\"><\/td><td class=\"column-4\"><\/td><td class=\"column-5\">0,5<\/td><td class=\"column-6\">0,5<\/td><td class=\"column-7\">0,5<\/td><td class=\"column-8\">0,5<\/td><td class=\"column-9\">0,5<\/td><td class=\"column-10\">0,5<\/td><td class=\"column-11\"><strong>103,5<\/strong><\/td>\n<\/tr>\n<tr class=\"row-27\">\n\t<td class=\"column-1\"><strong>Kulturni dnevi<\/strong><\/td><td class=\"column-2\">4<\/td><td class=\"column-3\">4<\/td><td class=\"column-4\">4<\/td><td class=\"column-5\">3<\/td><td class=\"column-6\">3<\/td><td class=\"column-7\">3<\/td><td class=\"column-8\">3<\/td><td class=\"column-9\">3<\/td><td class=\"column-10\">3<\/td><td class=\"column-11\"><strong>150<\/strong><\/td>\n<\/tr>\n<tr class=\"row-28\">\n\t<td class=\"column-1\"><strong>Naravoslovni dnevi<\/strong><\/td><td class=\"column-2\">3<\/td><td class=\"column-3\">3<\/td><td class=\"column-4\">3<\/td><td class=\"column-5\">3<\/td><td class=\"column-6\">3<\/td><td class=\"column-7\">3<\/td><td class=\"column-8\">3<\/td><td class=\"column-9\">3<\/td><td class=\"column-10\">3<\/td><td class=\"column-11\"><strong>135<\/strong><\/td>\n<\/tr>\n<tr class=\"row-29\">\n\t<td class=\"column-1\"><strong>Tehni\u0161ki dnevi<\/strong><\/td><td class=\"column-2\">3<\/td><td class=\"column-3\">3<\/td><td class=\"column-4\">3<\/td><td class=\"column-5\">4<\/td><td class=\"column-6\">4<\/td><td class=\"column-7\">4<\/td><td class=\"column-8\">4<\/td><td class=\"column-9\">4<\/td><td class=\"column-10\">4<\/td><td class=\"column-11\"><strong>165<\/strong><\/td>\n<\/tr>\n<tr class=\"row-30\">\n\t<td class=\"column-1\"><strong>\u0160portni dnevi<\/strong><\/td><td class=\"column-2\">5<\/td><td class=\"column-3\">5<\/td><td class=\"column-4\">5<\/td><td class=\"column-5\">5<\/td><td class=\"column-6\">5<\/td><td class=\"column-7\">5<\/td><td class=\"column-8\">5<\/td><td class=\"column-9\">5<\/td><td class=\"column-10\">5<\/td><td class=\"column-11\"><strong>225<\/strong><\/td>\n<\/tr>\n<tr class=\"row-31\">\n\t<td colspan=\"8\" class=\"column-1\"><\/td><td class=\"column-9\">skupaj ur <\/td><td class=\"column-10\">dejavnosti<\/td><td class=\"column-11\"><strong>675<\/strong><\/td>\n<\/tr>\n<tr class=\"row-32\">\n\t<td colspan=\"11\" class=\"column-1\"><strong>RAZ\u0160IRJENI PROGRAM<\/strong><\/td>\n<\/tr>\n<tr class=\"row-33\">\n\t<td class=\"column-1\"><strong>NIP - angle\u0161\u010dina<\/strong> (3*)<\/td><td class=\"column-2\">2<\/td><td class=\"column-3\"><\/td><td class=\"column-4\"><\/td><td class=\"column-5\"><\/td><td class=\"column-6\"><\/td><td class=\"column-7\"><\/td><td class=\"column-8\"><\/td><td class=\"column-9\"><\/td><td class=\"column-10\"><\/td><td class=\"column-11\"><\/td>\n<\/tr>\n<tr class=\"row-34\">\n\t<td class=\"column-1\"><strong>NIP po izbiri<\/strong> (4*)<\/td><td class=\"column-2\"><\/td><td class=\"column-3\"><\/td><td class=\"column-4\"><\/td><td class=\"column-5\">2\/1<\/td><td class=\"column-6\">2\/1<\/td><td class=\"column-7\">2\/1<\/td><td class=\"column-8\"><\/td><td class=\"column-9\"><\/td><td class=\"column-10\"><\/td><td class=\"column-11\"><\/td>\n<\/tr>\n<tr class=\"row-35\">\n\t<td class=\"column-1\"><strong>ISP<\/strong> (5*)<\/td><td class=\"column-2\">0,5<\/td><td class=\"column-3\">0,5<\/td><td class=\"column-4\">0,5<\/td><td class=\"column-5\">0,5<\/td><td class=\"column-6\">0,5<\/td><td class=\"column-7\">0,5<\/td><td class=\"column-8\">0,5<\/td><td class=\"column-9\">0,5<\/td><td class=\"column-10\">0,5<\/td><td class=\"column-11\"><\/td>\n<\/tr>\n<tr class=\"row-36\">\n\t<td class=\"column-1\"><strong>Dopolnilni\/dodatni pouk<\/strong><\/td><td class=\"column-2\">1<\/td><td class=\"column-3\">1<\/td><td class=\"column-4\">1<\/td><td class=\"column-5\">1<\/td><td class=\"column-6\">1<\/td><td class=\"column-7\">1<\/td><td class=\"column-8\">1<\/td><td class=\"column-9\">1<\/td><td class=\"column-10\">1<\/td><td class=\"column-11\"><\/td>\n<\/tr>\n<tr class=\"row-37\">\n\t<td class=\"column-1\"><strong>Podalj\u0161ano bivanje<\/strong><\/td><td class=\"column-2\">x<\/td><td class=\"column-3\">x<\/td><td class=\"column-4\">x<\/td><td class=\"column-5\">x<\/td><td class=\"column-6\">x<\/td><td class=\"column-7\"><\/td><td class=\"column-8\"><\/td><td class=\"column-9\"><\/td><td class=\"column-10\"><\/td><td class=\"column-11\"><\/td>\n<\/tr>\n<tr class=\"row-38\">\n\t<td class=\"column-1\"><strong>Jutranje varstvo<\/strong><\/td><td class=\"column-2\">x<\/td><td class=\"column-3\"><\/td><td class=\"column-4\"><\/td><td class=\"column-5\"><\/td><td class=\"column-6\"><\/td><td class=\"column-7\"><\/td><td class=\"column-8\"><\/td><td class=\"column-9\"><\/td><td class=\"column-10\"><\/td><td class=\"column-11\"><\/td>\n<\/tr>\n<\/tbody>\n<\/table>\n<!-- #tablepress-2 from cache -->\n<p>(1*) DKE &#8211; domovinska in dr\u017eavljanska kultura in etika<br \/>\n(2*) U\u010denec izbere 2 uri pouka izbirnih predmetov tedensko, lahko pa tudi 3 ure, \u010de s tem sogla\u0161ajo njegovi star\u0161i.<br \/>\n(3*) NIP &#8211; neobvezni izbirni predmet<br \/>\n(4*) NIP po izbiri &#8211; u\u010denci lahko izbirajo med naslednjimi predmeti: nem\u0161\u010dina, umetnost, ra\u010dunalni\u0161tvo, \u0161port, tehnika<br \/>\n(5*) ISP &#8211; individualna in skupinska pomo\u010d u\u010dencem<\/p>\n<p><strong>V predmetniku so navedene vse ure, ki jih lahko izvajamo po predmetniku. Dejansko \u0161tevilo ur pa je odvisno od izbire u\u010dencev (izbirni predmeti) in postopnosti uvajanja nekaterih predmetov v predmetnik (tuji jezik) &#8211; o tem bomo star\u0161e seznanili na prvem roditeljskem sestanku.<\/strong><\/p>\n","protected":false},"excerpt":{"rendered":"<p>IZBIRNI PREDMETI V \u0160OL. LETU 2024\/2025 U\u010denci 7., 8. in 9. razreda morajo na teden opraviti dve, lahko pa tudi tri ure izbirnih premetov. V spri\u010devalo je vpisana ocena enega predmeta (\u010de je to izbirni predmet Nem\u0161\u010dina, ki je 2-urni predmet) ali dveh predmetov, ki sta ocenjena z bolj\u0161o oceno. Po predmetniku je tem predmetom [&hellip;]<\/p>\n","protected":false},"author":1706,"featured_media":0,"parent":0,"menu_order":33,"comment_status":"closed","ping_status":"closed","template":"","meta":{"_et_pb_use_builder":"","_et_pb_old_content":"","_et_gb_content_width":"","ngg_post_thumbnail":0,"footnotes":"","_expiration-date-status":"","_expiration-date":0,"_expiration-date-type":"","_expiration-date-categories":[],"_expiration-date-options":[]},"class_list":["post-643","page","type-page","status-publish","hentry"],"_links":{"self":[{"href":"https:\/\/www.os-dragatus.si\/index.php?rest_route=\/wp\/v2\/pages\/643","targetHints":{"allow":["GET"]}}],"collection":[{"href":"https:\/\/www.os-dragatus.si\/index.php?rest_route=\/wp\/v2\/pages"}],"about":[{"href":"https:\/\/www.os-dragatus.si\/index.php?rest_route=\/wp\/v2\/types\/page"}],"author":[{"embeddable":true,"href":"https:\/\/www.os-dragatus.si\/index.php?rest_route=\/wp\/v2\/users\/1706"}],"replies":[{"embeddable":true,"href":"https:\/\/www.os-dragatus.si\/index.php?rest_route=%2Fwp%2Fv2%2Fcomments&post=643"}],"version-history":[{"count":44,"href":"https:\/\/www.os-dragatus.si\/index.php?rest_route=\/wp\/v2\/pages\/643\/revisions"}],"predecessor-version":[{"id":35382,"href":"https:\/\/www.os-dragatus.si\/index.php?rest_route=\/wp\/v2\/pages\/643\/revisions\/35382"}],"wp:attachment":[{"href":"https:\/\/www.os-dragatus.si\/index.php?rest_route=%2Fwp%2Fv2%2Fmedia&parent=643"}],"curies":[{"name":"wp","href":"https:\/\/api.w.org\/{rel}","templated":true}]}}