{"id":639,"date":"2014-12-18T21:31:32","date_gmt":"2014-12-18T20:31:32","guid":{"rendered":"http:\/\/os-dragatus.splet.arnes.si\/?page_id=639"},"modified":"2025-09-01T08:50:39","modified_gmt":"2025-09-01T06:50:39","slug":"solski-koledar","status":"publish","type":"page","link":"https:\/\/www.os-dragatus.si\/?page_id=639","title":{"rendered":"\u0160olski koledar"},"content":{"rendered":"<table class=\"style226\" style=\"width: 100%;border: 0px solid #000000;height: 461px\" cellspacing=\"0\" cellpadding=\"2\">\n<tbody>\n<tr style=\"background-color: #93cfa4\">\n<td style=\"height: 26px;width: 22.3926%\"><strong>DATUM<\/strong><\/td>\n<td style=\"height: 26px;width: 77.6074%\"><strong>OPIS<\/strong><\/td>\n<\/tr>\n<tr style=\"height: 26px\">\n<td style=\"width: 100%;background-color: #946d6d;height: 26px;text-align: left\" colspan=\"2\"><span style=\"color: #ffff00\"><strong>2025<\/strong><br \/>\n<\/span><\/td>\n<\/tr>\n<tr style=\"background-color: #f2eded\">\n<td style=\"vertical-align: top;background-color: #ffffff;height: 19px;width: 22.3926%;text-align: left\"><strong>1. 9.<\/strong><\/td>\n<td style=\"vertical-align: top;background-color: #ffffff;height: 19px;width: 77.6074%;text-align: left\">ZA\u010cETEK POUKA<\/td>\n<\/tr>\n<tr style=\"background-color: #f2eded\">\n<td style=\"vertical-align: top;background-color: #ffffff;height: 19px;width: 22.3926%;text-align: left\"><strong>31. 10.<\/strong><\/td>\n<td style=\"vertical-align: top;background-color: #ffffff;height: 19px;width: 77.6074%;text-align: left\">DAN REFORMACIJE<\/td>\n<\/tr>\n<tr style=\"height: 46px\">\n<td style=\"vertical-align: top;background-color: #ffffff;height: 19px;width: 22.3926%;text-align: left\"><strong>1. 11.<\/strong><\/td>\n<td style=\"vertical-align: top;background-color: #ffffff;height: 19px;width: 77.6074%;text-align: left\">DAN SPOMINA NA MRTVE<\/td>\n<\/tr>\n<tr style=\"height: 66px\">\n<td style=\"background-color: #ffffff;height: 10px;vertical-align: top;width: 22.3926%;text-align: left\"><strong>27. 10. &#8211; 1. 11.<\/strong><\/td>\n<td style=\"background-color: #ffffff;height: 10px;vertical-align: top;width: 77.6074%;text-align: left\">JESENSKE PO\u010cITNICE<\/td>\n<\/tr>\n<tr style=\"height: 46px\">\n<td style=\"vertical-align: top;background-color: #ffffff;height: 19px;width: 22.3926%;text-align: left\"><strong>25. 12.<\/strong><\/td>\n<td style=\"vertical-align: top;background-color: #ffffff;height: 19px;width: 77.6074%;text-align: left\">BO\u017dI\u010c<\/td>\n<\/tr>\n<tr style=\"background-color: #f2eded\">\n<td style=\"vertical-align: top;background-color: #ffffff;height: 19px;width: 22.3926%;text-align: left\"><strong>26. 12.<\/strong><\/td>\n<td style=\"vertical-align: top;background-color: #ffffff;height: 19px;width: 77.6074%;text-align: left\">DAN SAMOSTOJNOSTI IN ENOTNOSTI<\/td>\n<\/tr>\n<tr style=\"height: 66px\">\n<td style=\"vertical-align: top;height: 19px;width: 22.3926%;text-align: left\"><strong>25. 12. &#8211; 2. 1.<\/strong><\/td>\n<td style=\"vertical-align: top;height: 19px;width: 77.6074%;text-align: left\">NOVOLETNE PO\u010cITNICE<\/td>\n<\/tr>\n<tr style=\"height: 26px\">\n<td style=\"background-color: #946d6d;vertical-align: middle;height: 19px;width: 100%;text-align: left\" colspan=\"2\"><span style=\"color: #99cc00\"><span style=\"color: #ffff00\"><strong>2026<\/strong><\/span><br \/>\n<\/span><\/td>\n<\/tr>\n<tr style=\"background-color: #f2eded\">\n<td style=\"vertical-align: top;background-color: #ffffff;height: 19px;width: 22.3926%;text-align: left\"><strong>1. 1. &#8211; 2. 1.<\/strong><\/td>\n<td style=\"vertical-align: top;background-color: #ffffff;height: 19px;width: 77.6074%;text-align: left\">NOVO LETO<\/td>\n<\/tr>\n<tr style=\"height: 46px\">\n<td style=\"vertical-align: top;height: 19px;width: 22.3926%;text-align: left;background-color: #ffffff\"><strong>31. 1.<\/strong><\/td>\n<td style=\"vertical-align: top;height: 19px;width: 77.6074%;text-align: left;background-color: #ffffff\">ZAKLJU\u010cEK 1. OCENJEVALNEGA OBDOBJA<\/td>\n<\/tr>\n<tr style=\"height: 24px\">\n<td style=\"vertical-align: top;background-color: #ffffff;width: 22.3926%;height: 19px;text-align: left\"><strong>8. 2.<\/strong><\/td>\n<td style=\"vertical-align: top;background-color: #ffffff;width: 77.6074%;height: 19px;text-align: left\">PRE\u0160ERNOV DAN, SLOVENSKI KULTURNI PRAZNIK<\/td>\n<\/tr>\n<tr style=\"height: 46px\">\n<td style=\"vertical-align: top;background-color: #ffffff;height: 19px;width: 22.3926%;text-align: left\"><strong>13. 2. &#8211; 14. 2.<\/strong><\/td>\n<td style=\"vertical-align: top;background-color: #ffffff;height: 19px;width: 77.6074%;text-align: left\">INFORMATIVNA DNEVA ZA VPIS V SREDNJE \u0160OLE<\/td>\n<\/tr>\n<tr style=\"background-color: #f2eded\">\n<td style=\"vertical-align: top;background-color: #ffffff;height: 19px;width: 22.3926%;text-align: left\"><strong>23. 2. &#8211; 27. 2.<\/strong><\/td>\n<td style=\"vertical-align: top;background-color: #ffffff;height: 19px;width: 77.6074%;text-align: left\">ZIMSKE PO\u010cITNICE<\/td>\n<\/tr>\n<tr style=\"background-color: #f2eded\">\n<td style=\"vertical-align: top;background-color: #ffffff;height: 19px;width: 22.3926%;text-align: left\"><strong>6. 4.<\/strong><\/td>\n<td style=\"vertical-align: top;background-color: #ffffff;height: 19px;width: 77.6074%;text-align: left\">VELIKONO\u010cNI PONEDELJEK<\/td>\n<\/tr>\n<tr style=\"height: 46px\">\n<td style=\"vertical-align: top;background-color: #ffffff;height: 19px;width: 22.3926%;text-align: left\"><strong>27. 4.<\/strong><\/td>\n<td style=\"vertical-align: top;background-color: #ffffff;height: 19px;width: 77.6074%;text-align: left\">DAN UPORA PROTI OKUPATORJU<\/td>\n<\/tr>\n<tr style=\"background-color: #f2eded\">\n<td style=\"vertical-align: top;background-color: #ffffff;height: 19px;width: 22.3926%;text-align: left\"><strong>27. 4. &#8211; 2. 5.<\/strong><\/td>\n<td style=\"vertical-align: top;background-color: #ffffff;height: 19px;width: 77.6074%;text-align: left\">PRVOMAJSKE PO\u010cITNICE<\/td>\n<\/tr>\n<tr style=\"height: 66px\">\n<td style=\"vertical-align: top;background-color: #ffffff;height: 19px;width: 22.3926%;text-align: left\"><strong>1. 5. &#8211; 2. 5.<\/strong><\/td>\n<td style=\"vertical-align: top;background-color: #ffffff;height: 19px;width: 77.6074%;text-align: left\">PRAZNIK DELA<\/td>\n<\/tr>\n<tr style=\"background-color: #f2eded\">\n<td style=\"vertical-align: top;background-color: #ffffff;height: 19px;width: 22.3926%;text-align: left\"><strong>15. 6.<\/strong><\/td>\n<td style=\"vertical-align: top;background-color: #ffffff;height: 19px;width: 77.6074%;text-align: left\">ZAKLJU\u010cEK 2. OCENJEVALNEGA OBDOBJA ZA U\u010cENCE 9. RAZREDA; RAZDELITEV SPRI\u010cEVAL<\/td>\n<\/tr>\n<tr style=\"height: 66px\">\n<td style=\"background-color: #ffffff;height: 19px;vertical-align: top;width: 22.3926%;text-align: left\"><strong>24. 6.<\/strong><\/td>\n<td style=\"background-color: #ffffff;height: 19px;vertical-align: top;width: 77.6074%;text-align: left\">ZAKLJU\u010cEK 2. OCENJEVALNEGA OBDOBJA ZA U\u010cENCE 1. &#8211; 8. RAZREDA; RAZDELITEV SPRI\u010cEVAL<\/td>\n<\/tr>\n<tr style=\"height: 46px\">\n<td style=\"vertical-align: top;background-color: #ffffff;height: 19px;width: 22.3926%;text-align: left\"><strong>25. 6.<\/strong><\/td>\n<td style=\"vertical-align: top;background-color: #ffffff;height: 19px;width: 77.6074%;text-align: left\">DAN DR\u017dAVNOSTI<\/td>\n<\/tr>\n<tr style=\"height: 66px\">\n<td style=\"height: 19px;vertical-align: top;width: 22.3926%;text-align: left\"><strong>26. 6. &#8211; 31. 8<\/strong><\/td>\n<td style=\"height: 19px;vertical-align: top;width: 77.6074%;text-align: left\">POLETNE PO\u010cITNICE<\/td>\n<\/tr>\n<\/tbody>\n<\/table>\n<table style=\"width: 100%\" cellspacing=\"0\" cellpadding=\"2\">\n<tbody>\n<tr style=\"background-color: #93cfa4\">\n<td style=\"width: 99.7954%;height: 19px\" colspan=\"3\"><strong>IZPITNI ROKI ZA PREDMETNE IN POPRAVNE IZPITE<\/strong><\/td>\n<\/tr>\n<tr style=\"height: 26px\">\n<td style=\"width: 22.2904%;height: 19px;text-align: left\"><strong>16. 6. &#8211; 30. 6. 2026<\/strong><\/td>\n<td style=\"width: 19.8363%;height: 19px;text-align: left\">1. rok<\/td>\n<td style=\"width: 57.6687%;height: 19px;text-align: left\">u\u010denci 9. razreda<\/td>\n<\/tr>\n<tr style=\"background-color: #f2eded\">\n<td style=\"background-color: #ffffff;width: 22.2904%;height: 19px;text-align: left\"><strong>26. 6. &#8211; 9. 7. 2026<\/strong><\/td>\n<td style=\"background-color: #ffffff;width: 19.8363%;height: 19px;text-align: left\">1. rok<\/td>\n<td style=\"background-color: #ffffff;width: 57.6687%;height: 19px;text-align: left\">u\u010denci od 1. do 8. razreda<\/td>\n<\/tr>\n<tr style=\"height: 26px\">\n<td style=\"width: 22.2904%;height: 19px;text-align: left\"><strong>18. 8. &#8211; 31. 8. 2026<\/strong><\/td>\n<td style=\"width: 19.8363%;height: 19px;text-align: left\">2. rok<\/td>\n<td style=\"width: 57.6687%;height: 19px;text-align: left\">u\u010denci od 1. do 9. razreda<\/td>\n<\/tr>\n<\/tbody>\n<\/table>\n<table style=\"width: 100%\" cellspacing=\"0\" cellpadding=\"2\">\n<tbody>\n<tr style=\"background-color: #93cfa4\">\n<td style=\"width: 99.6552%\" colspan=\"3\"><strong>ROKI ZA OCENJEVANJE ZNANJA U\u010cENCEV, KI SE IZOBRA\u017dUJEJO NA DOMU<\/strong><\/td>\n<\/tr>\n<tr>\n<td style=\"width: 22.4673%;text-align: left\"><strong>2. 2. &#8211; 15. 6. 2026<\/strong><\/td>\n<td style=\"width: 19.7437%;text-align: left\">1. rok<\/td>\n<td style=\"width: 57.4442%;text-align: left\">u\u010denci 9. razreda<\/td>\n<\/tr>\n<tr style=\"background-color: #f2eded\">\n<td style=\"background-color: #ffffff;width: 22.4673%;text-align: left\"><strong>2. 2. &#8211; 24. 6. 2026<\/strong><\/td>\n<td style=\"background-color: #ffffff;width: 19.7437%;text-align: left\">1. rok<\/td>\n<td style=\"background-color: #ffffff;width: 57.4442%;text-align: left\">u\u010denci od 1. do 8. razreda<\/td>\n<\/tr>\n<tr>\n<td style=\"width: 22.4673%;text-align: left\"><strong>18. 8. &#8211; 31. 8. 2026<\/strong><\/td>\n<td style=\"width: 19.7437%;text-align: left\">2. rok<\/td>\n<td style=\"width: 57.4442%;text-align: left\">u\u010denci od 1. do 9. razreda<\/td>\n<\/tr>\n<\/tbody>\n<\/table>\n<p>&nbsp;<\/p>\n","protected":false},"excerpt":{"rendered":"<p>DATUM OPIS 2025 1. 9. ZA\u010cETEK POUKA 31. 10. DAN REFORMACIJE 1. 11. DAN SPOMINA NA MRTVE 27. 10. &#8211; 1. 11. JESENSKE PO\u010cITNICE 25. 12. BO\u017dI\u010c 26. 12. DAN SAMOSTOJNOSTI IN ENOTNOSTI 25. 12. &#8211; 2. 1. NOVOLETNE PO\u010cITNICE 2026 1. 1. &#8211; 2. 1. NOVO LETO 31. 1. ZAKLJU\u010cEK 1. OCENJEVALNEGA OBDOBJA 8. [&hellip;]<\/p>\n","protected":false},"author":1706,"featured_media":0,"parent":0,"menu_order":45,"comment_status":"closed","ping_status":"closed","template":"","meta":{"_et_pb_use_builder":"","_et_pb_old_content":"","_et_gb_content_width":"","ngg_post_thumbnail":0,"footnotes":"","_expiration-date-status":"","_expiration-date":0,"_expiration-date-type":"","_expiration-date-categories":[],"_expiration-date-options":[]},"class_list":["post-639","page","type-page","status-publish","hentry"],"_links":{"self":[{"href":"https:\/\/www.os-dragatus.si\/index.php?rest_route=\/wp\/v2\/pages\/639","targetHints":{"allow":["GET"]}}],"collection":[{"href":"https:\/\/www.os-dragatus.si\/index.php?rest_route=\/wp\/v2\/pages"}],"about":[{"href":"https:\/\/www.os-dragatus.si\/index.php?rest_route=\/wp\/v2\/types\/page"}],"author":[{"embeddable":true,"href":"https:\/\/www.os-dragatus.si\/index.php?rest_route=\/wp\/v2\/users\/1706"}],"replies":[{"embeddable":true,"href":"https:\/\/www.os-dragatus.si\/index.php?rest_route=%2Fwp%2Fv2%2Fcomments&post=639"}],"version-history":[{"count":15,"href":"https:\/\/www.os-dragatus.si\/index.php?rest_route=\/wp\/v2\/pages\/639\/revisions"}],"predecessor-version":[{"id":39377,"href":"https:\/\/www.os-dragatus.si\/index.php?rest_route=\/wp\/v2\/pages\/639\/revisions\/39377"}],"wp:attachment":[{"href":"https:\/\/www.os-dragatus.si\/index.php?rest_route=%2Fwp%2Fv2%2Fmedia&parent=639"}],"curies":[{"name":"wp","href":"https:\/\/api.w.org\/{rel}","templated":true}]}}