{"id":629,"date":"2014-12-18T21:23:21","date_gmt":"2014-12-18T20:23:21","guid":{"rendered":"http:\/\/os-dragatus.splet.arnes.si\/?page_id=629"},"modified":"2025-09-01T09:19:30","modified_gmt":"2025-09-01T07:19:30","slug":"jutranje-varstvo","status":"publish","type":"page","link":"https:\/\/www.os-dragatus.si\/?page_id=629","title":{"rendered":"Jutranje varstvo"},"content":{"rendered":"<p>Namenjeno je u\u010dencem 1. razreda. Vsak dan traja od 6.30 do 7.30 in se izvaja v u\u010dilnici 1. razreda. U\u010diteljici jutranjega varstva sta Ur\u0161ka Kova\u010di\u010d in Vesna Marija Frank. Star\u0161i pripeljejo zjutraj otroka do u\u010dilnice, tam jih prevzame u\u010ditelj. Ob 7.30 u\u010denci nadaljujejo pouk s svojo u\u010diteljico.<\/p>\n<p>V jutranjem varstvu se ukvarjamo z naslednjimi dejavnostmi:<br \/>\n&#8211; spoznavanje koti\u010dkov<br \/>\n&#8211; sestavljanje sestavljank<br \/>\n&#8211; gradnja s kockami<br \/>\n&#8211; oblikovanje iz \u0161katlic<br \/>\n&#8211; likovno ustvarjanje<br \/>\n&#8211; sprostitvene dejavnosti<br \/>\n&#8211; dru\u017eabne igre<br \/>\n&#8211; konstrukcijske igre<br \/>\n&#8211; delo z ra\u010dunalnikom<br \/>\n&#8211; igre v koti\u010dkih<br \/>\n&#8211; poslu\u0161anje pravljic, pesmic&#8230;<br \/>\n&#8211; branje knjig, revij&#8230;<br \/>\n&#8211; elementarne igre<br \/>\n&#8211; izrezovaje, oblikovanje in lepljenje iz papirja<br \/>\n&#8211; dramatizacija z lutkami<br \/>\n&#8211; rekreacija<br \/>\n&#8211; priprava na pouk.<\/p>\n","protected":false},"excerpt":{"rendered":"<p>Namenjeno je u\u010dencem 1. razreda. Vsak dan traja od 6.30 do 7.30 in se izvaja v u\u010dilnici 1. razreda. U\u010diteljici jutranjega varstva sta Ur\u0161ka Kova\u010di\u010d in Vesna Marija Frank. Star\u0161i pripeljejo zjutraj otroka do u\u010dilnice, tam jih prevzame u\u010ditelj. Ob 7.30 u\u010denci nadaljujejo pouk s svojo u\u010diteljico. V jutranjem varstvu se ukvarjamo z naslednjimi dejavnostmi: [&hellip;]<\/p>\n","protected":false},"author":1706,"featured_media":0,"parent":0,"menu_order":18,"comment_status":"closed","ping_status":"closed","template":"","meta":{"_et_pb_use_builder":"","_et_pb_old_content":"","_et_gb_content_width":"","ngg_post_thumbnail":0,"footnotes":"","_expiration-date-status":"","_expiration-date":0,"_expiration-date-type":"","_expiration-date-categories":[],"_expiration-date-options":[]},"class_list":["post-629","page","type-page","status-publish","hentry"],"_links":{"self":[{"href":"https:\/\/www.os-dragatus.si\/index.php?rest_route=\/wp\/v2\/pages\/629","targetHints":{"allow":["GET"]}}],"collection":[{"href":"https:\/\/www.os-dragatus.si\/index.php?rest_route=\/wp\/v2\/pages"}],"about":[{"href":"https:\/\/www.os-dragatus.si\/index.php?rest_route=\/wp\/v2\/types\/page"}],"author":[{"embeddable":true,"href":"https:\/\/www.os-dragatus.si\/index.php?rest_route=\/wp\/v2\/users\/1706"}],"replies":[{"embeddable":true,"href":"https:\/\/www.os-dragatus.si\/index.php?rest_route=%2Fwp%2Fv2%2Fcomments&post=629"}],"version-history":[{"count":6,"href":"https:\/\/www.os-dragatus.si\/index.php?rest_route=\/wp\/v2\/pages\/629\/revisions"}],"predecessor-version":[{"id":39382,"href":"https:\/\/www.os-dragatus.si\/index.php?rest_route=\/wp\/v2\/pages\/629\/revisions\/39382"}],"wp:attachment":[{"href":"https:\/\/www.os-dragatus.si\/index.php?rest_route=%2Fwp%2Fv2%2Fmedia&parent=629"}],"curies":[{"name":"wp","href":"https:\/\/api.w.org\/{rel}","templated":true}]}}