{"id":62,"date":"2014-12-17T08:46:25","date_gmt":"2014-12-17T07:46:25","guid":{"rendered":"http:\/\/os-dragatus.splet.arnes.si\/?page_id=62"},"modified":"2025-12-19T13:04:56","modified_gmt":"2025-12-19T12:04:56","slug":"katalog-informacij-javnega-znacaja","status":"publish","type":"page","link":"https:\/\/www.os-dragatus.si\/?page_id=62","title":{"rendered":"Katalog informacij javnega zna\u010daja"},"content":{"rendered":"<p><strong><span style=\"color: #800000\">1. OSNOVNI PODATKI O KATALOGU<\/span><\/strong><\/p>\n<p>Naziv organa: Osnovna \u0161ola komandanta Staneta Dragatu\u0161 (kraj\u0161e O\u0160 Dragatu\u0161), Dragatu\u0161 48, 8343 Dragatu\u0161<br \/>\nOdgovorna uradna oseba : Sanela Majstorovi\u0107, prof. r. p. &#8211; ravnateljica<br \/>\nDatum prve objave kataloga : December 2009<br \/>\nDatum zadnje spremembe : 4. 9. 2024<br \/>\nKatalog je dostopen na spletnem mestu : www.os-dragatus.si<br \/>\nDruge oblike kataloga : Tiskana oblika, dostopna na sede\u017eu Osnovne \u0161ole komandanta Staneta Dragatu\u0161, Dragatu\u0161 48, 8343 Dragatu\u0161<\/p>\n<p><strong><span style=\"color: #800000\">2. SPLO\u0160NI PODATKI O ORGANU IN INFORMACIJAH JAVNEGA ZNA\u010cAJA S KATERIMI RAZPOLAGA<\/span><\/strong><\/p>\n<p>Sede\u017e zavoda : Dragatu\u0161 48, 8343 Dragatu\u0161<br \/>\nTelefon: (07) 305 78 10<br \/>\nSpletna stran : www.os-dragatus.si<br \/>\nElektronski naslov :&nbsp;<span id=\"cloak11201\">info@os-dragatus.si<\/span><br \/>\nDav\u010dna \u0161tevilka : 83415394<br \/>\nMati\u010dna \u0161tevilka : 5082773000<br \/>\nPodra\u010dun : 01217-6030647939<br \/>\nPodatki o ustanovitelju : O\u0160 Dragatu\u0161 je ustanovila Ob\u010dina \u010crnomelj s sklepom \u0161t. 022\/15-62 z dne 24. 12. 1962 (september 1858).<br \/>\nPodatki o registraciji : Okro\u017eno sodi\u0161\u010de v Novem mestu&nbsp;&nbsp; \/&nbsp;&nbsp; Osnovna \u0161ifra dejavnosti: 85.200&nbsp;&nbsp; \/&nbsp;&nbsp; Prvi vpis v sodni register: 01. 01. 1979.<\/p>\n<p><span style=\"color: #800000\">2a. Organigram in podatki o organizaciji organa<\/span><\/p>\n<p>Kratek opis delovnega podro\u010dja organa : Osnovno\u0161olsko izobra\u017eevanje.<br \/>\nSeznam vseh notranjih organizacijskih enot :<br \/>\n&#8211; Osnovna \u0161ola komandanta Staneta Dragatu\u0161; Dragatu\u0161 48, 8343 Dragatu\u0161 <a href=\"https:\/\/www.os-dragatus.si\/files\/2025\/02\/organigram-OS.pdf\">(klik za ogled organigrama \u0161ole)<\/a><br \/>\n&#8211; Enota vrtca pri osnovni \u0161oli komandanta Staneta Dragatu\u0161; Dragatu\u0161 48, 8343 Dragatu\u0161 <a href=\"https:\/\/www.os-dragatus.si\/files\/2025\/02\/organigram-vrtec.pdf\">(klik za ogled organigrama vrtca)<\/a><\/p>\n<p><span style=\"color: #800000\">2b. Kontaktni podatki uradne osebe (oseb), pristojnih za posredovanje informacij<\/span><\/p>\n<p>Sanela Majstorovi\u0107, prof. r. p., ravnateljica<br \/>\nDragatu\u0161 48, 8343 Dragatu\u0161; tel.: (07) 55 55 811<br \/>\nE-po\u0161ta: sanela.majstorovic@os-dragatus.si<\/p>\n<p><span style=\"color: #800000\">2c. Seznam zakonov, podzakonskih aktov in predpisov Evropske skupnosti z delovnega podro\u010dja organa <\/span><\/p>\n<p><strong>Dr\u017eavni predpisi<\/strong>:<br \/>\n<a href=\"http:\/\/www.pisrs.si\/Pis.web\/pregledPredpisa?id=ZAKO10\" target=\"_blank\" rel=\"noopener noreferrer\">Zakon o zavodih<\/a><br \/>\n<a href=\"http:\/\/www.pisrs.si\/Pis.web\/pregledPredpisa?id=ZAKO445\" target=\"_blank\" rel=\"noopener noreferrer\">Zakon o organizaciji in financiranju vzgoje in izobra\u017eevanja<\/a><br \/>\n<a href=\"http:\/\/www.pisrs.si\/Pis.web\/pregledPredpisa?id=ZAKO460\" target=\"_blank\" rel=\"noopener noreferrer\">Zakon o \u0161olski in\u0161pekciji<\/a><br \/>\n<a href=\"http:\/\/www.pisrs.si\/Pis.web\/pregledPredpisa?id=ZAKO5944\" target=\"_blank\" rel=\"noopener noreferrer\">Zakon o delovnih razmerjih<\/a><br \/>\n<a href=\"http:\/\/www.pisrs.si\/Pis.web\/pregledPredpisa?id=ZAKO3177\" target=\"_blank\" rel=\"noopener noreferrer\">Zakon o javnih uslu\u017ebencih<\/a><br \/>\n<a href=\"http:\/\/www.pisrs.si\/Pis.web\/pregledPredpisa?id=KOLP11\" target=\"_blank\" rel=\"noopener noreferrer\">Kolektivna pogodba za negospodarske dejavnosti v Republiki Sloveniji<\/a><br \/>\n<a href=\"http:\/\/www.pisrs.si\/Pis.web\/pregledPredpisa?id=ZAKO3328\" target=\"_blank\" rel=\"noopener noreferrer\">Zakon o sistemu pla\u010d v javnem sektorju<\/a><br \/>\n<a href=\"http:\/\/www.pisrs.si\/Pis.web\/pregledPredpisa?id=PRAV4272\" target=\"_blank\" rel=\"noopener noreferrer\">Pravilnik o napredovanju zaposlenih v vzgoji in izobra\u017eevanju v nazive<\/a><br \/>\n<a href=\"http:\/\/www.pisrs.si\/Pis.web\/pregledPredpisa?id=PRAV6698\" target=\"_blank\" rel=\"noopener noreferrer\">Pravilnik o strokovnem izpitu strokovnih delavcev na podro\u010dju vzgoje in izobra\u017eevanja<\/a><br \/>\n<a href=\"http:\/\/www.pisrs.si\/Pis.web\/pregledPredpisa?id=KOLP19\" target=\"_blank\" rel=\"noopener noreferrer\">Kolektivna pogodba za dejavnost vzgoje in izobra\u017eevanja v Republiki Sloveniji<\/a><br \/>\n<a href=\"http:\/\/www.pisrs.si\/Pis.web\/pregledPredpisa?id=PRAV13349\" target=\"_blank\" rel=\"noopener noreferrer\">Pravilnik o uvrstitvi delovnih mest direktorjev s podro\u010dja \u0161olstva in \u0161porta v pla\u010dne razrede znotraj razponov pla\u010dnih razredov<\/a><br \/>\n<a href=\"http:\/\/www.pisrs.si\/Pis.web\/pregledPredpisa?id=PRAV3667\" target=\"_blank\" rel=\"noopener noreferrer\">Pravilnik o spremembah in dopolnitvah pravilnika o napredovanju zaposlenih v vrtcih in \u0161olah v pla\u010dilne razrede<\/a><br \/>\n<a href=\"http:\/\/www.pisrs.si\/Pis.web\/pregledPredpisa?id=PRAV13076\" target=\"_blank\" rel=\"noopener noreferrer\">Pravilnik o upravljanju u\u010dbeni\u0161kih skladov<\/a><a href=\"http:\/\/www.pisrs.si\/Pis.web\/pregledPredpisa?id=ZAKO7086\" target=\"_blank\" rel=\"noopener noreferrer\"><br \/>\nZakon o javnem naro\u010danju<\/a><br \/>\n<a href=\"https:\/\/www.uradni-list.si\/glasilo-uradni-list-rs\/vsebina\/2004-01-4601?sop=2004-01-4601\" target=\"_blank\" rel=\"noopener noreferrer\">Pravilnik o pogojih, ki jih morajo izpolnjevati vozila in vozniki vozil, s katerimi se vozijo skupine otrok<\/a><br \/>\n<a href=\"http:\/\/www.pisrs.si\/Pis.web\/pregledPredpisa?id=ZAKO2442\" target=\"_blank\" rel=\"noopener noreferrer\">Zakon o knji\u017eni\u010darstvu<\/a><br \/>\n<a href=\"https:\/\/www.uradni-list.si\/glasilo-uradni-list-rs\/vsebina\/2004-01-0075?sop=2004-01-0075\" target=\"_blank\" rel=\"noopener noreferrer\">Zakon o spremembah in dopolnitvah zakona o javnih naro\u010dilih<\/a><br \/>\n<a href=\"http:\/\/www.pisrs.si\/Pis.web\/pregledPredpisa?id=ZAKO3906\" target=\"_blank\" rel=\"noopener noreferrer\">Zakon o varstvu osebnih podatkov<\/a><br \/>\n<a href=\"http:\/\/www.pisrs.si\/Pis.web\/pregledPredpisa?id=ZAKO3336\" target=\"_blank\" rel=\"noopener noreferrer\">Zakon o dostopu do informacij javnega zna\u010daja<\/a><br \/>\n<a href=\"http:\/\/www.pisrs.si\/Pis.web\/pregledPredpisa?id=ZAKO1603\" target=\"_blank\" rel=\"noopener noreferrer\">Zakon o splo\u0161nem upravnem postopku<\/a><br \/>\n<a href=\"http:\/\/www.pisrs.si\/Pis.web\/pregledPredpisa?id=ZAKO448\" target=\"_blank\" rel=\"noopener noreferrer\">Zakon o osnovni \u0161oli<\/a><br \/>\n<a href=\"http:\/\/www.pisrs.si\/Pis.web\/pregledPredpisa?id=PRAV11583\" target=\"_blank\" rel=\"noopener noreferrer\">Pravilnik o preverjanju in ocenjevanju znanja ter napredovanju u\u010dencev v osnovni \u0161oli<\/a><br \/>\n<a href=\"http:\/\/www.pisrs.si\/Pis.web\/pregledPredpisa?id=PRAV11251\" target=\"_blank\" rel=\"noopener noreferrer\">Pravilnik o dokumentaciji v osnovni \u0161oli<\/a><br \/>\n<a href=\"http:\/\/www.pisrs.si\/Pis.web\/pregledPredpisa?id=PRAV11347\" target=\"_blank\" rel=\"noopener noreferrer\">Pravilnik o \u0161olskem koledarju za osnovne \u0161ole<\/a><br \/>\n<a href=\"http:\/\/www.pisrs.si\/Pis.web\/pregledPredpisa?id=PRAV6096\" target=\"_blank\" rel=\"noopener noreferrer\">Pravilnik o zbiranju in varstvu osebnih podatkov na podro\u010dju osnovno\u0161olskega izobra\u017eevanja<\/a><br \/>\n<a href=\"http:\/\/www.pisrs.si\/Pis.web\/pregledPredpisa?id=PRAV11584\" target=\"_blank\" rel=\"noopener noreferrer\">Pravilnik o nacionalnem preverjanju znanja v osnovni \u0161oli<\/a><br \/>\n<a href=\"http:\/\/www.pisrs.si\/Pis.web\/pregledPredpisa?id=PRAV5933\" target=\"_blank\" rel=\"noopener noreferrer\">Pravilnik o financiranju \u0161ole v naravi<\/a><a href=\"http:\/\/zakonodaja.gov.si\/rpsi\/r00\/predpis_PRAV5860.html\" target=\"_blank\" rel=\"noopener noreferrer\"><br \/>\n<\/a><a href=\"http:\/\/www.pisrs.si\/Pis.web\/pregledPredpisa?id=ZAKO6564\" target=\"_blank\" rel=\"noopener noreferrer\">Pravilnik o \u0161olski prehrani<\/a><a href=\"http:\/\/www.pisrs.si\/Pis.web\/pregledPredpisa?id=ZAKO1597\" target=\"_blank\" rel=\"noopener noreferrer\"><br \/>\nZakon o ra\u010dunovodstvu<\/a><\/p>\n<p><strong>Predpisi lokalne skupnosti:<\/strong><br \/>\n<a href=\"https:\/\/www.uradni-list.si\/glasilo-uradni-list-rs\/vsebina\/2020-01-3143\/odlok-o-ustanovitvi-javnega-vzgojno-izobrazevalnega-zavoda-osnovna-sola-komandanta-staneta-dragatus?h=OSNOVNA%20%C5%A0OLA%20KOMANDANTA%20STANETA%20DRAGATU%C5%A0\" target=\"_blank\" rel=\"noopener\">Odlok o ustanovitvi javnega vzgojno-izobra\u017eevalnega zavoda Osnovna \u0161ola komandanta Staneta Dragatu\u0161 (2020)<\/a><br \/>\n<a href=\"https:\/\/www.uradni-list.si\/glasilo-uradni-list-rs\/vsebina\/2023-01-3632\/odlok-o-spremembah-in-dopolnitvah-odloka-o-ustanovitvi-javnega-vzgojno-izobrazevalnega-zavoda-osnovna-sola-komandanta-staneta-dragatus?h=OSNOVNA%20%C5%A0OLA%20KOMANDANTA%20STANETA%20DRAGATU%C5%A0\" target=\"_blank\" rel=\"noopener\">Odlok o spremembah in dopolnitvah Odloka o ustanovitvi javnega vzgojno-izobra\u017eevalnega zavoda Osnovna \u0161ola komandanta Staneta Dragatu\u0161 (2023)<\/a><\/p>\n<p><strong>Predpisi EU:<\/strong> Na na\u0161em podro\u010dju ni predpisov, ki bi bili regulirani s strani EU<\/p>\n<p style=\"line-height: 150%\"><strong>Notranji predpisi :<\/strong><br \/>\n\u0160olski sklad<br \/>\nAkt o ustanovitvi<br \/>\nPravila Osnovne \u0161ole komandanta Staneta Dragatu\u0161<br \/>\nPravilnik o sistemizaciji delovnih mest v O\u0160 Dragatu\u0161<br \/>\nPoslovnik o delu Sveta \u0161ole<br \/>\nPoslovnik o delu Sveta star\u0161ev<br \/>\nPo\u017earni red s po\u017earnim na\u010drtom<br \/>\nHi\u0161ni red<br \/>\nPravilnik o zavarovanju osebnih podatkov v O\u0160 Dragatu\u0161<br \/>\nPravilnik o subvencioniranju \u0161olske prehrane v O\u0160 Dragatu\u0161<br \/>\nPravilnik o ra\u010dunovodstvu<span style=\"font-size: 8pt\"><br \/>\n<strong><span style=\"line-height: 150%;font-family: 'Verdana','sans-serif';color: #434729\"><br \/>\n<\/span><\/strong><\/span><span style=\"color: #800000\">2d. Seznam predlogov predpisov (preko dr\u017eavnega oz. lokalnega registra predpisov) <\/span><\/p>\n<p>Predlogi splo\u0161nih aktov zavoda<\/p>\n<p><span style=\"color: #800000\">2e. Seznam strate\u0161kih in programskih dokumentov po vsebinskih sklopih <\/span><\/p>\n<p>&#8211; Letni delovni na\u010drt&nbsp;<br \/>\n&#8211; Poro\u010dilo o realizaciji LDN za \u0161olsko leto<br \/>\n&#8211; Pravila in drugi akti zavoda.<\/p>\n<p style=\"line-height: 150%\"><span style=\"color: #800000\">2f. Seznam vrst upravnih, sodnih ali zakonodajnih postopkov <\/span><\/p>\n<p>Prijavno-sprejemni postopek za vpis v prvi razred.<br \/>\nNapredovanje delavcev v pla\u010dilne razrede.<br \/>\nNapredovanje strokovnih delavcev v nazive.<br \/>\nSprejem Letnega delovnega na\u010drta.<br \/>\nSprejem Poro\u010dila o realizaciji LDN.<br \/>\nSprejem Poslovnega poro\u010dila.<\/p>\n<p><span style=\"color: #800000\">2g. Seznam javnih evidenc, s katerimi organ upravlja <\/span><\/p>\n<p>Seznam vpisanih u\u010dencev za teko\u010de \u0161olsko leto.<br \/>\nSeznam zaposlenih.<br \/>\nSeznam u\u010dencev s posebnimi potrebami.<br \/>\nSeznam nadarjenih u\u010dencev.<\/p>\n<p><span style=\"color: #800000\">2h. Seznam drugih informatiziranih zbirk podatkov <\/span><\/p>\n<p>Zbirka podatkov o u\u010dencih, njihovih star\u0161ih oz. zakonitih zastopnikih, ki so vklju\u010deni v v O\u0160 Dragatu\u0161 in ki so bili.<br \/>\nEvidenca o zaposlenih delavcih.<br \/>\nEvidenca o pla\u010dah.<\/p>\n<p><span style=\"color: #800000\">2i. Najpomembnej\u0161i vsebinski sklopi drugih informacij javnega zna\u010daja oz. seznam posameznih dokumentov <\/span><\/p>\n<p>Urniki u\u010dencev za trenutno \u0161. l.&nbsp;<br \/>\nUrniki oddelkov za trenutno \u0161. l.&nbsp;<br \/>\n\u0160olski koledar za trenutno \u0161. l.&nbsp;<br \/>\nCenik malic in kosil za trenutno \u0161. l.<\/p>\n<p style=\"line-height: 150%\"><span style=\"font-size: 8pt;color: #000000\"><strong><span style=\"line-height: 150%;font-family: 'Verdana','sans-serif'\"><br \/>\n<\/span><\/strong><\/span><span style=\"color: #800000\"><strong>3. OPIS NA\u010cINA DOSTOPA DO DRUGIH INFORMACIJA JAVNEGA ZNA\u010cAJA <\/strong><\/span><\/p>\n<p>1. <strong>NEPOSREDEN DOSTOP &#8211; OSEBNO<\/strong>: stranke lahko do informacij javnega zna\u010daja dostopajo, \u010de se osebno zglasijo na sede\u017eu O\u0160 Dragatu\u0161 (od ponedeljka do petka med 7.00 in 13.00). Nekatere informacije so na voljo tudi v \u0161olski publikaciji za posamezno \u0161olsko leto.<\/p>\n<p>2. <strong>DELNI DOSTOP<\/strong>: v skladu z v skladu z <a href=\"http:\/\/www.pisrs.si\/Pis.web\/pregledPredpisa?id=URED6941\" target=\"_blank\" rel=\"noopener noreferrer\">Uredbo o posredovanju in ponovni uporabi informacij javnega zna\u010daja<\/a>.<\/p>\n<p style=\"line-height: 150%\"><span style=\"font-size: 8pt\"><strong><span style=\"line-height: 150%;font-family: 'Verdana','sans-serif';color: #434729\"><br \/>\n<\/span><\/strong><\/span><span style=\"color: #800000\"><strong>4. STRO\u0160KOVNIK OZ. DRUGI POGOJI ZA PONOVNO UPORABO INFORMACIJ JAVNEGA ZNA\u010cAJA<\/strong><\/span><br \/>\n<span style=\"font-size: 8pt\"><strong><span style=\"line-height: 150%;font-family: 'Verdana','sans-serif';color: #434729\"><span style=\"color: #000000\"><br \/>\n<\/span><\/span><\/strong><\/span><strong>Stro\u0161ki posredovanja informacij javnega zna\u010daja<\/strong>: v skladu z <a href=\"http:\/\/www.pisrs.si\/Pis.web\/pregledPredpisa?id=URED3688\" target=\"_blank\" rel=\"noopener noreferrer\"> Uredbo o posredovanju in ponovni uporabi informacij javnega zna\u010daja<\/a>.<\/p>\n<p><strong>Na\u010din pla\u010dila stro\u0161kov<\/strong> : v skladu z <a href=\"http:\/\/www.pisrs.si\/Pis.web\/pregledPredpisa?id=URED6941\" target=\"_blank\" rel=\"noopener noreferrer\"> Uredbo o posredovanju in ponovni uporabi informacij javnega zna\u010daja<\/a>.<\/p>\n<p><strong>Cena in drugi pogoji ponovne porabe informacij javnega zna\u010daja<\/strong> : v skladu z <a href=\"http:\/\/www.pisrs.si\/Pis.web\/pregledPredpisa?id=URED6941\" target=\"_blank\" rel=\"noopener noreferrer\"> Uredbo o posredovanju in ponovni uporabi informacij javnega zna\u010daja<\/a>.<\/p>\n","protected":false},"excerpt":{"rendered":"<p>1. OSNOVNI PODATKI O KATALOGU Naziv organa: Osnovna \u0161ola komandanta Staneta Dragatu\u0161 (kraj\u0161e O\u0160 Dragatu\u0161), Dragatu\u0161 48, 8343 Dragatu\u0161 Odgovorna uradna oseba : Sanela Majstorovi\u0107, prof. r. p. &#8211; ravnateljica Datum prve objave kataloga : December 2009 Datum zadnje spremembe : 4. 9. 2024 Katalog je dostopen na spletnem mestu : www.os-dragatus.si Druge oblike kataloga [&hellip;]<\/p>\n","protected":false},"author":1706,"featured_media":0,"parent":0,"menu_order":20,"comment_status":"closed","ping_status":"closed","template":"","meta":{"_et_pb_use_builder":"","_et_pb_old_content":"","_et_gb_content_width":"","ngg_post_thumbnail":0,"footnotes":"","_expiration-date-status":"","_expiration-date":0,"_expiration-date-type":"","_expiration-date-categories":[],"_expiration-date-options":[]},"class_list":["post-62","page","type-page","status-publish","hentry"],"_links":{"self":[{"href":"https:\/\/www.os-dragatus.si\/index.php?rest_route=\/wp\/v2\/pages\/62","targetHints":{"allow":["GET"]}}],"collection":[{"href":"https:\/\/www.os-dragatus.si\/index.php?rest_route=\/wp\/v2\/pages"}],"about":[{"href":"https:\/\/www.os-dragatus.si\/index.php?rest_route=\/wp\/v2\/types\/page"}],"author":[{"embeddable":true,"href":"https:\/\/www.os-dragatus.si\/index.php?rest_route=\/wp\/v2\/users\/1706"}],"replies":[{"embeddable":true,"href":"https:\/\/www.os-dragatus.si\/index.php?rest_route=%2Fwp%2Fv2%2Fcomments&post=62"}],"version-history":[{"count":15,"href":"https:\/\/www.os-dragatus.si\/index.php?rest_route=\/wp\/v2\/pages\/62\/revisions"}],"predecessor-version":[{"id":40567,"href":"https:\/\/www.os-dragatus.si\/index.php?rest_route=\/wp\/v2\/pages\/62\/revisions\/40567"}],"wp:attachment":[{"href":"https:\/\/www.os-dragatus.si\/index.php?rest_route=%2Fwp%2Fv2%2Fmedia&parent=62"}],"curies":[{"name":"wp","href":"https:\/\/api.w.org\/{rel}","templated":true}]}}