{"id":33717,"date":"2024-03-04T14:20:55","date_gmt":"2024-03-04T13:20:55","guid":{"rendered":"https:\/\/os-dragatus.splet.arnes.si\/?page_id=33717"},"modified":"2025-09-01T09:26:31","modified_gmt":"2025-09-01T07:26:31","slug":"stiki","status":"publish","type":"page","link":"https:\/\/www.os-dragatus.si\/?page_id=33717","title":{"rendered":"Kontakt"},"content":{"rendered":"<p><span style=\"color: #b8896b\"><strong>\u0160OLA: info@os-dragatus.si<\/strong><\/span><\/p>\n<p><span style=\"color: #b8896b\"><strong>RAVNATELJICA<\/strong><\/span> &#8211; <strong>Sanela Majstorovi\u0107<\/strong>: sanela.majstorovic@os-dragatus.si<\/p>\n<p><span style=\"color: #b8896b\"><strong>TAJNICA \/ RA\u010cUNOVODSTVO<\/strong>&nbsp;<\/span>&#8211; <strong>Mateja Kav\u0161ek<\/strong>: mateja.kavsek@guest.arnes.si<\/p>\n<p><span style=\"color: #b8896b\"><strong>ROID&nbsp; &#8211; ra\u010dunalnikar <\/strong><\/span>&#8211; <strong>Rok Mik\u0161i\u010d<\/strong>: rok.miksic@os-dragatus.si<\/p>\n<p>&nbsp;<\/p>\n<p><strong>Telefon:<\/strong><\/p>\n<p><strong>07 30 57 810 &#8211; tajni\u0161tvo<\/strong><\/p>\n<p>07 55 55 811 &#8211; ravnateljica<\/p>\n<p>07 55 55 812 &#8211; svetovalna slu\u017eba<\/p>\n<p>07 55 55 813 &#8211; zbornica<\/p>\n<p>07 55 55 814 &#8211; kuhinja<\/p>\n<p>07 55 55 815 &#8211; vrtec<\/p>\n<p>07 55 55 817 &#8211; knji\u017enica<\/p>\n<p>040 630 464 &#8211; mobilni tajni\u0161tvo<\/p>\n<p>040 846 481 &#8211; mobilni ravnateljica<\/p>\n<p><strong><span style=\"color: #b8896b\"><br \/>\nRAZREDNIKI<\/span>:<\/strong><\/p>\n<p><span style=\"color: #008000\"><strong>1. razred<\/strong><\/span> &#8211; <strong>Marija Vesna Frank<\/strong>: marijavesna.frank@os-dragatus.si<\/p>\n<p><span style=\"color: #008000\"><strong>2. razred<\/strong><\/span> &#8211; <strong>Mojca Pavlini\u010d<\/strong>: mojca.pavlinic1@os-dragatus.si<\/p>\n<p><span style=\"color: #008000\"><strong>3. razred<\/strong><\/span> &#8211; <strong>Sabina Luke\u017ei\u010d<\/strong>: sabina.lukezic@os-dragatus.si&nbsp;<\/p>\n<p><span style=\"color: #008000\"><strong>4. razred<\/strong><\/span> &#8211; <strong>Ivanka \u0160u\u0161tari\u010d: <\/strong>ivanka.sustaric@os-dragatus.si<\/p>\n<p><span style=\"color: #008000\"><strong>5. razred &#8211;&nbsp; <\/strong><\/span><strong>Jo\u017eica Medve\u0161ek Grobov\u0161ek; <\/strong>jozica.medvesek-grobovsek@guest.arnes.si&nbsp;<\/p>\n<p><span style=\"color: #008000\"><strong>6. razred<\/strong><\/span> &#8211; <strong>Nata\u0161a Podhostnik<\/strong>: natasa.podhostnik@os-dragatus.si&nbsp;<\/p>\n<p><span style=\"color: #008000\"><strong>7. razred<\/strong><\/span> &#8211; <strong>Nata\u0161a Podhostnik:<\/strong> natasa.podhostnik@os-dragatus.si<\/p>\n<p><span style=\"color: #008000\"><strong>8. razred<\/strong><\/span> &#8211; <strong>Ljiljana Jankovi\u010d:<\/strong> ljiljana.jankovic@os-dragatus.si<\/p>\n<p><span style=\"color: #008000\"><strong>9. razred<\/strong><\/span> &#8211; <strong>JasminaStrugar:<\/strong> jasmina.strugar@os-dragatus.si<\/p>\n<p>&nbsp;<\/p>\n<p><span style=\"color: #b8896b\"><strong><br \/>\nOSTALI PEDAGO\u0160KI DELAVCI:<\/strong><\/span><\/p>\n<p><strong>Maja Lamut<\/strong>: maja.lamut@os-dragatus.si<\/p>\n<p><strong>Anita Vrtin<\/strong>: anita.vrtin@os-dragatus.si&nbsp;<\/p>\n<p><strong>Nata\u0161a Podhostnik<\/strong>: natasa.podhostnik@os-dragatus.si&nbsp;<\/p>\n<p><strong>Ur\u0161ka Kova\u010di\u010d<\/strong>: urska.kovacic@os-dragatus.si<\/p>\n<p><strong>Tanja Jan\u017eekovi\u010d<\/strong>: tanja.janzekovic@os-dragatus.si<\/p>\n<p><strong>Robertina Ladika Migali\u010d<\/strong>: robertina.ladika@guest.arnes.si<\/p>\n<p><strong>Iva Schweiger<\/strong>: iva.schweiger@os-mjc.si<\/p>\n<p><strong>Jo\u017eica Medve\u0161ek Grobov\u0161ek<\/strong>: jozica.medvesek-grobovsek@guest.arnes.si<\/p>\n<p><strong>Barbara Stuhne Vuk<\/strong>: barbara.stuhne-vuk@guest.arnes.si&nbsp;<\/p>\n<p><b>\u017dan Brozovi\u010d:&nbsp;<\/b>zan.brozovic@os-dragatus.si<\/p>\n<p><strong>\u0160pela \u0160tefani\u010d:&nbsp;<\/strong>spela.stefanic@os-dragatus.si<\/p>\n<p><strong>Sebastjan Slemen\u0161ek:&nbsp;<\/strong>sebastjan.slemensek@os-dragatus.si<\/p>\n<p><strong>Maja Jelere\u010di\u010d Jesih:&nbsp;<\/strong>maja.jelercic-jesih@os-dragatus.si<\/p>\n<p><span style=\"color: #b8896b\"><strong>OSTALO:<\/strong><\/span><\/p>\n<p><span style=\"color: #b8896b\"><strong>SVETOVALNA SLU\u017dBA<\/strong><\/span> &#8211; <strong>Silva Nagode<\/strong>: svetovalna-sluzba@os-dragatus.si<\/p>\n","protected":false},"excerpt":{"rendered":"<p>\u0160OLA: info@os-dragatus.si RAVNATELJICA &#8211; Sanela Majstorovi\u0107: sanela.majstorovic@os-dragatus.si TAJNICA \/ RA\u010cUNOVODSTVO&nbsp;&#8211; Mateja Kav\u0161ek: mateja.kavsek@guest.arnes.si ROID&nbsp; &#8211; ra\u010dunalnikar &#8211; Rok Mik\u0161i\u010d: rok.miksic@os-dragatus.si &nbsp; Telefon: 07 30 57 810 &#8211; tajni\u0161tvo 07 55 55 811 &#8211; ravnateljica 07 55 55 812 &#8211; svetovalna slu\u017eba 07 55 55 813 &#8211; zbornica 07 55 55 814 &#8211; kuhinja 07 55 [&hellip;]<\/p>\n","protected":false},"author":1706,"featured_media":0,"parent":0,"menu_order":0,"comment_status":"closed","ping_status":"closed","template":"","meta":{"_et_pb_use_builder":"","_et_pb_old_content":"","_et_gb_content_width":"","ngg_post_thumbnail":0,"footnotes":"","_expiration-date-status":"","_expiration-date":0,"_expiration-date-type":"","_expiration-date-categories":[],"_expiration-date-options":[]},"class_list":["post-33717","page","type-page","status-publish","hentry"],"_links":{"self":[{"href":"https:\/\/www.os-dragatus.si\/index.php?rest_route=\/wp\/v2\/pages\/33717","targetHints":{"allow":["GET"]}}],"collection":[{"href":"https:\/\/www.os-dragatus.si\/index.php?rest_route=\/wp\/v2\/pages"}],"about":[{"href":"https:\/\/www.os-dragatus.si\/index.php?rest_route=\/wp\/v2\/types\/page"}],"author":[{"embeddable":true,"href":"https:\/\/www.os-dragatus.si\/index.php?rest_route=\/wp\/v2\/users\/1706"}],"replies":[{"embeddable":true,"href":"https:\/\/www.os-dragatus.si\/index.php?rest_route=%2Fwp%2Fv2%2Fcomments&post=33717"}],"version-history":[{"count":13,"href":"https:\/\/www.os-dragatus.si\/index.php?rest_route=\/wp\/v2\/pages\/33717\/revisions"}],"predecessor-version":[{"id":39383,"href":"https:\/\/www.os-dragatus.si\/index.php?rest_route=\/wp\/v2\/pages\/33717\/revisions\/39383"}],"wp:attachment":[{"href":"https:\/\/www.os-dragatus.si\/index.php?rest_route=%2Fwp%2Fv2%2Fmedia&parent=33717"}],"curies":[{"name":"wp","href":"https:\/\/api.w.org\/{rel}","templated":true}]}}