{"id":19275,"date":"2018-02-08T08:22:06","date_gmt":"2018-02-08T07:22:06","guid":{"rendered":"http:\/\/os-dragatus.splet.arnes.si\/?page_id=19275"},"modified":"2026-02-11T08:19:04","modified_gmt":"2026-02-11T07:19:04","slug":"dokumenti","status":"publish","type":"page","link":"https:\/\/www.os-dragatus.si\/?page_id=19275","title":{"rendered":"Dokumenti"},"content":{"rendered":"<p><a href=\"https:\/\/www.os-dragatus.si\/files\/2025\/03\/Hisni-red.pdf\" target=\"_blank\" rel=\"noopener\">Hi\u0161ni red<\/a><\/p>\n<p><a href=\"https:\/\/www.os-dragatus.si\/files\/2026\/02\/pravila-solskega-reda-26.pdf\" target=\"_blank\" rel=\"noopener\">Pravila \u0161olskega reda<\/a><\/p>\n<p><a href=\"https:\/\/www.os-dragatus.si\/files\/2022\/08\/zac-pogodba-prehrana-22-23.pdf\" target=\"_blank\" rel=\"noopener\">Pogodba o prehrani<\/a><\/p>\n<p><a href=\"https:\/\/www.os-dragatus.si\/files\/2023\/10\/zac-obrazec-sprememba_obroka_23-24.pdf\" target=\"_blank\" rel=\"noopener noreferrer\">Obrazec &#8211; sprememba obroka<\/a><\/p>\n<p><a href=\"https:\/\/www.os-dragatus.si\/files\/2014\/02\/pravilnik o delu solskega sklada.pdf\" target=\"_blank\" rel=\"noopener\">Pravilnik o delu \u0161olskega sklada<\/a><\/p>\n<p><a href=\"https:\/\/www.os-dragatus.si\/files\/2019\/04\/soglasje-trajnik.xls\" target=\"_blank\" rel=\"noopener noreferrer\">Soglasje za pla\u010devanje polo\u017enic s trajnikom<\/a> (prenese se Excel datoteka)<\/p>\n<p><a href=\"https:\/\/www.os-dragatus.si\/files\/2024\/06\/prijavnica-e-racun.pdf\" target=\"_blank\" rel=\"noopener noreferrer\">Prijavnica za e-ra\u010dun<\/a><\/p>\n<p><a href=\"https:\/\/www.os-dragatus.si\/files\/2019\/08\/prijavnica_GU.pdf\" target=\"_blank\" rel=\"noopener\">Obrazec &#8211; soglasje za prijavo na govorilno uro<\/a><\/p>\n<p><a href=\"https:\/\/www.os-dragatus.si\/files\/2025\/03\/Pravilnik-za-subvencioniranje-sole-v-naravi.pdf\">Pravilnik o podrobnej\u0161ih kriterijih in postopku dodelitve sredstev za subvencioniranje \u0161ole v naravi<\/a><\/p>\n<p><span data-olk-copy-source=\"MessageBody\"><div class='et-learn-more clearfix'>\n\t\t\t\t\t<h3 class='heading-more'>Pravilnik o \u0161olski prehrani<span class='et_learnmore_arrow'><span><\/span><\/span><\/h3>\n\t\t\t\t\t<div class='learn-more-content'><\/span><\/p>\n<p><a href=\"https:\/\/www.os-dragatus.si\/files\/2026\/02\/pravila-1.pdf\" target=\"_blank\" rel=\"noopener\">Pravilnik o \u0161olski prehrani (.pdf)<\/a><\/p>\n<p style=\"text-align: center\"><strong>PRAVILA <\/strong><strong>o \u0161olski prehrani\n<\/strong><strong>Osnovne \u0161ole komandanta Staneta Dragatu\u0161<\/strong><\/p>\n<p style=\"text-align: center\"><strong>SPLO\u0160NE ODLO\u010cBE<\/strong><\/p>\n<ol>\n<li><strong> \u010dlen<\/strong><\/li>\n<\/ol>\n<p>(vsebina in cilji)<\/p>\n<p>S temi pravili se v Osnovni \u0161oli komandanta Staneta Dragatu\u0161 (v nadaljevanju \u0161ola) dolo\u010dajo postopki, ki zagotavljajo:<\/p>\n<p>\u2212&nbsp; organizacijo \u0161olske prehrane,<\/p>\n<p>\u2212&nbsp; evidentiranje,<\/p>\n<p>\u2212&nbsp; nadzor nad kori\u0161\u010denjem obrokov,<\/p>\n<p>\u2212&nbsp; dolo\u010danje \u010dasa in na\u010dina odjave posameznega obroka,<\/p>\n<p>\u2212&nbsp; ravnanje z neprevzetimi obroki<\/p>\n<p>\u2212&nbsp; ter na\u010dine seznanitve u\u010dencev in star\u0161ev s Pravili o \u0161olski prehrani.<\/p>\n<p>S prijavo na \u0161olsko prehrano nastopi dol\u017enost u\u010denca oziroma star\u0161ev, da bo spo\u0161toval Pravila o \u0161olski prehrani, pravo\u010dasno odjavil posamezni obrok in \u0161oli pla\u010dal prevzete in nepravo\u010dasno odjavljene obroke.<\/p>\n<p><strong>ORGANIZACIJA \u0160OLSKE PREHRANE<\/strong><\/p>\n<ol start=\"2\">\n<li><strong> \u010dlen<\/strong><\/li>\n<\/ol>\n<p>(\u0161olska prehrana)<\/p>\n<p>\u0160olska prehrana po tem zakonu pomeni organizirano prehrano u\u010dencev v dneh, ko se v skladu s \u0161olskim koledarjem izvaja pouk.<\/p>\n<p>\u0160olska prehrana obsega dopoldansko malico za vse u\u010dence, kot dodatna ponudba pa tudi kosilo in popoldansko malico. Pri organizaciji \u0161olske prehrane se upo\u0161tevajo Smernice za zdravo prehranjevanja v vzgojno izobra\u017eevalnih zavodih, potrjene s strani Strokovnega sveta Republike Slovenije za splo\u0161no izobra\u017eevanje.<\/p>\n<ol start=\"3\">\n<li><strong> \u010dlen<\/strong><\/li>\n<\/ol>\n<p>(prijava na \u0161olsko prehrano)<\/p>\n<p>Ob vstopu otroka v 1. razred&nbsp; se z otrokovimi star\u0161i sklene pogodba, v kateri se dolo\u010dijo obveznosti \u0161ole glede kakovosti, nadzora, prijave in odjave obrokov, neporavnane obveznosti in izterjave dolga. Pogodba se sklene za \u010das \u0161olanja otroka.<\/p>\n<p>Prijavo na \u0161olsko prehrano oddajo star\u0161i, skrbniki in druge osebe, pri katerih so posamezni u\u010denci v oskrbi (v nadaljnjem besedilu: star\u0161i). Prijava se odda razredniku ali svetovalnemu delavcu praviloma v mesecu juniju za prihodnje \u0161olsko leto. Odda se lahko tudi kadarkoli med \u0161olskim letom.<\/p>\n<p>Prijava na \u0161olsko prehrano se vlo\u017ei na obrazcu, ki ga predpi\u0161e minister in se hrani pri svetovalni slu\u017ebi do konca \u0161olskega leta, za katerega je bila oddana. Prijava se lahko kadarkoli prekli\u010de. Preklic velja s prvim dnem v naslednjem mesecu po njegovem prejemu.<\/p>\n<p>S prijavo na \u0161olsko prehrano nastopi dol\u017enost u\u010denca oziroma star\u0161ev:<\/p>\n<p>&nbsp;&nbsp;&nbsp;&nbsp;&nbsp;&nbsp;&nbsp;&nbsp;&nbsp;&nbsp;&nbsp; &#8211; da bo spo\u0161toval pravila \u0161olske prehrane,<\/p>\n<p>&nbsp;&nbsp;&nbsp;&nbsp;&nbsp;&nbsp;&nbsp;&nbsp;&nbsp;&nbsp;&nbsp; &#8211; pravo\u010dasno odjavil posamezni obrok,<\/p>\n<p>&nbsp;&nbsp;&nbsp;&nbsp;&nbsp;&nbsp;&nbsp;&nbsp;&nbsp;&nbsp;&nbsp; &#8211; \u0161oli pla\u010dal prevzete in nepravo\u010dasno odjavljene obroke.<\/p>\n<ol start=\"4\">\n<li><strong> \u010dlen<\/strong><\/li>\n<\/ol>\n<p>(organizacija)<\/p>\n<p>Nabava \u017eivil se izvede preko javnega razpisa naro\u010danja, pri \u010demer se posebno skrb posveti kvaliteti izbora \u017eivil in visoko hranilnih \u017eivil. Hrana se pripravlja v \u0161olski kuhinji, pri \u010demer se posve\u010da posebna skrb pripravi zdrave hrane.<\/p>\n<ol start=\"5\">\n<li><strong> \u010dlen<\/strong><\/li>\n<\/ol>\n<p>(odjava&nbsp; posameznih obrokov)<\/p>\n<p>V primeru <strong>bolezni<\/strong> <strong>ali druge opravi\u010dene odsotnosti otroka,<\/strong> star\u0161i odjavijo obroke prehrane za dolo\u010den \u010das oz. \u010das odsotnosti u\u010denca. <strong>Star\u0161i ne morejo odjaviti otroka od obrokov prehrane, \u010de je otrok v \u0161oli<\/strong>. Obrok \u0161olske prehrane se odjavi v tajni\u0161tvu \u0161ole. Star\u0161i odjavijo prehrano ustno po telefonu ali z obrazcem na \u0161olski spletni strani.<\/p>\n<p>Za u\u010denca, ki je odsoten od pouka zaradi udele\u017ebe oz. sodelovanja pri dejavnostih, ki jih organizira \u0161ola, odjavi \u0161olsko prehrano razrednik ali strokovni delavec, ki je zadol\u017een za izvedbo dejavnosti (tekmovanje, sre\u010danje, ekskurzije \u2026).<\/p>\n<p>Obroke lahko odjavite do 7.30 teko\u010dega delovnega dneva. V tem primeru se obroki ne obra\u010dunajo.<\/p>\n<p>Odjava prehrane za nazaj ni mogo\u010da. <strong>Nepravo\u010dasno odjavljene obroke so star\u0161i dol\u017eni pla\u010dati. Enako velja za u\u010dence, ki so pridobili pravico do subvencionirane prehrane.&nbsp;<\/strong><\/p>\n<ol start=\"6\">\n<li><strong> \u010dlen<\/strong><\/li>\n<\/ol>\n<p>(preklic prijave prehrane za nedolo\u010den \u010das)<\/p>\n<p>Star\u0161i lahko kadarkoli brez obrazlo\u017eitve prekli\u010dejo prijavo prehrane za nedolo\u010den \u010das. Preklic odjave prehrane se odda v tajni\u0161tvu \u0161ole.<\/p>\n<p>Prijava se lahko prekli\u010de ustno po telefonu ali pisno.<strong>&nbsp;<\/strong><\/p>\n<ol start=\"7\">\n<li><strong> \u010dlen<\/strong><\/li>\n<\/ol>\n<p>(uradni zaznamek)<\/p>\n<p>&nbsp;\u010ce star\u0161i prijavo na \u0161olsko prehrano prekli\u010dejo ali jo odjavijo ustno, napi\u0161e zaposlena v tajni\u0161tvu \u0161ole uradni zaznamek. V uradnem zaznamku se vpi\u0161e naslednje podatke:<\/p>\n<ul>\n<li>dan in uro preklica oz. odjave,<\/li>\n<li>ime in priimek osebe, ki je preklicala oz. odjavila \u0161olsko prehrano,<\/li>\n<li>za katerega u\u010denca je bil podan preklic oz. odjava,<\/li>\n<li>s katerim dnem se u\u010dencu odjavlja prehrano,<\/li>\n<li>datum in podpis osebe, ki je prejela klic oz. odjavo.&nbsp;&nbsp;&nbsp;<\/li>\n<\/ul>\n<ol start=\"8\">\n<li><strong> \u010dlen<\/strong><\/li>\n<\/ol>\n<p>(obveznosti u\u010dencev in star\u0161ev)<\/p>\n<p><strong>&nbsp;&nbsp;<\/strong>S prijavo na \u0161olsko prehrano nastopi dol\u017enost u\u010denca oz. star\u0161ev, da bo:<\/p>\n<ul>\n<li>spo\u0161toval pravila \u0161olske prehrane,<\/li>\n<li>pla\u010dal prispevek za \u0161olsko prehrano,<\/li>\n<li>pravo\u010dasno odjavil posamezen obrok skladno s pravili \u0161olske prehrane,<\/li>\n<li>pla\u010dal polno ceno obroka, \u010de obroka ni pravo\u010dasno odjavil,<\/li>\n<li>\u0161oli v 30 dneh sporo\u010dil vsako spremembo podatkov, ki jih je podal v prijavi na prehrano.<\/li>\n<\/ul>\n<ol start=\"9\">\n<li><strong> \u010dlen<\/strong><\/li>\n<\/ol>\n<p>(ukrepi zaradi nepla\u010devanja)<\/p>\n<p>V kolikor star\u0161i niso pla\u010dali stro\u0161kov za \u0161olsko prehrano do roka zapadlosti ra\u010duna, se u\u010dencu lahko onemogo\u010di prejemanje \u0161olske prehrane (kosila) do pla\u010dila zaostalih obveznosti.<\/p>\n<p>Enkrat letno \u0161ola za dol\u017enike, ki niso pla\u010dali prehrane niti po treh opominih, spro\u017ei postopek pla\u010dila preko sodi\u0161\u010da.<strong>&nbsp;&nbsp;<\/strong><\/p>\n<ol start=\"10\">\n<li><strong> \u010dlen<\/strong><\/li>\n<\/ol>\n<p>&nbsp; (seznanitev u\u010dencev in star\u0161ev)<\/p>\n<p>\u0160ola seznani u\u010dence in star\u0161e&nbsp; o organizaciji \u0161olske prehrane, pravilih \u0161olske prehrane, njihovih obveznostih, subvencioniranju malice oz. kosila,&nbsp; ter o na\u010dinu in postopku uveljavljanja subvencije najkasneje do za\u010detka \u0161olskega leta. Star\u0161e in u\u010dence se do za\u010detka \u0161olskega leta praviloma seznani z objavo na spletni strani \u0161ole.&nbsp;<\/p>\n<ol start=\"11\">\n<li><strong> \u010dlen<\/strong><\/li>\n<\/ol>\n<p>(neprevzeti obroki)<\/p>\n<p>Obroke, ki niso prevzeti v predvidenem \u010dasu, \u0161ola brezpla\u010dno odstopi drugim u\u010dencem.<\/p>\n<p>Neprevzetih obrokov ni dovoljeno pogrevati ali shranjevati. Potrebno jih je dnevno razdeliti v skladu s prej\u0161njih odstavkom ali odstraniti.<\/p>\n<p style=\"text-align: center\"><strong>SPREMLJANJE IN NADZOR&nbsp;<\/strong><\/p>\n<ol start=\"12\">\n<li><strong> \u010dlen<\/strong><\/li>\n<\/ol>\n<p>(notranje spremljanje)<\/p>\n<p>\u0160ola med \u0161olskim letom vsaj enkrat preveri stopnjo zadovoljstva u\u010dencev in star\u0161ev s \u0161olsko prehrano in z dejavnostmi, s katerimi \u0161ola vzpodbuja zdravo prehranjevanje in kulturo prehranjevanja.<\/p>\n<p>Zadovoljstvo u\u010dencev se preveri z anketo, ki jo izpolnijo u\u010denci in star\u0161i. Za to je zadol\u017eena organizatorica \u0161olske prehrane.<\/p>\n<ol start=\"13\">\n<li><strong> \u010dlen<\/strong><\/li>\n<\/ol>\n<p>&nbsp;(evidentiranje obrokov in nadzor)<\/p>\n<p>\u0160ola vodi evidenco prijavljenih na \u0161olsko prehrano. Te podatke obdeluje za namen izvajanja zakona, uporablja pa jih tudi za zara\u010dunavanje pla\u010dila za \u0161olsko prehrano. Podatki se v evidenci hranijo pet let od zaklju\u010dka vsakega \u0161olskega leta, v katerem je u\u010denec ali dijak upravi\u010den do \u0161olske prehrane in se varujejo v skladu z zakonom, ki ureja varstvo osebnih podatkov. \u0160ola ministrstvu posreduje le zbirne (\u0161tevil\u010dne) podatke za izpla\u010dilo subvencij.<\/p>\n<p>\u0160ola vodi evidenco o:<\/p>\n<p>\u2212 \u0161tevilu prijavljenih u\u010dencev,<\/p>\n<p>\u2212 vrsti obrokov \u0161olske prehrane, na katere je u\u010denec prijavljen,<\/p>\n<p>\u2212 \u0161tevilu prevzetih obrokov,<\/p>\n<p>\u2212 \u0161tevilu odjavljenih obrokov,<\/p>\n<p>\u2212 \u0161tevilu nepravo\u010dasno odjavljenih obrokov.<\/p>\n<p>Nadzor nad izpolnjevanjem dogovorjenih dol\u017enosti opravlja <strong>ravnatelj<\/strong>, lahko pa tudi od njega poobla\u0161\u010dena oseba.&nbsp;<\/p>\n<ol start=\"14\">\n<li><strong> \u010dlen<\/strong><\/li>\n<\/ol>\n<p>(strokovno spremljanje)<\/p>\n<p>S strokovnim spremljanjem se ugotavlja skladnost jedilnikov s strokovnimi usmeritvami Strokovnega sveta Republike Slovenije za splo\u0161no izobra\u017eevanje. Strokovno spremljanje izvaja Nacionalni in\u0161titut za javno zdravje (NIJZ).<\/p>\n<p style=\"text-align: center\"><strong>PREHODNE IN KON\u010cNE DOLO\u010cBE<\/strong>&nbsp;<\/p>\n<ol start=\"15\">\n<li><strong> \u010dlen<\/strong><\/li>\n<\/ol>\n<p>(pogodbena razmerja)<\/p>\n<p>Vsa pogodbena razmerja, ki jih je sklenila \u0161ola za potrebe zagotavljanja \u0161olske prehrane pred uveljavitvijo teh pravil, prenehajo veljati v skladu s pogodbenimi dolo\u010dili.<\/p>\n<ol start=\"16\">\n<li><strong> \u010dlen\n<\/strong> (veljavnost pravilnika)<\/li>\n<\/ol>\n<p>&nbsp;<\/p>\n<p>Pravilnik stopi v veljavo 1. 2. 2026.<\/p>\n<p>Dragatu\u0161, 30. 1. 2026&nbsp;<\/p>\n<div data-darkreader-inline-color=\"\" data-olk-copy-source=\"MessageBody\"><\/div>\n\t\t\t\t<\/div><\/div>\n<p>&nbsp;<\/p>\n","protected":false},"excerpt":{"rendered":"<p>Hi\u0161ni red Pravila \u0161olskega reda Pogodba o prehrani Obrazec &#8211; sprememba obroka Pravilnik o delu \u0161olskega sklada Soglasje za pla\u010devanje polo\u017enic s trajnikom (prenese se Excel datoteka) Prijavnica za e-ra\u010dun Obrazec &#8211; soglasje za prijavo na govorilno uro Pravilnik o podrobnej\u0161ih kriterijih in postopku dodelitve sredstev za subvencioniranje \u0161ole v naravi &nbsp;<\/p>\n","protected":false},"author":1706,"featured_media":0,"parent":0,"menu_order":0,"comment_status":"closed","ping_status":"closed","template":"","meta":{"_et_pb_use_builder":"","_et_pb_old_content":"","_et_gb_content_width":"","ngg_post_thumbnail":0,"footnotes":"","_expiration-date-status":"","_expiration-date":0,"_expiration-date-type":"","_expiration-date-categories":[],"_expiration-date-options":[]},"class_list":["post-19275","page","type-page","status-publish","hentry"],"_links":{"self":[{"href":"https:\/\/www.os-dragatus.si\/index.php?rest_route=\/wp\/v2\/pages\/19275","targetHints":{"allow":["GET"]}}],"collection":[{"href":"https:\/\/www.os-dragatus.si\/index.php?rest_route=\/wp\/v2\/pages"}],"about":[{"href":"https:\/\/www.os-dragatus.si\/index.php?rest_route=\/wp\/v2\/types\/page"}],"author":[{"embeddable":true,"href":"https:\/\/www.os-dragatus.si\/index.php?rest_route=\/wp\/v2\/users\/1706"}],"replies":[{"embeddable":true,"href":"https:\/\/www.os-dragatus.si\/index.php?rest_route=%2Fwp%2Fv2%2Fcomments&post=19275"}],"version-history":[{"count":16,"href":"https:\/\/www.os-dragatus.si\/index.php?rest_route=\/wp\/v2\/pages\/19275\/revisions"}],"predecessor-version":[{"id":40998,"href":"https:\/\/www.os-dragatus.si\/index.php?rest_route=\/wp\/v2\/pages\/19275\/revisions\/40998"}],"wp:attachment":[{"href":"https:\/\/www.os-dragatus.si\/index.php?rest_route=%2Fwp%2Fv2%2Fmedia&parent=19275"}],"curies":[{"name":"wp","href":"https:\/\/api.w.org\/{rel}","templated":true}]}}