{"id":18501,"date":"2017-12-16T06:53:22","date_gmt":"2017-12-16T05:53:22","guid":{"rendered":"http:\/\/os-dragatus.splet.arnes.si\/?page_id=18501"},"modified":"2025-10-14T07:19:08","modified_gmt":"2025-10-14T05:19:08","slug":"poklicna-orientacija","status":"publish","type":"page","link":"https:\/\/www.os-dragatus.si\/?page_id=18501","title":{"rendered":"Karierna orientacija"},"content":{"rendered":"<p><span style=\"color: #993300\"><strong><span style=\"color: #cb8960\">ROKOVNIK ZA VPIS V SREDNJE \u0160OLE ZA \u0160OLSKO LETO 2026\/2027<\/span><\/strong><\/span><\/p>\n<table width=\"650\">\n<tbody>\n<tr>\n<td width=\"168\">do 13. 2. 2026<\/td>\n<td width=\"482\">Razpis za vpis v srednje \u0161ole 2026\/2027 (Internet)<\/td>\n<\/tr>\n<tr>\n<td width=\"168\">13. 2. 2026, 14. 2. 2026<\/td>\n<td width=\"482\">Informativni dnevi v srednjih \u0161olah in v dija\u0161kih domovih<\/td>\n<\/tr>\n<tr>\n<td width=\"168\">Do 4. 3. 2026<\/td>\n<td width=\"482\">Prijava za opravljanje preizkusa posebne nadarjenosti, znanja in spretnosti za kandidate, ki se \u017eelijo vpisati v srednje\u0161olske programe, za katere je to posebni vpisni pogoj ter posredovanje dokazil o izpolnjevanju posebnega vpisnega pogoja za program \u0161portnega oddelka gimnazije.<\/td>\n<\/tr>\n<tr>\n<td width=\"168\">7. 3. 2026\u201521. 3. 2026<\/p>\n<p>&nbsp;<\/td>\n<td width=\"482\">Opravljanje preizkusov posebnih nadarjenosti, znanja in spretnosti ter ugotavljanje izpolnjevanja posebnega vpisnega pogoja kandidatov za \u0161portne oddelke programa gimnazije.<\/td>\n<\/tr>\n<tr>\n<td width=\"168\">Do 27. 3. 2026<\/td>\n<td width=\"482\">Posredovanje potrdil o opravljenih preizkusih posebne nadarjenosti, znanja in spretnosti ter izpolnjevanju posebnega vpisnega pogoja za program \u0161portnega oddelka gimnazije.<\/td>\n<\/tr>\n<tr>\n<td width=\"168\">Do 2. 4. 2026<\/td>\n<td width=\"482\">Prijavljanje za vpis v 1. letnik S\u0160 za \u0161ol. leto 2026\/2027.<\/td>\n<\/tr>\n<tr>\n<td width=\"168\">9. 4. 2026<\/p>\n<p>(do 16.00)<\/td>\n<td width=\"482\">Javna objava \u0161tevil\u010dnega stanja prijav (spletna stran MIZ\u0160)<\/td>\n<\/tr>\n<tr>\n<td width=\"168\">Do 20. 4. 2026<\/td>\n<td width=\"482\">Javna obravnava sprememb obsega vpisa in stanja prijav (spletna stran MIZ\u0160)<\/td>\n<\/tr>\n<tr>\n<td width=\"168\">Do 6. 5. 2026<\/p>\n<p>(do 15.00)<\/td>\n<td width=\"482\">Morebitni prenosi prijav za vpis v S\u0160.<\/td>\n<\/tr>\n<tr>\n<td width=\"168\">Do 1. 6. 2026<\/td>\n<td width=\"482\">Javna objava omejitev vpisa (spletna stran)<\/td>\n<\/tr>\n<tr>\n<td width=\"168\">Do 5. 6. 2026<\/td>\n<td width=\"482\">Obve\u0161\u010danje u\u010dencev o omejitvah vpisa.<\/td>\n<\/tr>\n<tr>\n<td width=\"168\">15. 6. 2026<\/td>\n<td width=\"482\">Razdelitev zaklju\u010dnih spri\u010deval u\u010dencem 9. razreda.<\/td>\n<\/tr>\n<tr>\n<td width=\"168\">16. 6. 2026\u221219. 6. 2026 (do 14.00)<\/td>\n<td width=\"482\">Vpis<\/td>\n<\/tr>\n<tr>\n<td width=\"168\">Do 31. 8. 2026<\/td>\n<td width=\"482\">Vpis u\u010dencev na srednje \u0161ole, ki imajo \u0161e prosta mesta \u2026<\/td>\n<\/tr>\n<\/tbody>\n<\/table>\n<p><span style=\"color: #cb8960\"><strong>VE\u010c INFORMACIJ NA SPODNJIH POVEZAVAH<\/strong><\/span><\/p>\n<p><a href=\"https:\/\/srednjesole.aktualno.si\/\"><img loading=\"lazy\" decoding=\"async\" class=\"alignleft size-medium wp-image-37009\" src=\"https:\/\/www.os-dragatus.si\/files\/2025\/02\/srednjesolelogo-400x98.png\" alt=\"\" width=\"400\" height=\"98\"\/><\/a><\/p>\n<p>&nbsp;<\/p>\n<p>&nbsp;<\/p>\n<p>&nbsp;<\/p>\n<p><a href=\"https:\/\/srednjesole.aktualno.si\/\">SrednjeSole.si<\/a><\/p>\n<p><a href=\"http:\/\/www.ess.gov.si\/ncips\/cips\/opisi_poklicev\" target=\"_blank\" rel=\"noopener noreferrer\">spletna stran&nbsp;<\/a>z obilo informacij o posameznih poklicih;<\/p>\n<p><a href=\"http:\/\/www.mojaizbira.si\/\" target=\"_blank\" rel=\"noopener noreferrer\">spletna stran<\/a>, ki vam bo v veliko pomo\u010d vam pri odlo\u010danju o nadaljnji poklicni, izobra\u017eevalni poti in seznanjanju z novostmi; kliknite na zavihek \u00bbKa\u017eipot\u00ab in ponudile se vam bodo mo\u017enosti iskanja po izvajalcih, programih, poklicih in u\u010dnih mestih;<\/p>\n<p><a href=\"http:\/\/www.mizs.gov.si\/si\/delovna_podrocja\/direktorat_za_srednje_in_visje_solstvo_ter_izobrazevanje_odraslih\/srednjesolsko_izobrazevanje\/vpis_v_srednje_sole\/\" target=\"_blank\" rel=\"noopener noreferrer\">spletna stran<\/a>&nbsp;o organizaciji srednje\u0161olskega izobra\u017eevanja, o srednje\u0161olskih programih ter o postopku vpisa v srednje \u0161ole (rokovnik, razpis za vpis,&nbsp; obrazci , merila posameznih \u0161ol);<\/p>\n<p><a href=\"http:\/\/www.mddsz.gov.si\/si\/delovna_podrocja\/trg_dela_in_zaposlovanje\/stipendije\/\" target=\"_blank\" rel=\"noopener noreferrer\">spletna stran<\/a>&nbsp;o \u0161tipendiranju (dr\u017eavne, kadrovske in Zoisove \u0161tipendije, kdo je upravi\u010den do \u0161tipendije, zakonske osnove);<\/p>\n<p><a href=\"http:\/\/www.sklad-kadri.si\/si\/stipendije\/\" target=\"_blank\" rel=\"noopener noreferrer\">spletna stran<\/a>&nbsp;Javnega sklada RS za razvoj kadrov in&nbsp; \u0161tipendiranje; na omenjenih straneh so na voljo tudi obrazci, ki jih je potrebno predlo\u017eiti, kadar uveljavljate pravico do \u0161tipendije;<\/p>\n<div>\n<div><a href=\"http:\/\/www.dijaski.net\/srednje-sole\/iskalnik-srednjesolskih-programov.html\" target=\"_blank\" rel=\"noopener noreferrer\">spletna stran<\/a>&nbsp;DIJASKI.NET je pripravila nov iskalnik srednje\u0161olskih programov v Sloveniji, informacije o mo\u017enostih pridobitve razli\u010dnih \u0161tipendij in informacije o pogojih za sprem v dija\u0161ki dom; Informacije so a\u017eurne in to\u010dne \u2013 izkoristi prilo\u017enost in si oglej njihovo spletno stran.<\/div>\n<\/div>\n","protected":false},"excerpt":{"rendered":"<p>ROKOVNIK ZA VPIS V SREDNJE \u0160OLE ZA \u0160OLSKO LETO 2026\/2027 do 13. 2. 2026 Razpis za vpis v srednje \u0161ole 2026\/2027 (Internet) 13. 2. 2026, 14. 2. 2026 Informativni dnevi v srednjih \u0161olah in v dija\u0161kih domovih Do 4. 3. 2026 Prijava za opravljanje preizkusa posebne nadarjenosti, znanja in spretnosti za kandidate, ki se \u017eelijo [&hellip;]<\/p>\n","protected":false},"author":1706,"featured_media":0,"parent":0,"menu_order":0,"comment_status":"closed","ping_status":"closed","template":"","meta":{"_et_pb_use_builder":"","_et_pb_old_content":"","_et_gb_content_width":"","ngg_post_thumbnail":0,"footnotes":"","_expiration-date-status":"","_expiration-date":0,"_expiration-date-type":"","_expiration-date-categories":[],"_expiration-date-options":[]},"class_list":["post-18501","page","type-page","status-publish","hentry"],"_links":{"self":[{"href":"https:\/\/www.os-dragatus.si\/index.php?rest_route=\/wp\/v2\/pages\/18501","targetHints":{"allow":["GET"]}}],"collection":[{"href":"https:\/\/www.os-dragatus.si\/index.php?rest_route=\/wp\/v2\/pages"}],"about":[{"href":"https:\/\/www.os-dragatus.si\/index.php?rest_route=\/wp\/v2\/types\/page"}],"author":[{"embeddable":true,"href":"https:\/\/www.os-dragatus.si\/index.php?rest_route=\/wp\/v2\/users\/1706"}],"replies":[{"embeddable":true,"href":"https:\/\/www.os-dragatus.si\/index.php?rest_route=%2Fwp%2Fv2%2Fcomments&post=18501"}],"version-history":[{"count":15,"href":"https:\/\/www.os-dragatus.si\/index.php?rest_route=\/wp\/v2\/pages\/18501\/revisions"}],"predecessor-version":[{"id":39662,"href":"https:\/\/www.os-dragatus.si\/index.php?rest_route=\/wp\/v2\/pages\/18501\/revisions\/39662"}],"wp:attachment":[{"href":"https:\/\/www.os-dragatus.si\/index.php?rest_route=%2Fwp%2Fv2%2Fmedia&parent=18501"}],"curies":[{"name":"wp","href":"https:\/\/api.w.org\/{rel}","templated":true}]}}