{"id":1007,"date":"2014-12-22T13:49:35","date_gmt":"2014-12-22T12:49:35","guid":{"rendered":"http:\/\/os-dragatus.splet.arnes.si\/?page_id=1007"},"modified":"2022-11-15T18:27:27","modified_gmt":"2022-11-15T17:27:27","slug":"koristne-povezave","status":"publish","type":"page","link":"https:\/\/www.os-dragatus.si\/?page_id=1007","title":{"rendered":"Koristne povezave"},"content":{"rendered":"<p><span style=\"font-family: verdana,geneva;font-size: 12pt\"><a href=\"http:\/\/www.mizs.gov.si\/\" target=\"_blank\" rel=\"noopener\">MINISTRSTVO ZA IZOBRA\u017dEVANJE, ZNANOST IN \u0160PORT<\/a><\/span><\/p>\n<p><span style=\"font-family: verdana,geneva;font-size: 12pt\"><a href=\"http:\/\/www.zrss.si\/\" target=\"_blank\" rel=\"noopener\">ZAVOD REPUBLIKE SLOVENIJE ZA \u0160OLSTVO<\/a><\/span><\/p>\n<p><span style=\"font-family: verdana,geneva;font-size: 12pt\"><a href=\"http:\/\/www.crnomelj.si\/\" target=\"_blank\" rel=\"noopener\">OB\u010cINA \u010cRNOMELJ<\/a><\/span><\/p>\n<p><span style=\"font-family: verdana,geneva;font-size: 12pt\"><a href=\"http:\/\/www.osvinica.si\/\" target=\"_blank\" rel=\"noopener\">O\u0160 VINICA<\/a><\/span><\/p>\n<p><span style=\"font-family: verdana,geneva;font-size: 12pt\"><a href=\"http:\/\/www.os-loka-crnomelj.si\/\" target=\"_blank\" rel=\"noopener\">O\u0160 LOKA \u010cRNOMELJ<\/a><\/span><\/p>\n<p><span style=\"font-family: verdana,geneva;font-size: 12pt\"><a href=\"http:\/\/www.osmjc.si\/\" target=\"_blank\" rel=\"noopener\">O\u0160 MIRANA JARCA \u010cRNOMELJ<\/a><\/span><\/p>\n<p><span style=\"font-family: verdana,geneva;font-size: 12pt\"><a href=\"http:\/\/os-stari-trg-ok.si\/\" target=\"_blank\" rel=\"noopener\">O\u0160 STARI TRG OB KOLPI<\/a><\/span><\/p>\n<p><span style=\"font-family: verdana,geneva;font-size: 12pt\"><a href=\"http:\/\/www.osmsn.si\/\" target=\"_blank\" rel=\"noopener\">O\u0160 MILKE \u0160OBAR NATA\u0160E \u010cRNOMELJ <\/a><\/span><\/p>\n<p><span style=\"font-family: verdana,geneva;font-size: 12pt\"><a href=\"http:\/\/www.osbos.si\/\" target=\"_blank\" rel=\"noopener\">O\u0160 BELOKRANJSKEGA ODREDA SEMI\u010c<\/a><\/span><\/p>\n<p><span style=\"font-family: verdana,geneva;font-size: 12pt\"><a href=\"http:\/\/www.ospodzemelj.si\/\" target=\"_blank\" rel=\"noopener\">O\u0160 PODZEMELJ<\/a><\/span><\/p>\n<p><span style=\"font-family: verdana,geneva;font-size: 12pt\"><a href=\"http:\/\/www.osmetlika.si\/\" target=\"_blank\" rel=\"noopener\">O\u0160 METLIKA<\/a><\/span><\/p>\n<p><span style=\"font-family: verdana,geneva;font-size: 12pt\"><a href=\"https:\/\/www.sc-nm.si\/\" target=\"_blank\" rel=\"noopener\">\u0160OLSKI CENTER NOVO MESTO<\/a><\/span><\/p>\n<p><span style=\"font-family: verdana,geneva;font-size: 12pt\"><a href=\"http:\/\/www.ss-crnomelj.si\/\" target=\"_blank\" rel=\"noopener\">SREDNJA \u0160OLA \u010cRNOMELJ<\/a><\/span><\/p>\n<p><span style=\"font-family: verdana,geneva;font-size: 12pt\"><a href=\"http:\/\/www.csod.si\/\" target=\"_blank\" rel=\"noopener\">CENTER \u0160OLSKIH IN OB\u0160OLSKIH DEJAVNOSTI<\/a><\/span><\/p>\n<p><span style=\"font-family: verdana,geneva;font-size: 12pt\"><a href=\"http:\/\/www.arnes.si\/\" target=\"_blank\" rel=\"noopener\">ARNES &#8211; AKADEMSKA IN RAZISKOVALNA MRE\u017dA SLOVENIJE<\/a><\/span><\/p>\n<p><span style=\"font-family: verdana,geneva;font-size: 12pt\"><a href=\"https:\/\/www.easistent.com\/\" target=\"_blank\" rel=\"noopener\">E-ASISTENT<\/a><\/span><\/p>\n","protected":false},"excerpt":{"rendered":"<p>MINISTRSTVO ZA IZOBRA\u017dEVANJE, ZNANOST IN \u0160PORT ZAVOD REPUBLIKE SLOVENIJE ZA \u0160OLSTVO OB\u010cINA \u010cRNOMELJ O\u0160 VINICA O\u0160 LOKA \u010cRNOMELJ O\u0160 MIRANA JARCA \u010cRNOMELJ O\u0160 STARI TRG OB KOLPI O\u0160 MILKE \u0160OBAR NATA\u0160E \u010cRNOMELJ O\u0160 BELOKRANJSKEGA ODREDA SEMI\u010c O\u0160 PODZEMELJ O\u0160 METLIKA \u0160OLSKI CENTER NOVO MESTO SREDNJA \u0160OLA \u010cRNOMELJ CENTER \u0160OLSKIH IN OB\u0160OLSKIH DEJAVNOSTI ARNES &#8211; AKADEMSKA [&hellip;]<\/p>\n","protected":false},"author":1706,"featured_media":0,"parent":0,"menu_order":21,"comment_status":"closed","ping_status":"closed","template":"","meta":{"_et_pb_use_builder":"","_et_pb_old_content":"","_et_gb_content_width":"","ngg_post_thumbnail":0,"footnotes":"","_expiration-date-status":"saved","_expiration-date":0,"_expiration-date-type":"","_expiration-date-categories":[],"_expiration-date-options":[]},"class_list":["post-1007","page","type-page","status-publish","hentry"],"_links":{"self":[{"href":"https:\/\/www.os-dragatus.si\/index.php?rest_route=\/wp\/v2\/pages\/1007","targetHints":{"allow":["GET"]}}],"collection":[{"href":"https:\/\/www.os-dragatus.si\/index.php?rest_route=\/wp\/v2\/pages"}],"about":[{"href":"https:\/\/www.os-dragatus.si\/index.php?rest_route=\/wp\/v2\/types\/page"}],"author":[{"embeddable":true,"href":"https:\/\/www.os-dragatus.si\/index.php?rest_route=\/wp\/v2\/users\/1706"}],"replies":[{"embeddable":true,"href":"https:\/\/www.os-dragatus.si\/index.php?rest_route=%2Fwp%2Fv2%2Fcomments&post=1007"}],"version-history":[{"count":11,"href":"https:\/\/www.os-dragatus.si\/index.php?rest_route=\/wp\/v2\/pages\/1007\/revisions"}],"predecessor-version":[{"id":28280,"href":"https:\/\/www.os-dragatus.si\/index.php?rest_route=\/wp\/v2\/pages\/1007\/revisions\/28280"}],"wp:attachment":[{"href":"https:\/\/www.os-dragatus.si\/index.php?rest_route=%2Fwp%2Fv2%2Fmedia&parent=1007"}],"curies":[{"name":"wp","href":"https:\/\/api.w.org\/{rel}","templated":true}]}}